{"id":100,"date":"2018-12-28T18:39:14","date_gmt":"2018-12-28T18:39:14","guid":{"rendered":"https:\/\/haldus.net.ee\/proov\/toode\/kasvuhoone-vihmaveetorud\/"},"modified":"2021-12-07T20:57:35","modified_gmt":"2021-12-07T17:57:35","slug":"kasvuhoone-vihmaveetorud","status":"publish","type":"product","link":"https:\/\/vitavia.ee\/kasvuhoone\/toode\/kasvuhoone-vihmaveetorud\/","title":{"rendered":"Kasvuhoone vihmaveetorud"},"content":{"rendered":"<h4><strong>Vihmaveetorud vihmavee juhtimiseks kasvuhoone katuselt.<\/strong><\/h4>\n<p>L\u00fchikesed vihmaveetorud kasvuhoone vihmaveerennide otsa.<\/p>\n<p>Komplektis 2 l\u00fchikest veetoru, et vesi veekogumisn\u00f5usse suunata.<\/p>\n","protected":false},"excerpt":{"rendered":"<p>Vihmaveetorud vihmavee juhtimiseks kasvuhoone katuselt. L\u00fchikesed vihmaveetorud kasvuhoone vihmaveerennide otsa. Komplektis 2 l\u00fchikest veetoru, et vesi veekogumisn\u00f5usse suunata.<\/p>\n","protected":false},"featured_media":3196,"comment_status":"closed","ping_status":"closed","template":"","meta":[],"product_brand":[],"product_cat":[115],"product_tag":[],"class_list":{"0":"post-100","1":"product","2":"type-product","3":"status-publish","4":"has-post-thumbnail","6":"product_cat-kasvuhoone-lisavarustus","7":"infinite-scroll-item","8":"no-featured-image-padding","9":"sales-flash-overlay","10":"woocommerce-text-align-left","11":"woocommerce-image-align-center","12":"do-quantity-buttons","14":"first","15":"instock","16":"shipping-taxable","17":"purchasable","18":"product-type-simple"},"_links":{"self":[{"href":"https:\/\/vitavia.ee\/kasvuhoone\/wp-json\/wp\/v2\/product\/100","targetHints":{"allow":["GET"]}}],"collection":[{"href":"https:\/\/vitavia.ee\/kasvuhoone\/wp-json\/wp\/v2\/product"}],"about":[{"href":"https:\/\/vitavia.ee\/kasvuhoone\/wp-json\/wp\/v2\/types\/product"}],"replies":[{"embeddable":true,"href":"https:\/\/vitavia.ee\/kasvuhoone\/wp-json\/wp\/v2\/comments?post=100"}],"wp:featuredmedia":[{"embeddable":true,"href":"https:\/\/vitavia.ee\/kasvuhoone\/wp-json\/wp\/v2\/media\/3196"}],"wp:attachment":[{"href":"https:\/\/vitavia.ee\/kasvuhoone\/wp-json\/wp\/v2\/media?parent=100"}],"wp:term":[{"taxonomy":"product_brand","embeddable":true,"href":"https:\/\/vitavia.ee\/kasvuhoone\/wp-json\/wp\/v2\/product_brand?post=100"},{"taxonomy":"product_cat","embeddable":true,"href":"https:\/\/vitavia.ee\/kasvuhoone\/wp-json\/wp\/v2\/product_cat?post=100"},{"taxonomy":"product_tag","embeddable":true,"href":"https:\/\/vitavia.ee\/kasvuhoone\/wp-json\/wp\/v2\/product_tag?post=100"}],"curies":[{"name":"wp","href":"https:\/\/api.w.org\/{rel}","templated":true}]}}