{"id":10114,"date":"2020-12-21T15:26:51","date_gmt":"2020-12-21T12:26:51","guid":{"rendered":"https:\/\/vitavia.ee\/kasvuhoone\/?post_type=product&#038;p=10114"},"modified":"2024-04-18T12:18:45","modified_gmt":"2024-04-18T09:18:45","slug":"kihtplastiku-perforeerimata-otsateip","status":"publish","type":"product","link":"https:\/\/vitavia.ee\/kasvuhoone\/toode\/kihtplastiku-perforeerimata-otsateip\/","title":{"rendered":"Kihtplastiku perforeerimata otsateip"},"content":{"rendered":"<h5><strong>Ilmastikukindel perforeerimata teip \u2013 kihtplastiku \u00fclemise lahtise otsa sulgemiseks:<\/strong><\/h5>\n<ul>\n<li>laius 28 mm, 6,5 meetrit \u2013 hind 15 eur<\/li>\n<li>laius 28 mm, 33 meetrit \u2013 hind 35 eur<\/li>\n<li>laius 38 mm, 6,5 meetrit \u2013 hind 19 eur<\/li>\n<li>laius 38 mm, 33 meetrit \u2013 hind 45 eur<\/li>\n<\/ul>\n<p>U-liist 6 mm pol\u00fckarbonaadile teibi kaitseks pikkusega 2100 mm \u2013\u00a0 6 eur<\/p>\n<div>Kasvuhoonel olevate pol\u00fckarbonaadi paneelidel soovitame kindlasti lahtised otsad alati kinni teipida, siis ei p\u00e4\u00e4se tolm, mustus, putukad ja elama hakkav loodus sinna vahele ning paneelid kestavad kaua ilusad.<\/div>\n<div>\u00dclemised otsad soovitame kinni panna mittehingava teibiga ning alumised <span class=\"il\">perforeeritud<\/span> ja hingava teibiga (et niiskus v\u00e4lja p\u00e4\u00e4seks).<\/div>\n<div>Alumise ja hingava teibi otsa soovitame panna kaitseks ka U-liistu.<\/div>\n<p><a href=\"https:\/\/www.pinterest.com\/mwlconstruct\/kasvuhoone\/\">Pinterest<\/a><br \/>\n<a href=\"http:\/\/www.vitavia.ee\/\" rel=\"nofollow\">Vitavia<\/a><\/p>\n","protected":false},"excerpt":{"rendered":"<p>Ilmastikukindel perforeerimata teip \u2013 kihtplastiku \u00fclemise lahtise otsa sulgemiseks: laius 28 mm, 6,5 meetrit \u2013 hind 15 eur laius 28 mm, 33 meetrit \u2013 hind 35 eur laius 38 mm, 6,5 meetrit \u2013 hind 19 eur laius 38 mm, 33 meetrit \u2013 hind 45 eur U-liist 6 mm pol\u00fckarbonaadile teibi kaitseks pikkusega 2100 mm \u2013\u00a0 &#8230; <\/p>\n<p class=\"read-more-container\"><a title=\"Kihtplastiku perforeerimata otsateip\" class=\"read-more button\" href=\"https:\/\/vitavia.ee\/kasvuhoone\/toode\/kihtplastiku-perforeerimata-otsateip\/#more-10114\" aria-label=\"Read more about Kihtplastiku perforeerimata otsateip\">Read more<\/a><\/p>\n","protected":false},"featured_media":10115,"comment_status":"closed","ping_status":"closed","template":"","meta":[],"product_brand":[],"product_cat":[115],"product_tag":[],"class_list":{"0":"post-10114","1":"product","2":"type-product","3":"status-publish","4":"has-post-thumbnail","6":"product_cat-kasvuhoone-lisavarustus","7":"infinite-scroll-item","8":"no-featured-image-padding","9":"sales-flash-overlay","10":"woocommerce-text-align-left","11":"woocommerce-image-align-center","12":"do-quantity-buttons","14":"first","15":"instock","16":"shipping-taxable","17":"purchasable","18":"product-type-simple"},"_links":{"self":[{"href":"https:\/\/vitavia.ee\/kasvuhoone\/wp-json\/wp\/v2\/product\/10114","targetHints":{"allow":["GET"]}}],"collection":[{"href":"https:\/\/vitavia.ee\/kasvuhoone\/wp-json\/wp\/v2\/product"}],"about":[{"href":"https:\/\/vitavia.ee\/kasvuhoone\/wp-json\/wp\/v2\/types\/product"}],"replies":[{"embeddable":true,"href":"https:\/\/vitavia.ee\/kasvuhoone\/wp-json\/wp\/v2\/comments?post=10114"}],"wp:featuredmedia":[{"embeddable":true,"href":"https:\/\/vitavia.ee\/kasvuhoone\/wp-json\/wp\/v2\/media\/10115"}],"wp:attachment":[{"href":"https:\/\/vitavia.ee\/kasvuhoone\/wp-json\/wp\/v2\/media?parent=10114"}],"wp:term":[{"taxonomy":"product_brand","embeddable":true,"href":"https:\/\/vitavia.ee\/kasvuhoone\/wp-json\/wp\/v2\/product_brand?post=10114"},{"taxonomy":"product_cat","embeddable":true,"href":"https:\/\/vitavia.ee\/kasvuhoone\/wp-json\/wp\/v2\/product_cat?post=10114"},{"taxonomy":"product_tag","embeddable":true,"href":"https:\/\/vitavia.ee\/kasvuhoone\/wp-json\/wp\/v2\/product_tag?post=10114"}],"curies":[{"name":"wp","href":"https:\/\/api.w.org\/{rel}","templated":true}]}}