{"id":10405,"date":"2021-02-25T12:37:53","date_gmt":"2021-02-25T09:37:53","guid":{"rendered":"https:\/\/vitavia.ee\/kasvuhoone\/?post_type=product&#038;p=10405"},"modified":"2026-04-09T09:41:33","modified_gmt":"2026-04-09T06:41:33","slug":"automaatne-kuljeakna-avaja","status":"publish","type":"product","link":"https:\/\/vitavia.ee\/kasvuhoone\/toode\/automaatne-kuljeakna-avaja\/","title":{"rendered":"Automaatne k\u00fcljeakna avaja"},"content":{"rendered":"<p><strong>Automaatne k\u00fcljeakna avaja mudelitele Hera 9000 ja Freya<\/strong><\/p>\n<p>Akna automaatne avaja ei vaja t\u00f6\u00f6tamiseks elektrit.<\/p>\n<p>Automaatika t\u00f5stej\u00f5ud on 8 kg ja avanemisk\u00f5rgus 40 cm.<\/p>\n<p>Lisa silinder\u00a0<strong>29 eur<\/strong><\/p>\n<p><a href=\"https:\/\/www.pinterest.com\/mwlconstruct\/kasvuhoone\/\">Pinterest<\/a><br \/>\n<a href=\"http:\/\/www.vitavia.ee\/\" rel=\"nofollow\">Vitavia<\/a><\/p>\n","protected":false},"excerpt":{"rendered":"<p>Automaatne k\u00fcljeakna avaja mudelitele Hera 9000 ja Freya Akna automaatne avaja ei vaja t\u00f6\u00f6tamiseks elektrit. Automaatika t\u00f5stej\u00f5ud on 8 kg ja avanemisk\u00f5rgus 40 cm. Lisa silinder\u00a029 eur Pinterest Vitavia<\/p>\n","protected":false},"featured_media":10406,"comment_status":"closed","ping_status":"closed","template":"","meta":[],"product_brand":[],"product_cat":[115],"product_tag":[],"class_list":{"0":"post-10405","1":"product","2":"type-product","3":"status-publish","4":"has-post-thumbnail","6":"product_cat-kasvuhoone-lisavarustus","7":"infinite-scroll-item","8":"no-featured-image-padding","9":"sales-flash-overlay","10":"woocommerce-text-align-left","11":"woocommerce-image-align-center","12":"do-quantity-buttons","14":"first","15":"instock","16":"shipping-taxable","17":"purchasable","18":"product-type-simple"},"_links":{"self":[{"href":"https:\/\/vitavia.ee\/kasvuhoone\/wp-json\/wp\/v2\/product\/10405","targetHints":{"allow":["GET"]}}],"collection":[{"href":"https:\/\/vitavia.ee\/kasvuhoone\/wp-json\/wp\/v2\/product"}],"about":[{"href":"https:\/\/vitavia.ee\/kasvuhoone\/wp-json\/wp\/v2\/types\/product"}],"replies":[{"embeddable":true,"href":"https:\/\/vitavia.ee\/kasvuhoone\/wp-json\/wp\/v2\/comments?post=10405"}],"wp:featuredmedia":[{"embeddable":true,"href":"https:\/\/vitavia.ee\/kasvuhoone\/wp-json\/wp\/v2\/media\/10406"}],"wp:attachment":[{"href":"https:\/\/vitavia.ee\/kasvuhoone\/wp-json\/wp\/v2\/media?parent=10405"}],"wp:term":[{"taxonomy":"product_brand","embeddable":true,"href":"https:\/\/vitavia.ee\/kasvuhoone\/wp-json\/wp\/v2\/product_brand?post=10405"},{"taxonomy":"product_cat","embeddable":true,"href":"https:\/\/vitavia.ee\/kasvuhoone\/wp-json\/wp\/v2\/product_cat?post=10405"},{"taxonomy":"product_tag","embeddable":true,"href":"https:\/\/vitavia.ee\/kasvuhoone\/wp-json\/wp\/v2\/product_tag?post=10405"}],"curies":[{"name":"wp","href":"https:\/\/api.w.org\/{rel}","templated":true}]}}