{"id":10504,"date":"2021-03-10T10:03:09","date_gmt":"2021-03-10T07:03:09","guid":{"rendered":"https:\/\/vitavia.ee\/kasvuhoone\/?post_type=product&#038;p=10504"},"modified":"2025-02-13T12:00:37","modified_gmt":"2025-02-13T09:00:37","slug":"kasvuhoone-r2-laiusega-232-m","status":"publish","type":"product","link":"https:\/\/vitavia.ee\/kasvuhoone\/toode\/kasvuhoone-r2-laiusega-232-m\/","title":{"rendered":"Kasvuhoone R2H laiusega 2,32 m"},"content":{"rendered":"<p>Atraktiivne ja kvaliteetne kasvuhoone aiandushuvilistele, kes v\u00f5tavad kasvuhoonet\u00a0<strong>lisaks praktilisele vajadusele<\/strong>\u00a0ka\u00a0<strong>aeda kaunistava ja sinna harmooniliselt sobivana<\/strong>.<br \/>\nMeie\u00a0<strong>k\u00f5rgklassi kasvuhooned<\/strong>\u00a0sobivad ideaalselt igale aednikule \u2013 nii neile, kes seal ainult k\u00f6\u00f6givilju kasvatada plaanivad, kui ka neile, kes seda lisaks ka puhke- ja l\u00f5\u00f5gastuskohana kasutada soovivad.<br \/>\nJa seda k\u00f5ike\u00a0<strong>parima kvaliteedi<\/strong>\u00a0ja hinna suhtega!<br \/>\n<strong>Karkassi v\u00e4rv:<\/strong>\u00a0kasvuhoone on saadaval nii alumiinium halli kui pulberv\u00e4rvitud musta karkassiga. Lisatasu eest on v\u00f5imalik kasvuhoone karkassi v\u00e4rvime ka teistesse RAL- toonidesse.<\/p>\n<p>M\u00d5\u00d5DUD JA INFO:<\/p>\n<ul>\n<li style=\"list-style-type: none;\">\n<ul>\n<li>Klassikaline kasvuhoone laiusega 232 cm, mida on saadaval 7 erinevas pikkuses, ehk 7 erineva suurusega.<\/li>\n<li>\u00dche ukse m\u00f5\u00f5dud on 185 x 68 cm. Kasvuhoonele on v\u00f5imalik tellida lisauks tagaseina. Lisauksed saab tellida ka k\u00fcljele ja siis on \u00fche ukse m\u00f5\u00f5dud 165 cm x 74 cm.<\/li>\n<li>Suured katuseaknad 84 cm x 73 cm tagavad hea \u00f5huvahetuse. Katuseakende arv s\u00f5ltub kasvuhoone suurusest. Vajaduse saab tellida lisa katuseaknaid.<\/li>\n<li>Katuseharja k\u00f5rgus koos alusraamiga on 235 cm ning k\u00fclgseina k\u00f5rgus koos alusraamiga on 179 cm. Kaasas on kaks alumiiniumhalli vihmaveetoru.<\/li>\n<li>Kasvuhoonel on 12 aastane tehasepoolne garantii.<\/li>\n<\/ul>\n<\/li>\n<\/ul>\n<p><strong>Kasvuhoonet saab kinnitada alusraamiga otse maapinnale, \u00fcksk\u00f5ik millisele ettevalmistatud kivi- v\u00f5i puitpinnale ning kindlasti ka betoonist v\u00f5i plokkidest vundamendile.<\/strong><br \/>\nTugev alumiiniumist alusraam annab kasvuhoonele suurema stabiilsuse ning teeb kokkupanemise hulga lihtsamaks. Alusraam on tugevast karpprofiilist ja 2 &#8211; kambriline, mis annab talle eriti suure j\u00e4ikuse n\u00e4iteks pakasekergete eest. Alusraamil on k\u00fcljes ankruvaiad, mida saab maasse kaevata v\u00f5i segusse valada. Sellisena v\u00f5ib alusraam ka asendada eraldi vundamendi tegemist.<\/p>\n<p>Kasvuhoone <strong>4 mm karastatud klaas<\/strong> on kuni 7 korda tugevam kui tavaline kasvuhooneklaas. See t\u00e4hendab suuremat turvalisust montaa\u017eil ja hilisemal kasutamisel. Kui klaas peaks purunema, siis ei teki ohtlikke teravaid kilde vaid klaasipuru nagu autoklaasi purunemisel. See puru ei vigasta ning eri riku pinnast kasvuhoones.<\/p>\n<p><img loading=\"lazy\" decoding=\"async\" class=\"alignnone size-medium wp-image-10160\" src=\"https:\/\/mwlconstruct.eu\/e-pood\/wp-content\/uploads\/2020\/10\/Tugeva_raamiga_kasvuhoone-300x202.jpg\" alt=\"\" width=\"300\" height=\"202\" \/><a href=\"https:\/\/mwlconstruct.eu\/e-pood\/wp-content\/uploads\/2020\/10\/ACD-kasvuhooned-ja-aiapaviljonid.jpg\"><img loading=\"lazy\" decoding=\"async\" class=\"alignnone wp-image-10172 size-medium\" src=\"https:\/\/mwlconstruct.eu\/e-pood\/wp-content\/uploads\/2020\/10\/ACD-kasvuhooned-ja-aiapaviljonid-300x225.jpg\" alt=\"\" width=\"300\" height=\"225\" \/><\/a><\/p>\n<table id=\"customers\">\n<tbody>\n<tr>\n<td class=\"r3ptp\" colspan=\"4\">R3 t\u00fc\u00fcpi kasvuhoonel on 7 erineva pikkusega mudelit:<\/td>\n<\/tr>\n<tr>\n<th>Mudel<\/th>\n<th>Pikkus<\/th>\n<th>M\u00b2<\/th>\n<th>Tuulutusluuk<\/th>\n<\/tr>\n<tr>\n<td>R204H<\/td>\n<td>2,98 m<\/td>\n<td>6,91<\/td>\n<td>1<\/td>\n<\/tr>\n<tr>\n<td>R205H<\/td>\n<td>3,71 m<\/td>\n<td>8,61<\/td>\n<td>1<\/td>\n<\/tr>\n<tr>\n<td>R206H<\/td>\n<td>4,45 m<\/td>\n<td>10,32<\/td>\n<td>2<\/td>\n<\/tr>\n<tr>\n<td>R207H<\/td>\n<td>5,19 m<\/td>\n<td>12,04<\/td>\n<td>2<\/td>\n<\/tr>\n<tr>\n<td>R208H<\/td>\n<td>5,93 m<\/td>\n<td>13,76<\/td>\n<td>4<\/td>\n<\/tr>\n<tr>\n<td>R209H<\/td>\n<td>6,67 m<\/td>\n<td>15,47<\/td>\n<td>4<\/td>\n<\/tr>\n<tr>\n<td>R210H<\/td>\n<td>7,41 m<\/td>\n<td>17,19<\/td>\n<td>6<\/td>\n<\/tr>\n<\/tbody>\n<\/table>\n","protected":false},"excerpt":{"rendered":"<p>Laius 2,32m x Pikkus 2,98-7,41m=6,91-17,19m\u00b2<\/p>\n","protected":false},"featured_media":10526,"comment_status":"closed","ping_status":"closed","template":"","meta":[],"product_brand":[],"product_cat":[304],"product_tag":[247,248,1511,249,1516,253,254,255,256],"class_list":{"0":"post-10504","1":"product","2":"type-product","3":"status-publish","4":"has-post-thumbnail","6":"product_cat-star","7":"product_tag-kasvuhoone","8":"product_tag-kasvuhooned","9":"product_tag-karastatud-klaas","10":"product_tag-klaaskasvuhoone","11":"product_tag-kuljed-karastatud-klaas-ja-katus-karastatud-jaaklaas","12":"product_tag-kasvumaja","13":"product_tag-kasvumajad","14":"product_tag-triiphoone","15":"product_tag-triiphooned","16":"pa_kattematerjal-kuljed-4-mm-karastatud-klaas-ja-katus-4-mm-karastatud-jaaklaas","17":"pa_kulje-korgus-179-m","18":"pa_laius-232-m","19":"pa_pikkus-593-m","20":"pa_pikkus-298-m","21":"pa_pikkus-667-m","22":"pa_pikkus-741-m","23":"pa_pikkus-445-m","24":"pa_pikkus-371-m","25":"pa_pikkus-519-m","26":"pa_tipu-korgus-235-m","27":"pa_varv-pulbervarvitud-must-ral-9005","28":"pa_varv-pulbervarvitud-teised-ral-varvid","29":"pa_varv-standartne-alumiinium","30":"infinite-scroll-item","31":"no-featured-image-padding","32":"sales-flash-overlay","33":"woocommerce-text-align-left","34":"woocommerce-image-align-center","35":"do-quantity-buttons","37":"first","38":"instock","39":"sale","40":"shipping-taxable","41":"purchasable","42":"product-type-variable","43":"has-default-attributes"},"_links":{"self":[{"href":"https:\/\/vitavia.ee\/kasvuhoone\/wp-json\/wp\/v2\/product\/10504","targetHints":{"allow":["GET"]}}],"collection":[{"href":"https:\/\/vitavia.ee\/kasvuhoone\/wp-json\/wp\/v2\/product"}],"about":[{"href":"https:\/\/vitavia.ee\/kasvuhoone\/wp-json\/wp\/v2\/types\/product"}],"replies":[{"embeddable":true,"href":"https:\/\/vitavia.ee\/kasvuhoone\/wp-json\/wp\/v2\/comments?post=10504"}],"wp:featuredmedia":[{"embeddable":true,"href":"https:\/\/vitavia.ee\/kasvuhoone\/wp-json\/wp\/v2\/media\/10526"}],"wp:attachment":[{"href":"https:\/\/vitavia.ee\/kasvuhoone\/wp-json\/wp\/v2\/media?parent=10504"}],"wp:term":[{"taxonomy":"product_brand","embeddable":true,"href":"https:\/\/vitavia.ee\/kasvuhoone\/wp-json\/wp\/v2\/product_brand?post=10504"},{"taxonomy":"product_cat","embeddable":true,"href":"https:\/\/vitavia.ee\/kasvuhoone\/wp-json\/wp\/v2\/product_cat?post=10504"},{"taxonomy":"product_tag","embeddable":true,"href":"https:\/\/vitavia.ee\/kasvuhoone\/wp-json\/wp\/v2\/product_tag?post=10504"}],"curies":[{"name":"wp","href":"https:\/\/api.w.org\/{rel}","templated":true}]}}