{"id":11,"date":"2015-12-27T22:01:18","date_gmt":"2015-12-27T22:01:18","guid":{"rendered":"https:\/\/haldus.net.ee\/proov\/toode\/kasvuhoone-aiapaviljon-vitavia-hera-9000-m\/"},"modified":"2025-02-04T16:13:47","modified_gmt":"2025-02-04T13:13:47","slug":"kasvuhoone-aiapaviljon-vitavia-hera-9000-m","status":"publish","type":"product","link":"https:\/\/vitavia.ee\/kasvuhoone\/toode\/kasvuhoone-aiapaviljon-vitavia-hera-9000-m\/","title":{"rendered":"Kasvuhoone \/ aiapaviljon Vitavia Hera 9000 M"},"content":{"rendered":"<h3><strong>Vitavia HERA 9000 \u2013 atraktiivne kasvuhoone \/ aiamaja suurendab, kaunistab ja t\u00e4iendab igat aeda.<\/strong><\/h3>\n<p>Ideaalne koht nii puhkamiseks, k\u00fclaliste vastuv\u00f5tuks kui ka taimede kasvatamiseks.<\/p>\n<p><strong>Pindala: 9,0 m2.<\/strong><br \/>\n<strong>Pikkus: 3,3 m<\/strong><br \/>\n<strong>Laius: 3,8 m<br \/>\nK\u00fclje k\u00f5rgus 1,82 m annab piisavalt ruumi, et seal vabalt seista.<\/strong><br \/>\n<strong>Tipu k\u00f5rgus: 2,88 m<\/strong><\/p>\n<h3><strong>Hind sisaldab karkassi, katet ja kolm k\u00fcljeakent.<\/strong><\/h3>\n<ul>\n<li>karkass anodeeritud alumiinium<\/li>\n<li>k\u00fcljed 3mm karastatud klaas<\/li>\n<li>katus 6mm pol\u00fckarbonaat<\/li>\n<li>saadaolevad v\u00e4rvid:\u00a0pulberv\u00e4rvitud must<\/li>\n<li>vihmavee torud ja veerennid<\/li>\n<li>3 k\u00fcljeakent<\/li>\n<li>2 lukustatavat ja vastastikku avanevat l\u00fckandust<\/li>\n<\/ul>\n<p>Karkass on tugevast alumiinium profiilist, mis pulberv\u00e4rvitud mustaks.<\/p>\n<p>V\u00f5imalik tellida erinevat lisavarustust:\u00a0 sisemised riiulid, automaatika, termomeetrid jne.<\/p>\n<h4><strong><a href=\"https:\/\/vitavia.ee\/kasvuhoone\/tootekategooria\/kasvuhoone-lisavarustus\/\" target=\"_blank\" rel=\"noopener noreferrer\">Vaata lisavarustust<\/a><\/strong><\/h4>\n<p><em>Vundament pole kindlalt vajalik, aga soovituslik. Hind ei sisalda vundamendi ehitust ja paigaldust.<br \/>\nTellides paviljonile alusraami, saab seda kinnitada nii murule kui ka m\u00f5nele muule ettevalmistatud pinnale.<br \/>\n<\/em><\/p>\n<p>NB! Kohaletoimetamise postikulu soodsaim hind arvutatakse Teie lisatud aadressi j\u00e4rgi ning saadetakse pakkumine e-meili peale.<\/p>\n<h3><a href=\"https:\/\/youtu.be\/-4zXyeMetnM\" target=\"_blank\" rel=\"noopener noreferrer\">Vitavia tutvustusvideo<\/a><\/h3>\n","protected":false},"excerpt":{"rendered":"<p><span title=\"Vaata k\u00f5iki m\u00f5\u00f5te allpool tabelis\">3,3m x 3,8m = 9m\u00b2<\/span><br \/>\n<a class=\"alus_rm\" href=\"https:\/\/vitavia.ee\/wp-content\/uploads\/2017\/10\/Kasvuhoone-Hera-9000-paigaldusjuhend.pdf#page=12\" target=\"blanc\" rel=\"noopener\"><span class=\"alus_rm_bold\">NB!<\/span> Kasvuhoone alusraami v\u00e4lism\u00f5\u00f5te vaata siit<\/a><br \/>\n<span style=\"color: #f5bd2f;\"><strong>Kuumakse al. 270,83 \u20ac<\/strong><\/span><\/p>\n","protected":false},"featured_media":387,"comment_status":"closed","ping_status":"closed","template":"","meta":[],"product_brand":[],"product_cat":[19],"product_tag":[247,248,249,1511,250,1512,251,252,253,254,257,260],"class_list":{"0":"post-11","1":"product","2":"type-product","3":"status-publish","4":"has-post-thumbnail","6":"product_cat-hera","7":"product_tag-kasvuhoone","8":"product_tag-kasvuhooned","9":"product_tag-klaaskasvuhoone","10":"product_tag-karastatud-klaas","11":"product_tag-aiamaja","12":"product_tag-kuljed-karastatud-klaas-ja-katus-polukarbonaat","13":"product_tag-aiapaviljon","14":"product_tag-klaaspaviljon","15":"product_tag-kasvumaja","16":"product_tag-kasvumajad","17":"product_tag-vitavia","18":"product_tag-hera","19":"pa_kattematerjal-kuljed-3-mm-karastatud-klaas-ja-katus-6-mm-polukarbonaat","20":"pa_kulje-korgus-188-m","21":"pa_laius-33-m","22":"pa_pikkus-383-m","23":"pa_pindala-9-m","24":"pa_pindala_vahemik-5-9-m","25":"pa_tipu-korgus-283-m","26":"pa_varv-must","27":"infinite-scroll-item","28":"no-featured-image-padding","29":"sales-flash-overlay","30":"woocommerce-text-align-left","31":"woocommerce-image-align-center","32":"do-quantity-buttons","34":"first","35":"instock","36":"sale","37":"featured","38":"shipping-taxable","39":"purchasable","40":"product-type-variable"},"_links":{"self":[{"href":"https:\/\/vitavia.ee\/kasvuhoone\/wp-json\/wp\/v2\/product\/11","targetHints":{"allow":["GET"]}}],"collection":[{"href":"https:\/\/vitavia.ee\/kasvuhoone\/wp-json\/wp\/v2\/product"}],"about":[{"href":"https:\/\/vitavia.ee\/kasvuhoone\/wp-json\/wp\/v2\/types\/product"}],"replies":[{"embeddable":true,"href":"https:\/\/vitavia.ee\/kasvuhoone\/wp-json\/wp\/v2\/comments?post=11"}],"wp:featuredmedia":[{"embeddable":true,"href":"https:\/\/vitavia.ee\/kasvuhoone\/wp-json\/wp\/v2\/media\/387"}],"wp:attachment":[{"href":"https:\/\/vitavia.ee\/kasvuhoone\/wp-json\/wp\/v2\/media?parent=11"}],"wp:term":[{"taxonomy":"product_brand","embeddable":true,"href":"https:\/\/vitavia.ee\/kasvuhoone\/wp-json\/wp\/v2\/product_brand?post=11"},{"taxonomy":"product_cat","embeddable":true,"href":"https:\/\/vitavia.ee\/kasvuhoone\/wp-json\/wp\/v2\/product_cat?post=11"},{"taxonomy":"product_tag","embeddable":true,"href":"https:\/\/vitavia.ee\/kasvuhoone\/wp-json\/wp\/v2\/product_tag?post=11"}],"curies":[{"name":"wp","href":"https:\/\/api.w.org\/{rel}","templated":true}]}}