{"id":14,"date":"2015-12-28T00:28:16","date_gmt":"2015-12-28T00:28:16","guid":{"rendered":"https:\/\/haldus.net.ee\/proov\/toode\/kasvuhoone-aiapaviljon-vitavia-sirius-m\/"},"modified":"2024-05-15T10:21:09","modified_gmt":"2024-05-15T07:21:09","slug":"kasvuhoone-aiapaviljon-vitavia-sirius-m","status":"publish","type":"product","link":"https:\/\/vitavia.ee\/kasvuhoone\/toode\/kasvuhoone-aiapaviljon-vitavia-sirius-m\/","title":{"rendered":"Kasvuhoone \/ aiapaviljon Vitavia Sirius M"},"content":{"rendered":"<h3><strong>Vitavia SIRIUS \u2013 sopilise kujuga aiapaviljon v\u00f5i kasvuhoone, mis rikastab sinu aeda.<\/strong><\/h3>\n<p>Ideaalne koht nii puhkamiseks, k\u00fclaliste vastuv\u00f5tuks kui ka taimede kasvatamiseks.<strong><br \/>\n<\/strong><strong><br \/>\nPindala: 13,0 m\u00b2.<\/strong><br \/>\n<strong>Pikkus: 3,84 m<\/strong><br \/>\n<strong>Laius: 3,84 m<br \/>\nK\u00fclje k\u00f5rgus 1,56 m<\/strong><br \/>\n<strong>Tipu k\u00f5rgus: 2,52 m<\/strong><\/p>\n<h3><strong>Hind sisaldab karkassi, alusraami, katet ja neli katuseakent.<\/strong><\/h3>\n<div class=\"wpb_text_column wpb_content_element wpb_animate_when_almost_visible wpb_bottom-to-top wpb_start_animation\">\n<div class=\"wpb_wrapper\">\n<ul>\n<li>katteks 3 mm karastatud klaas<\/li>\n<li>karkass anodeeritud alumiinium<\/li>\n<li>saadaolevad v\u00e4rvid:<br \/>\n\u2013 anodeeritud alumiinium hall<br \/>\n\u2013 pulberv\u00e4rvitud roheline<br \/>\n\u2013 pulberv\u00e4rvitud must<\/li>\n<li>metallist jalgadega alusraam<\/li>\n<li>kummitihendid<\/li>\n<li>vihmavee torud<\/li>\n<li>4 katuseakent<\/li>\n<li>2 vastastikku avanevat l\u00fckandust<\/li>\n<\/ul>\n<\/div>\n<\/div>\n<p>Karkass on anodeeritud alumiiniumist ( tagab alumiiniumi kauakestva ilusa v\u00e4limuse ja vastupidavuse) ja saadaval ka pulberv\u00e4rvituna.<\/p>\n<p>V\u00f5imalik tellida erinevat lisavarustust:<br \/>\n\u2013 katusehari roheline ja must <strong>240 eur<\/strong><br \/>\n\u2013 katuseaken: hall <strong>45 eu<\/strong>r, must ja roheline <strong>60 eur<\/strong><br \/>\n\u2013 automaatne aknaavaja <strong>45 eur<\/strong><br \/>\n\u2013 erinevad sisemised riiulid ja lavatsid, vihmavee torud, kastmiss\u00fcsteem, termos\u00fcsteemid, taimede kinnitusvahendid jne.<\/p>\n<h4><strong><a href=\"https:\/\/vitavia.ee\/kasvuhoone\/tootekategooria\/kasvuhoone-lisavarustus\/\" target=\"_blank\" rel=\"noopener noreferrer\">Vaata saadaolevat lisavarustust<\/a><\/strong><\/h4>\n<p><em>Vundament pole kindlalt vajalik, aga soovituslik. Hind ei sisalda vundamendi ehitust ja paigaldust.<br \/>\nToote hind sisaldab jalgadega alusraami, millega saab seda kinnitada otse maapinnale kui ka m\u00f5nele muule ettevalmistatud pinnale (puitterrass v\u00f5i kivipind).<br \/>\nNB! Kohaletoimetamise postikulu soodsaim hind arvutatakse Teie lisatud aadressi j\u00e4rgi ning saadetakse pakkumine e-meili peale.<\/em><\/p>\n<h3><a href=\"https:\/\/youtu.be\/-4zXyeMetnM\" target=\"_blank\" rel=\"noopener noreferrer\">Vitavia tutvustusvideo<\/a><\/h3>\n","protected":false},"excerpt":{"rendered":"<p><span title=\"Vaata k\u00f5iki m\u00f5\u00f5te allpool tabelis\">3,84m x 3,84m = 13m\u00b2<\/span><br \/>\n<a class=\"alus_rm\" href=\"https:\/\/vitavia.ee\/wp-content\/uploads\/2017\/10\/Kasvuhoone-Sirius-paigaldusjuhend.pdf#page=14\" target=\"blanc\" rel=\"noopener\">NB! Kasvuhoone alusraami v\u00e4lism\u00f5\u00f5te vaata siit<\/a><br \/>\n<span style=\"color: #f5bd2f;\"><strong>Kuumakse al. 332,50 \u20ac<\/strong><\/span><\/p>\n","protected":false},"featured_media":2627,"comment_status":"closed","ping_status":"closed","template":"","meta":[],"product_brand":[],"product_cat":[33],"product_tag":[250,251,252,1511,247,248,249],"class_list":{"0":"post-14","1":"product","2":"type-product","3":"status-publish","4":"has-post-thumbnail","6":"product_cat-sirius","7":"product_tag-aiamaja","8":"product_tag-aiapaviljon","9":"product_tag-klaaspaviljon","10":"product_tag-karastatud-klaas","11":"product_tag-kasvuhoone","12":"product_tag-kasvuhooned","13":"product_tag-klaaskasvuhoone","14":"pa_kattematerjal-karastatud-klaas","15":"pa_kulje-korgus-156-m","16":"pa_laius-384-m","17":"pa_pikkus-384-m","18":"pa_pindala-13-m","19":"pa_pindala_vahemik-12-16-m","20":"pa_tipu-korgus-252-m","21":"pa_varv-must","22":"infinite-scroll-item","23":"no-featured-image-padding","24":"sales-flash-overlay","25":"woocommerce-text-align-left","26":"woocommerce-image-align-center","27":"do-quantity-buttons","29":"first","30":"instock","31":"sale","32":"shipping-taxable","33":"purchasable","34":"product-type-simple"},"_links":{"self":[{"href":"https:\/\/vitavia.ee\/kasvuhoone\/wp-json\/wp\/v2\/product\/14","targetHints":{"allow":["GET"]}}],"collection":[{"href":"https:\/\/vitavia.ee\/kasvuhoone\/wp-json\/wp\/v2\/product"}],"about":[{"href":"https:\/\/vitavia.ee\/kasvuhoone\/wp-json\/wp\/v2\/types\/product"}],"replies":[{"embeddable":true,"href":"https:\/\/vitavia.ee\/kasvuhoone\/wp-json\/wp\/v2\/comments?post=14"}],"wp:featuredmedia":[{"embeddable":true,"href":"https:\/\/vitavia.ee\/kasvuhoone\/wp-json\/wp\/v2\/media\/2627"}],"wp:attachment":[{"href":"https:\/\/vitavia.ee\/kasvuhoone\/wp-json\/wp\/v2\/media?parent=14"}],"wp:term":[{"taxonomy":"product_brand","embeddable":true,"href":"https:\/\/vitavia.ee\/kasvuhoone\/wp-json\/wp\/v2\/product_brand?post=14"},{"taxonomy":"product_cat","embeddable":true,"href":"https:\/\/vitavia.ee\/kasvuhoone\/wp-json\/wp\/v2\/product_cat?post=14"},{"taxonomy":"product_tag","embeddable":true,"href":"https:\/\/vitavia.ee\/kasvuhoone\/wp-json\/wp\/v2\/product_tag?post=14"}],"curies":[{"name":"wp","href":"https:\/\/api.w.org\/{rel}","templated":true}]}}