{"id":15618,"date":"2023-01-28T17:36:54","date_gmt":"2023-01-28T14:36:54","guid":{"rendered":"https:\/\/vitavia.ee\/kasvuhoone\/?post_type=product&#038;p=15618"},"modified":"2025-02-12T14:57:00","modified_gmt":"2025-02-12T11:57:00","slug":"kasvuhoone-vitavia-mars-11500","status":"publish","type":"product","link":"https:\/\/vitavia.ee\/kasvuhoone\/toode\/kasvuhoone-vitavia-mars-11500\/","title":{"rendered":"Kasvuhoone Vitavia Mars 11500"},"content":{"rendered":"<h3><strong>Vitavia MARS &#8211; elegantne kasvuhoone soliidsesse aeda.<\/strong><\/h3>\n<p>2,57 m laia kasvuhoonet on saadaval neljas erinevas pikkuses.<br \/>\nPiisavalt k\u00f5rge ja lai kasvuhoone v\u00f5imaldab taimedele kasvamiseks ning arenemiseks piisavalt ruumi.<\/p>\n<p>Mars kasvuhoonetel on ka piisavalt ruumi, et seda oman\u00e4oliselt ja huvitavalt sisustada.<\/p>\n<p>Kasvuhoonel on 2 l\u00fckandust.<br \/>\nM\u00f5lemal k\u00fcljel on vihmaveerennid.<\/p>\n<p>Mars kasvuhoonetel on standardvarustuses kaks katuseakent.<\/p>\n<p><strong>Mars kasvuhoone erinevate mudelite suurustabel:<\/strong><\/p>\n<div class=\"tabel-scroll-x\">\n<table class=\"spec\" border=\"0\">\n<tbody>\n<tr>\n<th style=\"text-align: left;\" width=\"90\">Mudel<\/th>\n<th style=\"text-align: left;\" width=\"72\">Pindala<\/th>\n<th style=\"text-align: left;\" width=\"72\">Pikkus<\/th>\n<th style=\"text-align: left;\" width=\"72\">Laius<\/th>\n<th style=\"text-align: left;\" width=\"72\">K\u00fclg<\/th>\n<th style=\"text-align: left;\" width=\"72\">K\u00f5rgus<\/th>\n<th style=\"text-align: left;\" width=\"50\">Aknaid<\/th>\n<\/tr>\n<tr>\n<td>Mars 6700<\/td>\n<td>6.7m\u00b2<\/td>\n<td>2.58m<\/td>\n<td>2.57m<\/td>\n<td>1.37m<\/td>\n<td>2.32m<\/td>\n<td>2<\/td>\n<\/tr>\n<tr>\n<td>Mars 8300<\/td>\n<td>8.3m\u00b2<\/td>\n<td>3.21m<\/td>\n<td>2.57m<\/td>\n<td>1.37m<\/td>\n<td>2.32m<\/td>\n<td>2<\/td>\n<\/tr>\n<tr>\n<td>Mars 9900<\/td>\n<td>9.9m\u00b2<\/td>\n<td>3.84m<\/td>\n<td>2.57m<\/td>\n<td>1.37m<\/td>\n<td>2.32m<\/td>\n<td>2<\/td>\n<\/tr>\n<tr>\n<td>Mars 11500<\/td>\n<td>11.5m\u00b2<\/td>\n<td>4.46m<\/td>\n<td>2.57m<\/td>\n<td>1.37m<\/td>\n<td>2.32m<\/td>\n<td>2<\/td>\n<\/tr>\n<\/tbody>\n<\/table>\n<\/div>\n<p><em>&#8211; v\u00e4rvivalikuna hall, pulberv\u00e4rvitud must ja roheline<br \/>\n&#8211; kattena v\u00f5imalik valida 3 mm klaasi, karastatud klaasi v\u00f5i 6 mm pol\u00fckarbonaati<br \/>\n&#8211; ees \u00fcks 2 l\u00fckandust<br \/>\n&#8211; 2 katuseakent<br \/>\n&#8211; k\u00f5ikidel mudelitel on lisana saadaval jalgadega alusraam<\/em><\/p>\n<p>Karkass on anodeeritud alumiiniumist ( tagab alumiiniumi kauakestva ilusa v\u00e4limuse ja vastupidavuse) ja saadaval ka pulberv\u00e4rvituna.<\/p>\n<p>V\u00f5imalik tellida erinevat lisavarustust: aken, alumine tuulutusluuk, automaatne aknaavaja, alusraam, sisemised riiulid jne.<\/p>\n<p><strong><a href=\"http:\/\/mwlconstruct.eu\/e-pood\/tootekategooria\/kasvuhoone-lisavarustus\/\" target=\"_blank\" rel=\"noopener noreferrer\">Vaata lisavarustust<\/a><\/strong><\/p>\n<p><em>Vundament pole kindlalt vajalik, aga soovituslik.<br \/>\nKui kasvuhoonel on alusraam, saab seda kinnitada otse maapinnale kui ka m\u00f5nele muule ettevalmistatud pinnale (puitterrass v\u00f5i kivipind).<br \/>\nToote hind ei sisalda alusraami.<\/em><\/p>\n<h3><a href=\"https:\/\/youtu.be\/-4zXyeMetnM\" target=\"_blank\" rel=\"noopener noreferrer\">Vitavia tutvustusvideo <\/a><\/h3>\n","protected":false},"excerpt":{"rendered":"<p><span title=\"Vaata k\u00f5iki m\u00f5\u00f5te allpool tabelis\">2,57m x 4,46m = 11,5m\u00b2<\/span><br \/>\n<span style=\"color: #f5bd2f;\"><strong>Kuumakse al. 124,17 \u20ac<\/strong><\/span><\/p>\n","protected":false},"featured_media":15649,"comment_status":"closed","ping_status":"closed","template":"","meta":[],"product_brand":[],"product_cat":[1174],"product_tag":[1513,247,1514,248,249,253,254,255,256,257,259],"class_list":{"0":"post-15618","1":"product","2":"type-product","3":"status-publish","4":"has-post-thumbnail","6":"product_cat-mars","7":"product_tag-klaas","8":"product_tag-kasvuhoone","9":"product_tag-polukarbonaat","10":"product_tag-kasvuhooned","11":"product_tag-klaaskasvuhoone","12":"product_tag-kasvumaja","13":"product_tag-kasvumajad","14":"product_tag-triiphoone","15":"product_tag-triiphooned","16":"product_tag-vitavia","17":"product_tag-neptun","18":"pa_kattematerjal-karastatud-klaas","19":"pa_kulje-korgus-135-m","20":"pa_laius-257-m","21":"pa_pikkus-446-m","22":"pa_pindala-115-m","23":"pa_pindala_vahemik-9-12-m","24":"pa_tipu-korgus-230-m","25":"pa_varv-must","26":"infinite-scroll-item","27":"no-featured-image-padding","28":"sales-flash-overlay","29":"woocommerce-text-align-left","30":"woocommerce-image-align-center","31":"do-quantity-buttons","33":"first","34":"instock","35":"shipping-taxable","36":"purchasable","37":"product-type-variable","38":"has-default-attributes"},"_links":{"self":[{"href":"https:\/\/vitavia.ee\/kasvuhoone\/wp-json\/wp\/v2\/product\/15618","targetHints":{"allow":["GET"]}}],"collection":[{"href":"https:\/\/vitavia.ee\/kasvuhoone\/wp-json\/wp\/v2\/product"}],"about":[{"href":"https:\/\/vitavia.ee\/kasvuhoone\/wp-json\/wp\/v2\/types\/product"}],"replies":[{"embeddable":true,"href":"https:\/\/vitavia.ee\/kasvuhoone\/wp-json\/wp\/v2\/comments?post=15618"}],"wp:featuredmedia":[{"embeddable":true,"href":"https:\/\/vitavia.ee\/kasvuhoone\/wp-json\/wp\/v2\/media\/15649"}],"wp:attachment":[{"href":"https:\/\/vitavia.ee\/kasvuhoone\/wp-json\/wp\/v2\/media?parent=15618"}],"wp:term":[{"taxonomy":"product_brand","embeddable":true,"href":"https:\/\/vitavia.ee\/kasvuhoone\/wp-json\/wp\/v2\/product_brand?post=15618"},{"taxonomy":"product_cat","embeddable":true,"href":"https:\/\/vitavia.ee\/kasvuhoone\/wp-json\/wp\/v2\/product_cat?post=15618"},{"taxonomy":"product_tag","embeddable":true,"href":"https:\/\/vitavia.ee\/kasvuhoone\/wp-json\/wp\/v2\/product_tag?post=15618"}],"curies":[{"name":"wp","href":"https:\/\/api.w.org\/{rel}","templated":true}]}}