{"id":15714,"date":"2023-01-29T10:25:58","date_gmt":"2023-01-29T07:25:58","guid":{"rendered":"https:\/\/vitavia.ee\/kasvuhoone\/?post_type=product&#038;p=15714"},"modified":"2025-03-15T14:43:33","modified_gmt":"2025-03-15T11:43:33","slug":"kasvuhoone-vitavia-phoenix-9900","status":"publish","type":"product","link":"https:\/\/vitavia.ee\/kasvuhoone\/toode\/kasvuhoone-vitavia-phoenix-9900\/","title":{"rendered":"Kasvuhoone Vitavia Phoenix 9900"},"content":{"rendered":"<h3><strong>Vitavia PHOENIX &#8211; avara sissep\u00e4\u00e4su ja madala uksepakuga elegantne kasvuhoone.<\/strong><\/h3>\n<p>2,57 m laia kasvuhoonet on saadaval kahes erinevas pikkuses.<br \/>\nAvar kasvuhoone v\u00f5imaldab ruumi nii taimedele kui ka hubasele istumiskohale.<\/p>\n<p>Phoenix kasvuhoonetel on ka piisavalt ruumi, et seda oman\u00e4oliselt ja huvitavalt sisustada.<\/p>\n<p>Kasvuhoonel on 2 l\u00fckandust.<\/p>\n<p>Kasvuhoonel on ees on topelt l\u00fckanduksed suurusega 1,22 m x 1,99 m, mida saab fikseerida erinevates avatud asendites.<br \/>\nStandardvarustusega on kaasas ka vihmavee rennid.<\/p>\n<p>Phoenix kasvuhoonetel on neli katuseakent.<\/p>\n<p><strong>Phoenix kasvuhoone erinevate mudelite suurustabel:<\/strong><\/p>\n<div class=\"tabel-scroll-x\">\n<table class=\"spec\" border=\"0\">\n<tbody>\n<tr>\n<th style=\"text-align: left;\" width=\"90\">Mudel<\/th>\n<th style=\"text-align: left;\" width=\"72\">Pindala<\/th>\n<th style=\"text-align: left;\" width=\"72\">Pikkus<\/th>\n<th style=\"text-align: left;\" width=\"72\">Laius<\/th>\n<th style=\"text-align: left;\" width=\"72\">K\u00fclg<\/th>\n<th style=\"text-align: left;\" width=\"72\">K\u00f5rgus<\/th>\n<th style=\"text-align: left;\" width=\"50\">Aknaid<\/th>\n<\/tr>\n<tr>\n<td>Phoenix 9900<\/td>\n<td>9.9m\u00b2<\/td>\n<td>3.84m<\/td>\n<td>2.57m<\/td>\n<td>1.54m<\/td>\n<td>2.48m<\/td>\n<td>4<\/td>\n<\/tr>\n<tr>\n<td>Phoenix 11500<\/td>\n<td>11.5m\u00b2<\/td>\n<td>4.46m<\/td>\n<td>2.57m<\/td>\n<td>1.54m<\/td>\n<td>2.48m<\/td>\n<td>4<\/td>\n<\/tr>\n<\/tbody>\n<\/table>\n<\/div>\n<p><em>&#8211; v\u00e4rvivalikuna hall ja pulberv\u00e4rvitud must<br \/>\n&#8211; kattena 3 mm klaas<br \/>\n&#8211; Ees topelt l\u00fckanduksed<br \/>\n&#8211; 4 katuseakent<br \/>\n&#8211; K\u00f5ikidel mudelitel on standardvarustusena kaasas madala uksepakuga ja\u00a0 jalgadega alusraam kasvuhoone maa k\u00fclge kinnitamiseks.<\/em><\/p>\n<p>Karkass on anodeeritud alumiiniumist ( tagab alumiiniumi kauakestva ilusa v\u00e4limuse ja vastupidavuse) ja saadaval ka pulberv\u00e4rvitud mustana.<\/p>\n<p>V\u00f5imalik tellida erinevat lisavarustust: aken, alumine tuulutusluuk, automaatne aknaavaja, sisemised riiulid jne.<\/p>\n<p><strong><a href=\"http:\/\/mwlconstruct.eu\/e-pood\/tootekategooria\/kasvuhoone-lisavarustus\/\" target=\"_blank\" rel=\"noopener noreferrer\">Vaata lisavarustust<\/a><\/strong><\/p>\n<p><em>Vundament pole kindlalt vajalik, aga soovituslik.<br \/>\nKui kasvuhoonel on alusraam, saab seda kinnitada otse maapinnale kui ka m\u00f5nele muule ettevalmistatud pinnale (puitterrass v\u00f5i kivipind).<br \/>\nToote hind ei sisalda alusraami.<\/em><\/p>\n<h3><a href=\"https:\/\/youtu.be\/-4zXyeMetnM\" target=\"_blank\" rel=\"noopener noreferrer\">Vitavia tutvustusvideo <\/a><\/h3>\n","protected":false},"excerpt":{"rendered":"<p><span title=\"Vaata k\u00f5iki m\u00f5\u00f5te allpool tabelis\">2,57m x 3,83m = 9,9m\u00b2<\/span><br \/>\n<span style=\"color: #f5bd2f;\"><strong>Kuumakse al. 141,58 \u20ac<\/strong><\/span><\/p>\n","protected":false},"featured_media":15729,"comment_status":"closed","ping_status":"closed","template":"","meta":[],"product_brand":[],"product_cat":[1177],"product_tag":[256,257,1178,247,248,249,1513,253,254,255],"class_list":{"0":"post-15714","1":"product","2":"type-product","3":"status-publish","4":"has-post-thumbnail","6":"product_cat-phoenix","7":"product_tag-triiphooned","8":"product_tag-vitavia","9":"product_tag-phoenix","10":"product_tag-kasvuhoone","11":"product_tag-kasvuhooned","12":"product_tag-klaaskasvuhoone","13":"product_tag-klaas","14":"product_tag-kasvumaja","15":"product_tag-kasvumajad","16":"product_tag-triiphoone","17":"pa_kattematerjal-karastatud-klaas","18":"pa_kattematerjal-klaas","19":"pa_kulje-korgus-154-m","20":"pa_laius-257-m","21":"pa_pikkus-383-m","22":"pa_pindala-99-m","23":"pa_pindala_vahemik-9-12-m","24":"pa_tipu-korgus-248-m","25":"pa_varv-hall","26":"pa_varv-must","27":"infinite-scroll-item","28":"no-featured-image-padding","29":"sales-flash-overlay","30":"woocommerce-text-align-left","31":"woocommerce-image-align-center","32":"do-quantity-buttons","34":"first","35":"instock","36":"sale","37":"shipping-taxable","38":"purchasable","39":"product-type-variable"},"_links":{"self":[{"href":"https:\/\/vitavia.ee\/kasvuhoone\/wp-json\/wp\/v2\/product\/15714","targetHints":{"allow":["GET"]}}],"collection":[{"href":"https:\/\/vitavia.ee\/kasvuhoone\/wp-json\/wp\/v2\/product"}],"about":[{"href":"https:\/\/vitavia.ee\/kasvuhoone\/wp-json\/wp\/v2\/types\/product"}],"replies":[{"embeddable":true,"href":"https:\/\/vitavia.ee\/kasvuhoone\/wp-json\/wp\/v2\/comments?post=15714"}],"wp:featuredmedia":[{"embeddable":true,"href":"https:\/\/vitavia.ee\/kasvuhoone\/wp-json\/wp\/v2\/media\/15729"}],"wp:attachment":[{"href":"https:\/\/vitavia.ee\/kasvuhoone\/wp-json\/wp\/v2\/media?parent=15714"}],"wp:term":[{"taxonomy":"product_brand","embeddable":true,"href":"https:\/\/vitavia.ee\/kasvuhoone\/wp-json\/wp\/v2\/product_brand?post=15714"},{"taxonomy":"product_cat","embeddable":true,"href":"https:\/\/vitavia.ee\/kasvuhoone\/wp-json\/wp\/v2\/product_cat?post=15714"},{"taxonomy":"product_tag","embeddable":true,"href":"https:\/\/vitavia.ee\/kasvuhoone\/wp-json\/wp\/v2\/product_tag?post=15714"}],"curies":[{"name":"wp","href":"https:\/\/api.w.org\/{rel}","templated":true}]}}