{"id":15737,"date":"2023-01-29T16:04:08","date_gmt":"2023-01-29T13:04:08","guid":{"rendered":"https:\/\/vitavia.ee\/kasvuhoone\/?post_type=product&#038;p=15737"},"modified":"2024-01-17T17:13:51","modified_gmt":"2024-01-17T14:13:51","slug":"kasvuhoone-vitavia-urban","status":"publish","type":"product","link":"https:\/\/vitavia.ee\/kasvuhoone\/toode\/kasvuhoone-vitavia-urban\/","title":{"rendered":"Kasvuhoone Vitavia Urban"},"content":{"rendered":"<h3><strong>Kasvuhoone \u2013 Vitavia URBAN \/ l\u00fckandustega linna- ja r\u00f5dukasvuhoone \/ 0,43 m x 0,81 m.<\/strong><\/h3>\n<p>Kasvuhoone mis sobib eelk\u00f5ige linna- ja r\u00f5dukasvuhooneks, v\u00f5imaldades kasvatada v\u00e4ikesemaid k\u00f6\u00f6giviljataimi, \u00fcrte v\u00f5i lilli ka kitsamates tingimustes.<br \/>\nKasvuhoonel Urban on ees l\u00fckanduksed \u2013 4 klaasust, millest madalamad alumisel kolmandikul ja k\u00f5rgemad \u00fclemisel osal.<br \/>\nKasvuhoonel on all tugevad kummikattega rattad, mis v\u00f5imaldavad seda kergest vajadusel liigutada. Ratastel on kasvuhoone paika fikseerimiseks pidurid.<br \/>\nTugev mustaks pulberv\u00e4rvitud alumiiniumraam ja 3 mm paksune karastatud klaaskate teeb selle valgusk\u00fcllaseks.<br \/>\nKasvuhoone k\u00f5rguseks on 1,68 m.<br \/>\nKasvuhoonel on kaasas riiul, millega saate seda jagada osadeks: n\u00e4iteks 40 cm \u00fclaossa ja 1 m allaossa. Vaheriiul koosneb \u00fcksikutest eemaldatavatest paneelidest ning nende eemaldamisel saate taimi kasvatada ka kogu kasvuhoone ulatuses.<br \/>\nKasvuhoonel on kaasas ka 4 taimede riputusaasa.<\/p>\n<p>Urban kasvuhoonel on 1 katuseaken.<\/p>\n<p><strong>Urban kasvuhoone suurustabel:<\/strong><\/p>\n<div class=\"tabel-scroll-x\">\n<table class=\"spec\" border=\"0\">\n<tbody>\n<tr>\n<th style=\"text-align: left;\" width=\"90\">Mudel<\/th>\n<th style=\"text-align: left;\" width=\"72\">Pindala<\/th>\n<th style=\"text-align: left;\" width=\"72\">Pikkus<\/th>\n<th style=\"text-align: left;\" width=\"72\">Laius<\/th>\n<th style=\"text-align: left;\" width=\"72\">K\u00fclg<\/th>\n<th style=\"text-align: left;\" width=\"72\">K\u00f5rgus<\/th>\n<th style=\"text-align: left;\" width=\"50\">Aknaid<\/th>\n<\/tr>\n<tr>\n<td>Urban<\/td>\n<td>0.35m<sup>2<\/sup><\/td>\n<td>0.43m<\/td>\n<td>0.81m<\/td>\n<td>1.58m<\/td>\n<td>1.68m<\/td>\n<td>1<\/td>\n<\/tr>\n<\/tbody>\n<\/table>\n<\/div>\n<p><em>&#8211; V\u00e4rvivalikuna: pulberv\u00e4rvitud must alumiiniumprofiilidest karkass<br \/>\n&#8211; Katteks 3 mm karastatud klaas<br \/>\n&#8211; 4 klaasist l\u00fckandust<br \/>\n&#8211; 1 \u00fclemine tuulutusluuk<br \/>\n&#8211; Lukustavate ratastega alusraam<br \/>\n&#8211; Sisemine riiul ja taimede riputusaasad<\/em><\/p>\n<p>Karkass on alumiiniumist pulberv\u00e4rvitud must.<\/p>\n<p><strong><a href=\"http:\/\/mwlconstruct.eu\/e-pood\/tootekategooria\/kasvuhoone-lisavarustus\/\" target=\"_blank\" rel=\"noopener noreferrer\">Vaata lisavarustust<\/a><\/strong><\/p>\n<h3><a href=\"https:\/\/youtu.be\/-4zXyeMetnM\" target=\"_blank\" rel=\"noopener noreferrer\">Vitavia tutvustusvideo <\/a><\/h3>\n","protected":false},"excerpt":{"rendered":"<p><span title=\"Vaata k\u00f5iki m\u00f5\u00f5te allpool tabelis\">0,91m x 0,43m = 0,35m\u00b2<\/span><br \/>\n<span style=\"color: #f5bd2f;\"><strong>Kuumakse al. 58,25 \u20ac<\/strong><\/span><\/p>\n","protected":false},"featured_media":15752,"comment_status":"closed","ping_status":"closed","template":"","meta":[],"product_brand":[],"product_cat":[1183],"product_tag":[1184,247,248,249,253,254,255,256,257],"class_list":{"0":"post-15737","1":"product","2":"type-product","3":"status-publish","4":"has-post-thumbnail","6":"product_cat-urban","7":"product_tag-urban","8":"product_tag-kasvuhoone","9":"product_tag-kasvuhooned","10":"product_tag-klaaskasvuhoone","11":"product_tag-kasvumaja","12":"product_tag-kasvumajad","13":"product_tag-triiphoone","14":"product_tag-triiphooned","15":"product_tag-vitavia","16":"pa_kattematerjal-karastatud-klaas","17":"pa_kulje-korgus-1-58-m","18":"pa_laius-081-m","19":"pa_pikkus-043m","20":"pa_pindala-032-m","21":"pa_pindala_vahemik-01-09-m","22":"pa_tipu-korgus-168-m","23":"pa_varv-must","24":"infinite-scroll-item","25":"no-featured-image-padding","26":"sales-flash-overlay","27":"woocommerce-text-align-left","28":"woocommerce-image-align-center","29":"do-quantity-buttons","31":"first","32":"instock","33":"shipping-taxable","34":"purchasable","35":"product-type-simple"},"_links":{"self":[{"href":"https:\/\/vitavia.ee\/kasvuhoone\/wp-json\/wp\/v2\/product\/15737","targetHints":{"allow":["GET"]}}],"collection":[{"href":"https:\/\/vitavia.ee\/kasvuhoone\/wp-json\/wp\/v2\/product"}],"about":[{"href":"https:\/\/vitavia.ee\/kasvuhoone\/wp-json\/wp\/v2\/types\/product"}],"replies":[{"embeddable":true,"href":"https:\/\/vitavia.ee\/kasvuhoone\/wp-json\/wp\/v2\/comments?post=15737"}],"wp:featuredmedia":[{"embeddable":true,"href":"https:\/\/vitavia.ee\/kasvuhoone\/wp-json\/wp\/v2\/media\/15752"}],"wp:attachment":[{"href":"https:\/\/vitavia.ee\/kasvuhoone\/wp-json\/wp\/v2\/media?parent=15737"}],"wp:term":[{"taxonomy":"product_brand","embeddable":true,"href":"https:\/\/vitavia.ee\/kasvuhoone\/wp-json\/wp\/v2\/product_brand?post=15737"},{"taxonomy":"product_cat","embeddable":true,"href":"https:\/\/vitavia.ee\/kasvuhoone\/wp-json\/wp\/v2\/product_cat?post=15737"},{"taxonomy":"product_tag","embeddable":true,"href":"https:\/\/vitavia.ee\/kasvuhoone\/wp-json\/wp\/v2\/product_tag?post=15737"}],"curies":[{"name":"wp","href":"https:\/\/api.w.org\/{rel}","templated":true}]}}