{"id":16356,"date":"2023-04-10T11:34:11","date_gmt":"2023-04-10T08:34:11","guid":{"rendered":"https:\/\/vitavia.ee\/kasvuhoone\/?post_type=product&#038;p=16356"},"modified":"2025-02-04T12:42:51","modified_gmt":"2025-02-04T09:42:51","slug":"seinaaarne-rodukasvuhoone-vitavia-ida-3300","status":"publish","type":"product","link":"https:\/\/vitavia.ee\/kasvuhoone\/toode\/seinaaarne-rodukasvuhoone-vitavia-ida-3300\/","title":{"rendered":"Seina\u00e4\u00e4rne r\u00f5dukasvuhoone Vitavia Ida 3300"},"content":{"rendered":"<h3><strong>Vitavia IDA &#8211;\u00a0 seina\u00e4\u00e4rne kasvuhoone kahe l\u00fckanduksega \/ 1,3 m x 2,57 m.<\/strong><\/h3>\n<p>Seina\u00e4\u00e4rne kasvuhoone on ideaalne neile, kellel v\u00e4hem ruumi.<\/p>\n<p>V\u00e4iksemaid mudeleid v\u00f5ib paigutada isegi r\u00f5dule v\u00f5i verandale, v\u00f5imaldades taimedega tegeleda isegi linnakorterites.<br \/>\nV\u00e4iksemates aedades saate paigutada kasvuhoone lihtsalt maja seina \u00e4\u00e4rde ja suurt pinda selleks vaja ei l\u00e4he.<\/p>\n<p>Seina\u00e4\u00e4rseid mudeleid on saadaval kuues erinevas suuruses.<\/p>\n<p>K\u00f5ikidel mudelitel on olenevalt suurusele 1 kuni 2 katuseakent ning 1 v\u00f5i 2 l\u00fckandust.<\/p>\n<p><strong>Ida kasvuhoone erinevate mudelite suurustabel:<\/strong><\/p>\n<div class=\"tabel-scroll-x\">\n<table class=\"spec\" border=\"0\">\n<tbody>\n<tr>\n<th style=\"text-align: left;\" width=\"90\">Mudel<\/th>\n<th style=\"text-align: left;\" width=\"72\">Pindala<\/th>\n<th style=\"text-align: left;\" width=\"72\">Pikkus<\/th>\n<th style=\"text-align: left;\" width=\"72\">Laius<\/th>\n<th style=\"text-align: left;\" width=\"72\">K\u00fclg<\/th>\n<th style=\"text-align: left;\" width=\"72\">K\u00f5rgus<\/th>\n<th style=\"text-align: left;\" width=\"50\">Aknaid<\/th>\n<\/tr>\n<tr>\n<td>Ida 900<\/td>\n<td>0.9m<sup>2<\/sup><\/td>\n<td>1.32m<\/td>\n<td>0.69m<\/td>\n<td>1.52m<\/td>\n<td>1.84m<\/td>\n<td>1<\/td>\n<\/tr>\n<tr>\n<td>Ida 1300<\/td>\n<td>1.34m<sup>2<\/sup><\/td>\n<td>1.94m<\/td>\n<td>0.69m<\/td>\n<td>1.52m<\/td>\n<td>1.84m<\/td>\n<td>1<\/td>\n<\/tr>\n<tr>\n<td>Ida 3300<\/td>\n<td>3.3m<sup>2<\/sup><\/td>\n<td>2.57m<\/td>\n<td>1.3m<\/td>\n<td>1.65m<\/td>\n<td>2.22m<\/td>\n<td>1<\/td>\n<\/tr>\n<tr>\n<td>Ida 5200<\/td>\n<td>5.2m<sup>2<\/sup><\/td>\n<td>2.62m<\/td>\n<td>2.01m<\/td>\n<td>1.69m<\/td>\n<td>2.21m<\/td>\n<td>1<\/td>\n<\/tr>\n<tr>\n<td>Ida 6500<\/td>\n<td>6.5m<sup>2<\/sup><\/td>\n<td>3.24m<\/td>\n<td>2.01m<\/td>\n<td>1.69m<\/td>\n<td>2.21m<\/td>\n<td>2<\/td>\n<\/tr>\n<tr>\n<td>Ida 7800<\/td>\n<td>7.8m<sup>2<\/sup><\/td>\n<td>3.87m<\/td>\n<td>2.01m<\/td>\n<td>1.69m<\/td>\n<td>2.21m<\/td>\n<td>2<\/td>\n<\/tr>\n<\/tbody>\n<\/table>\n<\/div>\n<p><em>&#8211; V\u00e4rvivalikuna hall ja pulberv\u00e4rvitud roheline v\u00f5i must. Kolmel suuremal mudelil pakkuda ainult halli ja pulberv\u00e4rvitud musta v\u00e4rvi.<br \/>\n&#8211; Kattena v\u00f5imalik valida 3 mm klaasi v\u00f5i\u00a0 4 mm pol\u00fckarbonaati<br \/>\n&#8211; Ees olenevat suurusele 1 v\u00f5i 2 l\u00fckandust<br \/>\n&#8211; 1 kuni 2 katuseakent<br \/>\n&#8211; K\u00f5ikidel mudelitel on saadaval alusraam<br \/>\n<\/em><\/p>\n<p>Karkass on anodeeritud alumiiniumist (tagab alumiiniumi kauakestva ilusa v\u00e4limuse ja vastupidavuse) ja saadaval ka pulberv\u00e4rvituna.<\/p>\n<p>V\u00f5imalik tellida erinevat lisavarustust: aken, alumine tuulutusluuk, automaatne aknaavaja, alusraam, sisemised riiulid jne.<\/p>\n<p><strong><a href=\"http:\/\/mwlconstruct.eu\/e-pood\/tootekategooria\/kasvuhoone-lisavarustus\/\" target=\"_blank\" rel=\"noopener noreferrer\">Vaata lisavarustust<\/a><\/strong><\/p>\n<p><em>Vundament pole kindlalt vajalik, aga soovituslik.<br \/>\nKui kasvuhoonel on alusraam, saab seda kinnitada otse maapinnale kui ka m\u00f5nele muule ettevalmistatud pinnale (puitterrass v\u00f5i kivipind).<br \/>\nToote hind ei sisalda alusraami.<\/em><\/p>\n<h3><a href=\"https:\/\/youtu.be\/-4zXyeMetnM\" target=\"_blank\" rel=\"noopener noreferrer\">Vitavia tutvustusvideo <\/a><\/h3>\n<h3><a href=\"https:\/\/youtu.be\/Lfgc5DIekdY\" target=\"_blank\" rel=\"noopener noreferrer\">Seina\u00e4\u00e4rse kasvuhoone tutvustusvideo<\/a><\/h3>\n","protected":false},"excerpt":{"rendered":"<p><span title=\"Vaata k\u00f5iki m\u00f5\u00f5te allpool tabelis\">1,3m x 2,57m = 3,3m\u00b2<\/span><br \/>\n<a class=\"alus_rm\" href=\"https:\/\/vitavia.ee\/kasvuhoone\/wp-content\/uploads\/2021\/06\/Kasvuhoone_IDA_paigaldusjuhend_3300__007.01.1703_-_dansk_tekst.pdf#page=6\" target=\"blanc\" rel=\"noopener\"><span class=\"alus_rm_bold\">NB!<\/span> Kasvuhoone alusraami v\u00e4lism\u00f5\u00f5te vaata siit<\/a><br \/>\n<span style=\"color: #f5bd2f;\"><strong>Kuumakse al. 52,08 \u20ac<\/strong><\/span><\/p>\n","protected":false},"featured_media":2916,"comment_status":"closed","ping_status":"closed","template":"","meta":[],"product_brand":[],"product_cat":[1193],"product_tag":[248,257,271,272,247],"class_list":{"0":"post-16356","1":"product","2":"type-product","3":"status-publish","4":"has-post-thumbnail","6":"product_cat-rodukasvuhooned","7":"product_tag-kasvuhooned","8":"product_tag-vitavia","9":"product_tag-seinaaarne-kasvuhoone","10":"product_tag-seinakasvuhoone","11":"product_tag-kasvuhoone","12":"pa_kattematerjal-klaas","13":"pa_kattematerjal-polukarbonaat-4-mm","14":"pa_kulje-korgus-165-m","15":"pa_laius-130-m","16":"pa_pikkus-258-m","17":"pa_pindala-33-m","18":"pa_pindala_vahemik-09-5-m","19":"pa_tipu-korgus-222-m","20":"pa_varv-hall","21":"pa_varv-must","22":"infinite-scroll-item","23":"no-featured-image-padding","24":"sales-flash-overlay","25":"woocommerce-text-align-left","26":"woocommerce-image-align-center","27":"do-quantity-buttons","29":"first","30":"instock","31":"shipping-taxable","32":"purchasable","33":"product-type-variable"},"_links":{"self":[{"href":"https:\/\/vitavia.ee\/kasvuhoone\/wp-json\/wp\/v2\/product\/16356","targetHints":{"allow":["GET"]}}],"collection":[{"href":"https:\/\/vitavia.ee\/kasvuhoone\/wp-json\/wp\/v2\/product"}],"about":[{"href":"https:\/\/vitavia.ee\/kasvuhoone\/wp-json\/wp\/v2\/types\/product"}],"replies":[{"embeddable":true,"href":"https:\/\/vitavia.ee\/kasvuhoone\/wp-json\/wp\/v2\/comments?post=16356"}],"wp:featuredmedia":[{"embeddable":true,"href":"https:\/\/vitavia.ee\/kasvuhoone\/wp-json\/wp\/v2\/media\/2916"}],"wp:attachment":[{"href":"https:\/\/vitavia.ee\/kasvuhoone\/wp-json\/wp\/v2\/media?parent=16356"}],"wp:term":[{"taxonomy":"product_brand","embeddable":true,"href":"https:\/\/vitavia.ee\/kasvuhoone\/wp-json\/wp\/v2\/product_brand?post=16356"},{"taxonomy":"product_cat","embeddable":true,"href":"https:\/\/vitavia.ee\/kasvuhoone\/wp-json\/wp\/v2\/product_cat?post=16356"},{"taxonomy":"product_tag","embeddable":true,"href":"https:\/\/vitavia.ee\/kasvuhoone\/wp-json\/wp\/v2\/product_tag?post=16356"}],"curies":[{"name":"wp","href":"https:\/\/api.w.org\/{rel}","templated":true}]}}