{"id":21,"date":"2015-12-30T19:31:14","date_gmt":"2015-12-30T19:31:14","guid":{"rendered":"https:\/\/haldus.net.ee\/proov\/toode\/kasvuhoone-vitavia-venus\/"},"modified":"2025-03-08T14:08:29","modified_gmt":"2025-03-08T11:08:29","slug":"kasvuhoone-vitavia-venus","status":"publish","type":"product","link":"https:\/\/vitavia.ee\/kasvuhoone\/toode\/kasvuhoone-vitavia-venus\/","title":{"rendered":"Kasvuhoone Vitavia Venus 7500"},"content":{"rendered":"<h3><strong>Vitavia VENUS &#8211; ideaalne kasvuhoone, mis sobib enamus aiapidajatele \/ 1,93 m x 3,84 m.<\/strong><\/h3>\n<p>1,93 m laia kasvuhoonet on saadaval viies erinevas pikkuses.<br \/>\nSeega sobib see oma v\u00e4iksemates m\u00f5\u00f5tudes algajatele aiapidajatele kui ka suuremates m\u00f5\u00f5tudes juba edasij\u00f5udnuile ning kogenenumatele.<\/p>\n<p><em>&#8211; V\u00f5imalik tellida nii 3 mm klaasist, karastatud klaasist kui 4 mm pol\u00fckarbonaadist kattega.<\/em><br \/>\n<em> &#8211; V\u00f5imalikud v\u00e4rvid: anodeeritud hall ja pulberv\u00e4rvitud roheline v\u00f5i must<\/em><br \/>\n<em> &#8211; Saadaval viies erinevas suuruses.<br \/>\n&#8211; V\u00f5imalik tellida ka karkassi, katet ja alusraami eraldi. Huvi korral k\u00fcsi pakkumist.<\/em><\/p>\n<p>Kasvuhoonel on \u00fcks l\u00fckanduks, mida saab avamiseks paigaldada nii paremale kui ka vasakule poolele. Samuti saab avatud ust fikseerida erinevates avatud asendites.<\/p>\n<p>Olenevalt suurusele on Venus kasvuhoonetel \u00fcks v\u00f5i kaks katuseakent.<\/p>\n<p><strong>Venus kasvuhoone erinevate mudelite suurustabel:<\/strong><\/p>\n<div class=\"tabel-scroll-x\">\n<table class=\"spec\" border=\"0\">\n<tbody>\n<tr>\n<th style=\"text-align: left;\" width=\"90\">Mudel<\/th>\n<th style=\"text-align: left;\" width=\"72\">Pindala<\/th>\n<th style=\"text-align: left;\" width=\"72\">Pikkus<\/th>\n<th style=\"text-align: left;\" width=\"72\">Laius<\/th>\n<th style=\"text-align: left;\" width=\"72\">K\u00fclg<\/th>\n<th style=\"text-align: left;\" width=\"72\">K\u00f5rgus<\/th>\n<th style=\"text-align: left;\" width=\"50\">Aknaid<\/th>\n<\/tr>\n<tr>\n<td>Venus 2500<\/td>\n<td>2.5m<sup>2<\/sup><\/td>\n<td>1.31m<\/td>\n<td>1.93m<\/td>\n<td>1.24m<\/td>\n<td>1.97m<\/td>\n<td>1<\/td>\n<\/tr>\n<tr>\n<td>Venus 3800<\/td>\n<td>3.8m<sup>2<\/sup><\/td>\n<td>1.95m<\/td>\n<td>1.93m<\/td>\n<td>1.24m<\/td>\n<td>1.97m<\/td>\n<td>1<\/td>\n<\/tr>\n<tr>\n<td>Venus 5000<\/td>\n<td>5.0m<sup>2<\/sup><\/td>\n<td>2.57m<\/td>\n<td>1.93m<\/td>\n<td>1.24m<\/td>\n<td>1.97m<\/td>\n<td>1<\/td>\n<\/tr>\n<tr>\n<td>Venus 6200<\/td>\n<td>6.2m<sup>2<\/sup><\/td>\n<td>3.21m<\/td>\n<td>1.93m<\/td>\n<td>1.24m<\/td>\n<td>1.97m<\/td>\n<td>2<\/td>\n<\/tr>\n<tr>\n<td>Venus 7500<\/td>\n<td>7.5m<sup>2<\/sup><\/td>\n<td>3.84m<\/td>\n<td>1.93m<\/td>\n<td>1.24m<\/td>\n<td>1.97m<\/td>\n<td>2<\/td>\n<\/tr>\n<\/tbody>\n<\/table>\n<\/div>\n<p><em>&#8211; v\u00e4rvivalikuna hall ja pulberv\u00e4rvitud must v\u00f5i roheline<br \/>\n&#8211; kattena v\u00f5imalik valida 3 mm klaasi, karastatud klaasi v\u00f5i 4 mm pol\u00fckarbonaati<br \/>\n&#8211; ees \u00fcks l\u00fckanduks<br \/>\n&#8211; olenevalt suurusele 1 v\u00f5i 2 katuseakent<br \/>\n&#8211; k\u00f5ikidel mudelitel alusraam<\/em><\/p>\n<p>Karkass on anodeeritud alumiiniumist ( tagab alumiiniumi kauakestva ilusa v\u00e4limuse ja vastupidavuse) ja saadaval ka pulberv\u00e4rvituna.<\/p>\n<p>V\u00f5imalik tellida erinevat lisavarustust: aken, alumine tuulutusluuk, automaatne aknaavaja, alusraam, sisemised riiulid jne.<\/p>\n<h4><strong><a href=\"http:\/\/mwlconstruct.eu\/e-pood\/tootekategooria\/kasvuhoone-lisavarustus\/\" target=\"_blank\" rel=\"noopener noreferrer\">Vaata lisavarustust<\/a><\/strong><\/h4>\n<p><em>Vundament pole kindlalt vajalik, aga soovituslik.<br \/>\nKui kasvuhoonel on alusraam, saab seda kinnitada nii maapinnale kui ka m\u00f5nele muule ettevalmistatud pinnale (puitterrass v\u00f5i kivipind).<br \/>\nToote hind ei sisalda alusraami.<\/em><\/p>\n<h3><a href=\"https:\/\/youtu.be\/-4zXyeMetnM\" target=\"_blank\" rel=\"noopener noreferrer\">Vitavia tutvustusvideo <\/a><\/h3>\n","protected":false},"excerpt":{"rendered":"<p><span title=\"Vaata k\u00f5iki m\u00f5\u00f5te allpool tabelis\">1,93m x 3,84m = 7,5m\u00b2<\/span><br \/>\n<a class=\"alus_rm\" href=\"https:\/\/vitavia.ee\/wp-content\/uploads\/2020\/05\/Kasvuhoone-Venus-6200-7500-paigaldusjuhend.pdf#page=42\" target=\"blanc\" rel=\"noopener\"><span class=\"alus_rm_bold\">NB!<\/span> Kasvuhoone alusraami v\u00e4lism\u00f5\u00f5te vaata siit<\/a><br \/>\n<span style=\"color: #f5bd2f;\"><strong>Kuumakse al. 82,17 \u20ac<\/strong><\/span><\/p>\n","protected":false},"featured_media":23,"comment_status":"closed","ping_status":"closed","template":"","meta":[],"product_brand":[],"product_cat":[39],"product_tag":[247,248,249,253,254,275,1511,1513,1514],"class_list":{"0":"post-21","1":"product","2":"type-product","3":"status-publish","4":"has-post-thumbnail","6":"product_cat-venus","7":"product_tag-kasvuhoone","8":"product_tag-kasvuhooned","9":"product_tag-klaaskasvuhoone","10":"product_tag-kasvumaja","11":"product_tag-kasvumajad","12":"product_tag-venus","13":"product_tag-karastatud-klaas","14":"product_tag-klaas","15":"product_tag-polukarbonaat","16":"pa_kattematerjal-karastatud-klaas","17":"pa_kattematerjal-klaas","18":"pa_kattematerjal-polukarbonaat","19":"pa_kulje-korgus-124-m","20":"pa_laius-193-m","21":"pa_pikkus-384-m","22":"pa_pindala-75-m","23":"pa_pindala_vahemik-5-9-m","24":"pa_tipu-korgus-197-m","25":"pa_varv-hall","26":"pa_varv-must","27":"infinite-scroll-item","28":"no-featured-image-padding","29":"sales-flash-overlay","30":"woocommerce-text-align-left","31":"woocommerce-image-align-center","32":"do-quantity-buttons","34":"first","35":"instock","36":"shipping-taxable","37":"purchasable","38":"product-type-variable"},"_links":{"self":[{"href":"https:\/\/vitavia.ee\/kasvuhoone\/wp-json\/wp\/v2\/product\/21","targetHints":{"allow":["GET"]}}],"collection":[{"href":"https:\/\/vitavia.ee\/kasvuhoone\/wp-json\/wp\/v2\/product"}],"about":[{"href":"https:\/\/vitavia.ee\/kasvuhoone\/wp-json\/wp\/v2\/types\/product"}],"replies":[{"embeddable":true,"href":"https:\/\/vitavia.ee\/kasvuhoone\/wp-json\/wp\/v2\/comments?post=21"}],"wp:featuredmedia":[{"embeddable":true,"href":"https:\/\/vitavia.ee\/kasvuhoone\/wp-json\/wp\/v2\/media\/23"}],"wp:attachment":[{"href":"https:\/\/vitavia.ee\/kasvuhoone\/wp-json\/wp\/v2\/media?parent=21"}],"wp:term":[{"taxonomy":"product_brand","embeddable":true,"href":"https:\/\/vitavia.ee\/kasvuhoone\/wp-json\/wp\/v2\/product_brand?post=21"},{"taxonomy":"product_cat","embeddable":true,"href":"https:\/\/vitavia.ee\/kasvuhoone\/wp-json\/wp\/v2\/product_cat?post=21"},{"taxonomy":"product_tag","embeddable":true,"href":"https:\/\/vitavia.ee\/kasvuhoone\/wp-json\/wp\/v2\/product_tag?post=21"}],"curies":[{"name":"wp","href":"https:\/\/api.w.org\/{rel}","templated":true}]}}