{"id":21142,"date":"2024-02-12T10:17:49","date_gmt":"2024-02-12T07:17:49","guid":{"rendered":"https:\/\/vitavia.ee\/kasvuhoone\/?post_type=product&#038;p=21142"},"modified":"2024-02-27T18:01:16","modified_gmt":"2024-02-27T15:01:16","slug":"kastmissusteemiga-taimekonteiner","status":"publish","type":"product","link":"https:\/\/vitavia.ee\/kasvuhoone\/toode\/kastmissusteemiga-taimekonteiner\/","title":{"rendered":"Kastmiss\u00fcsteemiga taimekonteiner"},"content":{"rendered":"<h4><strong>\u201cTargad\u201d kastmiss\u00fcsteemiga taimekonteinerid nii\u00a0sise- kui v\u00e4litingimustesse.<br \/>\n\u00dcrdikonteinerid m\u00f5eldud nii taimede kui ka taimev\u00f5rsete kasvatamiseks (mikrorohelised, mikrot\u00f5usmed, micro greens)<\/strong><\/h4>\n<p>Kastmiss\u00fcsteemiga taimekasvatuse konteinerid, mis sobivad nii \u00fcrtide, salatite kui ka muude pisemate taimede muretuks ja hooldusvabamaks kasvatamiseks toas, r\u00f5dul, terrassil v\u00f5i aias.<br \/>\nTubane kasutamine aastaringselt.<\/p>\n<ul>\n<li>Taimekonteiner koos plastkaanega \u2013 65 eur<\/li>\n<li>Kinnitusklambrid seinale \u2013 15 eur<\/li>\n<li>Kinnitusklambrid r\u00f5dule 25 mm v\u00f51 40 mm \u2013 25 eur<\/li>\n<li>Taimev\u00f5rsete seemned: redis, broccoli, kress, ruccola \u2013 6 eur \/ 1 pakk<\/li>\n<li>Seemnediski mix (a\u2019 4 sorti): salatisegu mix, salati mix, \u00fcrtide mix\u00a0 ja k\u00f6\u00f6givilja mix \u2013 15 eur \/ 1 pakk<\/li>\n<li>erinevad orgaanilised seemned (pakis 3 sorti): salati mix, kokteili mix, \u00fcrtide mix, k\u00f6\u00f6giviljade mix \u2013 6.90 eur \/ 1 pk.<\/li>\n<\/ul>\n<p>Poti suurus:<br \/>\n\u2013 laius\u00a0 15 cm<br \/>\n\u2013 pikkus 35,8 cm<br \/>\n\u2013 poti k\u00f5rgus 16 cm<br \/>\n\u2013 k\u00f5rgus koos kaanega 25 cm<br \/>\n\u2013 maht 5 l<br \/>\n\u2013 sisemine veepaak 0,5 l<\/p>\n<p><strong>Disainitud ja dekoratiivne taimekonteiner on saadaval neljas v\u00e4rvis:\u00a0<\/strong>valge, helehall, roheline, tumehall<\/p>\n<p>Taimekonteineril on topelt sisu, kus sisemise ja v\u00e4limise osa vahele tekib veepaak. Indikaator n\u00e4itab veetaseme hulka. Kastmiss\u00fcsteem niisutab taimi, Sina pead vaid aegajalt veepaaki t\u00e4itma..<br \/>\nK\u00f5rgkvaliteetsed materjalid tagavad taimepoti vastupidavuse ilmastikutingimustele (k\u00fclm, kuum, niiskus). Pott on UV-kindel.<\/p>\n<p><strong>MIKS KASVATADA ISE TAIMEV\u00d5RSEID?<\/strong>\u00a0\u2013 K\u00f5rge\u00a0<span class=\"highlight\">toitev\u00e4\u00e4rtusega<\/span>,\u00a0<span class=\"highlight\">vitamiini-ja mineraalaineterikkad<\/span>, madala\u00a0<span class=\"highlight\">kalorisisalduse<\/span>\u00a0ning atraktiivse v\u00e4limusega\u00a0<span class=\"highlight\">v\u00f5rsed<\/span>\u00a0on innovatsioon salatite maailmas.<\/p>\n<blockquote><p>Isekastvad<br \/>\nUV-kaitse<br \/>\nV\u00e4litingimustes nii suvel kui talvel<br \/>\nIdeaalne nii koju, kontorisse, r\u00f5dule v\u00f5i aeda<br \/>\nK\u00f5rgkvaliteetne<\/p><\/blockquote>\n<p>Kastmiss\u00fcsteemiga taimepotid v\u00f5imaldavad hooldusvabamat ja ruumis\u00e4\u00e4stlikumat taimekasvatust. Sinu taimed on hooldatud 1-6 n\u00e4dalat ja sa v\u00f5id vabalt ning muretult puhkusele s\u00f5ita.<\/p>\n<p>Taimelpotte on lihtne paigaldada nii lauale, maha, r\u00f5dule kui ka seinale. Dekoratiivsed ja ruumis\u00e4\u00e4stlikud nii kodus, aias, <a href=\"https:\/\/vitavia.ee\/kasvuhoone\/tootekategooria\/kasvuhooned\/\">kasvuhoones<\/a> kui ka kontoris.<br \/>\nKastmiss\u00fcsteemiga taimepotile leiad ka v\u00e4ikeses ruumis koha, kus midagi kasvama panna.<\/p>\n","protected":false},"excerpt":{"rendered":"<p>Kastmiss\u00fcsteemiga \u00fcrdikonteiner<br \/>\n\u2013 m\u00f5\u00f5dud: 15 x 35,8 x 16 cm<\/p>\n","protected":false},"featured_media":21148,"comment_status":"closed","ping_status":"closed","template":"","meta":[],"product_brand":[],"product_cat":[288],"product_tag":[295,281,283],"class_list":{"0":"post-21142","1":"product","2":"type-product","3":"status-publish","4":"has-post-thumbnail","6":"product_cat-kastmissusteemiga-lillepotid","7":"product_tag-kastmissusteemiga-lillepotid","8":"product_tag-lillepotid","9":"product_tag-kastmissusteemiga-taimepotid","10":"infinite-scroll-item","11":"no-featured-image-padding","12":"sales-flash-overlay","13":"woocommerce-text-align-left","14":"woocommerce-image-align-center","15":"do-quantity-buttons","17":"first","18":"instock","19":"sale","20":"shipping-taxable","21":"purchasable","22":"product-type-simple"},"_links":{"self":[{"href":"https:\/\/vitavia.ee\/kasvuhoone\/wp-json\/wp\/v2\/product\/21142","targetHints":{"allow":["GET"]}}],"collection":[{"href":"https:\/\/vitavia.ee\/kasvuhoone\/wp-json\/wp\/v2\/product"}],"about":[{"href":"https:\/\/vitavia.ee\/kasvuhoone\/wp-json\/wp\/v2\/types\/product"}],"replies":[{"embeddable":true,"href":"https:\/\/vitavia.ee\/kasvuhoone\/wp-json\/wp\/v2\/comments?post=21142"}],"wp:featuredmedia":[{"embeddable":true,"href":"https:\/\/vitavia.ee\/kasvuhoone\/wp-json\/wp\/v2\/media\/21148"}],"wp:attachment":[{"href":"https:\/\/vitavia.ee\/kasvuhoone\/wp-json\/wp\/v2\/media?parent=21142"}],"wp:term":[{"taxonomy":"product_brand","embeddable":true,"href":"https:\/\/vitavia.ee\/kasvuhoone\/wp-json\/wp\/v2\/product_brand?post=21142"},{"taxonomy":"product_cat","embeddable":true,"href":"https:\/\/vitavia.ee\/kasvuhoone\/wp-json\/wp\/v2\/product_cat?post=21142"},{"taxonomy":"product_tag","embeddable":true,"href":"https:\/\/vitavia.ee\/kasvuhoone\/wp-json\/wp\/v2\/product_tag?post=21142"}],"curies":[{"name":"wp","href":"https:\/\/api.w.org\/{rel}","templated":true}]}}