{"id":21321,"date":"2024-02-12T16:42:30","date_gmt":"2024-02-12T13:42:30","guid":{"rendered":"https:\/\/vitavia.ee\/kasvuhoone\/?post_type=product&#038;p=21321"},"modified":"2024-02-27T17:51:04","modified_gmt":"2024-02-27T14:51:04","slug":"kastmissusteemiga-taimepott-tomatile","status":"publish","type":"product","link":"https:\/\/vitavia.ee\/kasvuhoone\/toode\/kastmissusteemiga-taimepott-tomatile\/","title":{"rendered":"Kastmiss\u00fcsteemiga taimepott tomatile"},"content":{"rendered":"<h4><strong>\u201cTargad\u201d kastmiss\u00fcsteemiga taimepotid nii sise- kui v\u00e4litingimustesse.<br \/>\n<\/strong><\/h4>\n<p>Kastmiss\u00fcsteemiga taimepotid, mis on t\u00e4nu poti keskel olevale sidumistoele ideaalsed just tomatite kasvatamiseks.<\/p>\n<p>Poti suurus:<br \/>\n\u2013 laius\u00a0 27,7 cm<br \/>\n\u2013 pikkus 34,7 cm<br \/>\n\u2013 k\u00f5rgus koos sidumistoega 1,35 m<br \/>\n\u2013 kaal 1,43 kg<\/p>\n<p><strong>Disainitud ja dekoratiivne taimepott on saadaval kolmes v\u00e4rvis:\u00a0<\/strong>helehall, roheline, sinine<\/p>\n<p>Taimepotil on topelt sisu, kus sisemise ja v\u00e4limise osa vahele tekib veepaak. Indikaator n\u00e4itab veetaseme hulka. Iman\u00f6\u00f6rid juhivad niiskuse taimepotti sisse.<br \/>\nK\u00f5rgkvaliteetsed materjalid tagavad taimepoti vastupidavuse ilmastikutingimustele (k\u00fclm, kuum, niiskus). Pott on UV-kindel.<\/p>\n<blockquote><p>Isekastvad<br \/>\nUV-kaitse<br \/>\nV\u00e4litingimustes nii suvel kui talvel<br \/>\nIdeaalne nii koju, kontorisse, r\u00f5dule v\u00f5i aeda<br \/>\nK\u00f5rgkvaliteetne<\/p><\/blockquote>\n<p><span class=\"Y2IQFc\" lang=\"et\">Kas oma tomatite kasvatamine on t\u00f6\u00f6mahukas? Taimed kuivavad v\u00e4ga kiiresti ja sidumisn\u00f6\u00f6rid ei pea? Meie stiilne ja praktiline TOMATIPOTT on Sulle lahendus!<br \/>\n<\/span>\u2013 integreeritud niisutuss\u00fcsteem<br \/>\n\u2013 stabiilne ja tugev alumiiniumist sidumistugi koos kinnitusklambritega<br \/>\n\u2013 veepaak 4,5 l, millel ok k\u00fclje peal vee t\u00e4itmisava ja veetaseme n\u00e4iduk<br \/>\n\u2013 veepaagi ja mullapoti vahelised niisutusn\u00f6\u00f6rid<\/p>\n<p>Lihtsalt kinnitage kasvanud taime aeg-ajalt kinnitusklambritega edasi ja teie taim on alati sirge ja p\u00fcsti.<br \/>\nAlumises osas oleva veepaak on 4, 5 liitrit \u2013 t\u00e4itke seda vastavalt vajadusele umbes 1-2 n\u00e4dala tagant (s\u00f5ltuvalt ilmadest ja temperatuurist).<\/p>\n<p id=\"tw-target-text\" class=\"tw-data-text tw-text-large tw-ta\" dir=\"ltr\" data-placeholder=\"T\u00f5lge\"><span class=\"Y2IQFc\" lang=\"et\">Vajate veel 20L mulda ja 1 tomatitaime ning m\u00f5ne minuti p\u00e4rast on teie taim istutatud ja valmis turvaliselt ning hoolitsetult kasvama.<\/span><\/p>\n<p><strong>Kastmiss\u00fcsteemiga taimepotid<\/strong>\u00a0 \u2013 nendega saad vabaduse ja<strong>\u00a0sinu taimed on samal ajal hoolitsetud.<\/strong><\/p>\n<h2>KASUTATAVAD NII SISE- KUI KA V\u00c4LISTINGIMUSTES.<\/h2>\n<p><strong><em>LIHTNE JA ROHELINE<\/em><\/strong><\/p>\n","protected":false},"excerpt":{"rendered":"<p>Kastmiss\u00fcsteemiga \u00fcrdikonteiner<br \/>\n\u2013 m\u00f5\u00f5dud: 27,7 x 34,7 x 34 cm + tugi<\/p>\n","protected":false},"featured_media":21345,"comment_status":"closed","ping_status":"closed","template":"","meta":[],"product_brand":[],"product_cat":[288],"product_tag":[281,283,295],"class_list":{"0":"post-21321","1":"product","2":"type-product","3":"status-publish","4":"has-post-thumbnail","6":"product_cat-kastmissusteemiga-lillepotid","7":"product_tag-lillepotid","8":"product_tag-kastmissusteemiga-taimepotid","9":"product_tag-kastmissusteemiga-lillepotid","10":"infinite-scroll-item","11":"no-featured-image-padding","12":"sales-flash-overlay","13":"woocommerce-text-align-left","14":"woocommerce-image-align-center","15":"do-quantity-buttons","17":"first","18":"instock","19":"sale","20":"shipping-taxable","21":"purchasable","22":"product-type-simple"},"_links":{"self":[{"href":"https:\/\/vitavia.ee\/kasvuhoone\/wp-json\/wp\/v2\/product\/21321","targetHints":{"allow":["GET"]}}],"collection":[{"href":"https:\/\/vitavia.ee\/kasvuhoone\/wp-json\/wp\/v2\/product"}],"about":[{"href":"https:\/\/vitavia.ee\/kasvuhoone\/wp-json\/wp\/v2\/types\/product"}],"replies":[{"embeddable":true,"href":"https:\/\/vitavia.ee\/kasvuhoone\/wp-json\/wp\/v2\/comments?post=21321"}],"wp:featuredmedia":[{"embeddable":true,"href":"https:\/\/vitavia.ee\/kasvuhoone\/wp-json\/wp\/v2\/media\/21345"}],"wp:attachment":[{"href":"https:\/\/vitavia.ee\/kasvuhoone\/wp-json\/wp\/v2\/media?parent=21321"}],"wp:term":[{"taxonomy":"product_brand","embeddable":true,"href":"https:\/\/vitavia.ee\/kasvuhoone\/wp-json\/wp\/v2\/product_brand?post=21321"},{"taxonomy":"product_cat","embeddable":true,"href":"https:\/\/vitavia.ee\/kasvuhoone\/wp-json\/wp\/v2\/product_cat?post=21321"},{"taxonomy":"product_tag","embeddable":true,"href":"https:\/\/vitavia.ee\/kasvuhoone\/wp-json\/wp\/v2\/product_tag?post=21321"}],"curies":[{"name":"wp","href":"https:\/\/api.w.org\/{rel}","templated":true}]}}