{"id":21453,"date":"2024-02-12T17:53:49","date_gmt":"2024-02-12T14:53:49","guid":{"rendered":"https:\/\/vitavia.ee\/kasvuhoone\/?post_type=product&#038;p=21453"},"modified":"2024-02-27T18:03:51","modified_gmt":"2024-02-27T15:03:51","slug":"sidumistugi-tomatipotile","status":"publish","type":"product","link":"https:\/\/vitavia.ee\/kasvuhoone\/toode\/sidumistugi-tomatipotile\/","title":{"rendered":"Sidumistugi tomatipotile"},"content":{"rendered":"<p><strong>\u00dche sidumistoe komplekt sisaldab<\/strong>:<br \/>\n\u2013 p\u00f5hjaalus<br \/>\n\u2013 sidumistugi koos nelja kinnitusklambriga<br \/>\n\u2013 suurus 180 x 180 x 1251 mm<br \/>\n\u2013 kaal 0,4 kg<\/p>\n<p><b>Sidumistugi on saadaval \u00fchese v\u00f5i kolmese komplektina:<br \/>\n<\/b>\u2013 1 t\u00fckk\u00a0 hind<b> 25 eur<br \/>\n<\/b>\u2013 3 t\u00fckki hind<b> 55 eur<\/b><\/p>\n<p>K\u00f5rgkvaliteetsed materjalid tagavad toote vastupidavuse ilmastikutingimustele (k\u00fclm, kuum, niiskus).<\/p>\n<p><span class=\"Y2IQFc\" lang=\"et\">ENAM POLE VAJA KARTA, ET TOMATITAIMED \u00dcMBER KUKUVAD\u2026<br \/>\nTaimed kasvavad kiiresti, aga sidumisn\u00f6\u00f6rid ei pea v\u00f5i pole neid kuhugi kinnitada.<br \/>\nMeie praktiline SIDUMISTUGI on Sulle lahenduseks\u00a0<\/span>-stabiilne ja tugev integreeritud alusega alumiiniumist sidumistugi koos kinnitusklambritega, pakkudes taimedele stabiilset tuge ning need ei kuku \u00fcmber.<\/p>\n<p>Asetage sidumistugi enne istutamist poti p\u00f5hja. Pange peale muld ning istutage tomati- v\u00f5i m\u00f5ni muu taim, mis kasvades kindlasti sidumist ja tuge vajab. T\u00e4nu raskusele, mis tekib koos mullaga, on tugi v\u00e4ga stabiilne.<br \/>\nHiljem saate lihtsalt kasvavaid taimi selle k\u00fclge kaasasolevate klambritega kinnitada ja teie taim on alati sirge ning p\u00fcsti.<\/p>\n<h2>KASUTATAVAD NII SISE- KUI KA V\u00c4LISTINGIMUSTES.<\/h2>\n<p><strong><em>LIHTNE JA ROHELINE!<\/em><\/strong><\/p>\n","protected":false},"excerpt":{"rendered":"<p>Tomati sidumistugi &#8211; sobib igale taimepotile<\/p>\n","protected":false},"featured_media":21465,"comment_status":"closed","ping_status":"closed","template":"","meta":[],"product_brand":[],"product_cat":[288,1492],"product_tag":[283,295,281],"class_list":{"0":"post-21453","1":"product","2":"type-product","3":"status-publish","4":"has-post-thumbnail","6":"product_cat-kastmissusteemiga-lillepotid","7":"product_cat-lillepotid-ja-taimepotid","8":"product_tag-kastmissusteemiga-taimepotid","9":"product_tag-kastmissusteemiga-lillepotid","10":"product_tag-lillepotid","11":"infinite-scroll-item","12":"no-featured-image-padding","13":"sales-flash-overlay","14":"woocommerce-text-align-left","15":"woocommerce-image-align-center","16":"do-quantity-buttons","18":"first","19":"instock","20":"shipping-taxable","21":"purchasable","22":"product-type-simple"},"_links":{"self":[{"href":"https:\/\/vitavia.ee\/kasvuhoone\/wp-json\/wp\/v2\/product\/21453","targetHints":{"allow":["GET"]}}],"collection":[{"href":"https:\/\/vitavia.ee\/kasvuhoone\/wp-json\/wp\/v2\/product"}],"about":[{"href":"https:\/\/vitavia.ee\/kasvuhoone\/wp-json\/wp\/v2\/types\/product"}],"replies":[{"embeddable":true,"href":"https:\/\/vitavia.ee\/kasvuhoone\/wp-json\/wp\/v2\/comments?post=21453"}],"wp:featuredmedia":[{"embeddable":true,"href":"https:\/\/vitavia.ee\/kasvuhoone\/wp-json\/wp\/v2\/media\/21465"}],"wp:attachment":[{"href":"https:\/\/vitavia.ee\/kasvuhoone\/wp-json\/wp\/v2\/media?parent=21453"}],"wp:term":[{"taxonomy":"product_brand","embeddable":true,"href":"https:\/\/vitavia.ee\/kasvuhoone\/wp-json\/wp\/v2\/product_brand?post=21453"},{"taxonomy":"product_cat","embeddable":true,"href":"https:\/\/vitavia.ee\/kasvuhoone\/wp-json\/wp\/v2\/product_cat?post=21453"},{"taxonomy":"product_tag","embeddable":true,"href":"https:\/\/vitavia.ee\/kasvuhoone\/wp-json\/wp\/v2\/product_tag?post=21453"}],"curies":[{"name":"wp","href":"https:\/\/api.w.org\/{rel}","templated":true}]}}