{"id":21672,"date":"2024-02-12T22:54:08","date_gmt":"2024-02-12T19:54:08","guid":{"rendered":"https:\/\/vitavia.ee\/kasvuhoone\/?post_type=product&#038;p=21672"},"modified":"2024-02-27T17:54:42","modified_gmt":"2024-02-27T14:54:42","slug":"kastmissusteemiga-taimekonteiner-2","status":"publish","type":"product","link":"https:\/\/vitavia.ee\/kasvuhoone\/toode\/kastmissusteemiga-taimekonteiner-2\/","title":{"rendered":"Kastmiss\u00fcsteemiga taimekonteiner"},"content":{"rendered":"<h4><strong>\u201cTargad\u201d kastmiss\u00fcsteemiga taimepotid nii sise- kui v\u00e4litingimustesse.<br \/>\n<\/strong><\/h4>\n<p>Kastmiss\u00fcsteemiga taimekonteinerid, mis sobivad nii \u00fcrtide, salatite, maasikate kui ka muude pisemate taimede muretuks ja hooldusvabamaks kasvatamiseks.<br \/>\n\u00d5hutusavadega valgust l\u00e4bilaskev kaas muudab taimekonteineri mini-kasvuhooneks, kus hea pisemaid taimi kasvatada v\u00f5i suuremaid ette kasvatada.<\/p>\n<p>Poti suurus:<br \/>\n\u2013 laius\u00a0 79 cm<br \/>\n\u2013 pikkus 37,5 cm<br \/>\n\u2013 k\u00f5rgus 95 cm<br \/>\n\u2013 kaal 5 kg<br \/>\n\u2013 maht 40 l<br \/>\n\u2013 sisemine veepaak 15 l<\/p>\n<ul>\n<li>Seemnediski mix (a\u2019 4 sorti): salatisegu mix, salati mix, \u00fcrtide mix\u00a0 ja k\u00f6\u00f6givilja mix \u2013 15 eur \/ 1 pakk<\/li>\n<li>erinevad orgaanilised seemned (pakis 3 sorti): salati mix, kokteili mix, \u00fcrtide mix, k\u00f6\u00f6giviljade mix \u2013 6.90 eur \/ 1 pk.<\/li>\n<\/ul>\n<p><strong>Disainitud ja dekoratiivne taimekonteiner on saadaval kolmes v\u00e4rvis:\u00a0<\/strong>helehall, roheline, tumehall<\/p>\n<p>Taimekonteineril on topelt sisu, kus sisemise ja v\u00e4limise osa vahele tekib veepaak. Indikaator n\u00e4itab veetaseme hulka. Kastmiss\u00fcsteem niisutab taimi, Sina pead vaid aegajalt veepaaki t\u00e4itma..<br \/>\nK\u00f5rgkvaliteetsed materjalid tagavad taimepoti vastupidavuse ilmastikutingimustele (k\u00fclm, kuum, niiskus). Pott on UV-kindel.<\/p>\n<blockquote><p>Isekastvad<br \/>\nUV-kaitse<br \/>\nV\u00e4litingimustes nii suvel kui talvel<br \/>\nIdeaalne nii koju, kontorisse, r\u00f5dule v\u00f5i aeda<br \/>\nK\u00f5rgkvaliteetne<\/p><\/blockquote>\n<p><span class=\"Y2IQFc\" lang=\"et\">Kas taimede kasvatamine on t\u00f6\u00f6mahukas? Taimed kuivavad v\u00e4ga kiiresti ja pole neid kuhugi panna? Meie stiilne ja praktiline kastmiss\u00fcsteemiga TAIMEKONTEINER on Sulle lahendus!<br \/>\nT\u00e4nu sellistele nutikatele lahendustele pole aiapidamine ja taimekasvatus olnud kunagi nii lihtne.<br \/>\nJa t\u00e4nu oma kompaktsele suurusele sobib see nii aeda, r\u00f5dule kui ka terassile.<\/span><\/p>\n<p>\u2013 integreeritud niisutuss\u00fcsteem<br \/>\n\u2013 stabiilne ja tugev puidust jalgadega plastikust kasvatuskonteiner<br \/>\n\u2013 veepaak 15 l, millel ok k\u00fclje peal vee t\u00e4itmisava ja veetaseme n\u00e4iduk<br \/>\n\u2013 veepaagi ja mullapoti vaheline niisutuss\u00fcsteem<\/p>\n<p>Alumises osas oleva veepaak on 15 liitrit \u2013 t\u00e4itke seda vastavalt vajadusele umbes 1-2 n\u00e4dala tagant (s\u00f5ltuvalt ilmadest ja temperatuurist).<\/p>\n<p>Just salatite puhul on v\u00e4ga oluline regulaarne kastmine. T\u00e4nu selle taimekonteineri kastmiss\u00fcsteemile on sinu taimed varustatud alati \u00f5ige koguse veega, ilma et tekiks \u00fcleujutuse oht.<\/p>\n<p>T\u00e4nu konteineri kattele kaitsete taimi k\u00fclmumise eest ja tagate seemnetele ideaalsed idanemistingimused. L\u00e4bi katte \u00f5huavade saate reguleerida selle all vajalikku ventilatsiooni, pakkudes taimedele optimaalset kliimat: mitte kunagi liiga niiske ja mitte kunagi liiga kuiv.<\/p>\n<p id=\"tw-target-text\" class=\"tw-data-text tw-text-large tw-ta\" dir=\"ltr\" data-placeholder=\"T\u00f5lge\"><span class=\"Y2IQFc\" lang=\"et\">Vajate veel 40L mulda ja lemmiktaimi ning m\u00f5ne minuti p\u00e4rast on teie need istutatud ja valmis turvaliselt ning hoolitsetult kasvama.<br \/>\nHoia oma toidulaud varakevadest kuni hiliss\u00fcgiseni roheline!<\/span><\/p>\n<p><strong>Kastmiss\u00fcsteemiga taimekonteinerid<\/strong>\u00a0 \u2013 nendega saad vabaduse ja<strong>\u00a0sinu taimed on samal ajal hoolitsetud.<\/strong><\/p>\n<h2>KASUTATAVAD NII SISE- KUI KA V\u00c4LISTINGIMUSTES.<\/h2>\n<p><strong><em>LIHTNE JA ROHELINE!<\/em><\/strong><\/p>\n","protected":false},"excerpt":{"rendered":"<p>Kastmiss\u00fcsteemiga \u00fcrdikonteiner<br \/>\n\u2013 m\u00f5\u00f5dud: 79 x 37,5 x 95 cm + kaas<\/p>\n","protected":false},"featured_media":21678,"comment_status":"closed","ping_status":"closed","template":"","meta":[],"product_brand":[],"product_cat":[288],"product_tag":[283,295,281],"class_list":{"0":"post-21672","1":"product","2":"type-product","3":"status-publish","4":"has-post-thumbnail","6":"product_cat-kastmissusteemiga-lillepotid","7":"product_tag-kastmissusteemiga-taimepotid","8":"product_tag-kastmissusteemiga-lillepotid","9":"product_tag-lillepotid","10":"infinite-scroll-item","11":"no-featured-image-padding","12":"sales-flash-overlay","13":"woocommerce-text-align-left","14":"woocommerce-image-align-center","15":"do-quantity-buttons","17":"first","18":"instock","19":"sale","20":"shipping-taxable","21":"purchasable","22":"product-type-simple"},"_links":{"self":[{"href":"https:\/\/vitavia.ee\/kasvuhoone\/wp-json\/wp\/v2\/product\/21672","targetHints":{"allow":["GET"]}}],"collection":[{"href":"https:\/\/vitavia.ee\/kasvuhoone\/wp-json\/wp\/v2\/product"}],"about":[{"href":"https:\/\/vitavia.ee\/kasvuhoone\/wp-json\/wp\/v2\/types\/product"}],"replies":[{"embeddable":true,"href":"https:\/\/vitavia.ee\/kasvuhoone\/wp-json\/wp\/v2\/comments?post=21672"}],"wp:featuredmedia":[{"embeddable":true,"href":"https:\/\/vitavia.ee\/kasvuhoone\/wp-json\/wp\/v2\/media\/21678"}],"wp:attachment":[{"href":"https:\/\/vitavia.ee\/kasvuhoone\/wp-json\/wp\/v2\/media?parent=21672"}],"wp:term":[{"taxonomy":"product_brand","embeddable":true,"href":"https:\/\/vitavia.ee\/kasvuhoone\/wp-json\/wp\/v2\/product_brand?post=21672"},{"taxonomy":"product_cat","embeddable":true,"href":"https:\/\/vitavia.ee\/kasvuhoone\/wp-json\/wp\/v2\/product_cat?post=21672"},{"taxonomy":"product_tag","embeddable":true,"href":"https:\/\/vitavia.ee\/kasvuhoone\/wp-json\/wp\/v2\/product_tag?post=21672"}],"curies":[{"name":"wp","href":"https:\/\/api.w.org\/{rel}","templated":true}]}}