{"id":21818,"date":"2024-02-13T09:57:27","date_gmt":"2024-02-13T06:57:27","guid":{"rendered":"https:\/\/vitavia.ee\/kasvuhoone\/?post_type=product&#038;p=21818"},"modified":"2024-02-13T10:17:42","modified_gmt":"2024-02-13T07:17:42","slug":"kastmissusteemiga-lillepott-basic-m","status":"publish","type":"product","link":"https:\/\/vitavia.ee\/kasvuhoone\/toode\/kastmissusteemiga-lillepott-basic-m\/","title":{"rendered":"Kastmiss\u00fcsteemiga lillepott Basic M"},"content":{"rendered":"<p>Kastmiss\u00fcsteemiga moodilpotid v\u00f5imaldavad hooldusvabamat ja ruumis\u00e4\u00e4stlikumat taimekasvatust. Sinu taimed on hooldatud 1-6 n\u00e4dalat ja sa v\u00f5id vabalt ning muretult puhkusele s\u00f5ita.<\/p>\n<p>Moodulpotte on lihtne paigaldada nii lauale, maha kui ka seinale. Dekoratiivsed ja ruumis\u00e4\u00e4stlikud nii kodus, aias, <a href=\"https:\/\/vitavia.ee\/kasvuhoone\/tootekategooria\/kasvuhooned\/\">kasvuhoones<\/a> kui ka kontoris.<br \/>\nKastmiss\u00fcsteemiga moodulpotile leiad ka v\u00e4ikeses ruumis koha, kus midagi kasvama panna.<\/p>\n<h4>Kaks lillepotti\u00a0+ kastmisanum\/veen\u00f5u<\/h4>\n<h4>\u2013 m\u00f5\u00f5dud: 49 x 17,5 x 26 cm<br \/>\n\u2013\u00a0kaal: 0,75 kg<br \/>\n\u2013 maht: 2,5 l vesi \/ 16cm \u2013 2,25l mulda<br \/>\nV\u00e4rv: valge<br \/>\nV\u00e4rvilised lisaalused: hall, roheline, sinine, lilla, punane<br \/>\nMaterjal: UV-kaitsega plastik<\/h4>\n<h4><span style=\"color: #008000;\"><strong>HINNAD:<\/strong><\/span><br \/>\nMoodulpott &#8211; 39,00 eur<br \/>\nLisatasu eest:<br \/>\n&#8211; lisapott M &#8211; 8,00 eur<br \/>\n&#8211; v\u00e4etis 1 pakk &#8211; 12,00 eur<br \/>\n&#8211; seinale kinnitamise L-alus &#8211; 12,00 eur<br \/>\n&#8211;\u00a0kastekann Minigarden 2,5 l &#8211; 19,00 eur<\/h4>\n<p>Potiga on kaasas komplekt orgaanilise v\u00e4etisi.<\/p>\n<blockquote><p>UV-kaitse<br \/>\nNii sise- kui v\u00e4litingimustesse<br \/>\nKerge<br \/>\nIdeaalne nii koju, aeda kui ka kontorisse<br \/>\nTaaskasutatav materjal<br \/>\nK\u00f5rgkvaliteetne<\/p><\/blockquote>\n<p>&nbsp;<\/p>\n<p><a href=\"https:\/\/youtu.be\/hzagEpO7FHI\">Kastmiss\u00fcsteemiga lillepoti tutvustusvideo<\/a><\/p>\n","protected":false},"excerpt":{"rendered":"<p>Kaks lillepotti + kastmisanum\/veen\u00f5u<br \/>\n&#8211; m\u00f5\u00f5dud: 49 x 17,5 x 26 cm<\/p>\n","protected":false},"featured_media":21824,"comment_status":"closed","ping_status":"closed","template":"","meta":[],"product_brand":[],"product_cat":[288],"product_tag":[281,283,295],"class_list":{"0":"post-21818","1":"product","2":"type-product","3":"status-publish","4":"has-post-thumbnail","6":"product_cat-kastmissusteemiga-lillepotid","7":"product_tag-lillepotid","8":"product_tag-kastmissusteemiga-taimepotid","9":"product_tag-kastmissusteemiga-lillepotid","10":"infinite-scroll-item","11":"no-featured-image-padding","12":"sales-flash-overlay","13":"woocommerce-text-align-left","14":"woocommerce-image-align-center","15":"do-quantity-buttons","17":"first","18":"instock","19":"sale","20":"shipping-taxable","21":"purchasable","22":"product-type-simple"},"_links":{"self":[{"href":"https:\/\/vitavia.ee\/kasvuhoone\/wp-json\/wp\/v2\/product\/21818","targetHints":{"allow":["GET"]}}],"collection":[{"href":"https:\/\/vitavia.ee\/kasvuhoone\/wp-json\/wp\/v2\/product"}],"about":[{"href":"https:\/\/vitavia.ee\/kasvuhoone\/wp-json\/wp\/v2\/types\/product"}],"replies":[{"embeddable":true,"href":"https:\/\/vitavia.ee\/kasvuhoone\/wp-json\/wp\/v2\/comments?post=21818"}],"wp:featuredmedia":[{"embeddable":true,"href":"https:\/\/vitavia.ee\/kasvuhoone\/wp-json\/wp\/v2\/media\/21824"}],"wp:attachment":[{"href":"https:\/\/vitavia.ee\/kasvuhoone\/wp-json\/wp\/v2\/media?parent=21818"}],"wp:term":[{"taxonomy":"product_brand","embeddable":true,"href":"https:\/\/vitavia.ee\/kasvuhoone\/wp-json\/wp\/v2\/product_brand?post=21818"},{"taxonomy":"product_cat","embeddable":true,"href":"https:\/\/vitavia.ee\/kasvuhoone\/wp-json\/wp\/v2\/product_cat?post=21818"},{"taxonomy":"product_tag","embeddable":true,"href":"https:\/\/vitavia.ee\/kasvuhoone\/wp-json\/wp\/v2\/product_tag?post=21818"}],"curies":[{"name":"wp","href":"https:\/\/api.w.org\/{rel}","templated":true}]}}