{"id":21890,"date":"2024-02-13T11:11:34","date_gmt":"2024-02-13T08:11:34","guid":{"rendered":"https:\/\/vitavia.ee\/kasvuhoone\/?post_type=product&#038;p=21890"},"modified":"2024-02-27T17:58:51","modified_gmt":"2024-02-27T14:58:51","slug":"maasikapeenar-vertikaalne","status":"publish","type":"product","link":"https:\/\/vitavia.ee\/kasvuhoone\/toode\/maasikapeenar-vertikaalne\/","title":{"rendered":"Maasikapeenar vertikaalne"},"content":{"rendered":"<p><span class=\"Y2IQFc\" lang=\"et\"><strong>Vertikaalne moodulitest koosnev istutuss\u00fcsteem<\/strong>, mis on spetsiaalselt loodud\u00a0<strong>maasikate<\/strong>\u00a0kasvatamiseks r\u00f5dudel, terrassidel v\u00f5i aias.<br \/>\nLisaks maasikatele saab seal v\u00e4ga edukalt kasvatada ka \u00fcrte, salateid, lilli v\u00f5i muid v\u00e4ikesekasvulisi taimi.<br \/>\nT\u00e4nu tema erilisele<strong>\u00a0ruumis\u00e4\u00e4stlikule kujule<\/strong>\u00a0mahub see ka pisematesse kohtadesse, mahutades aga \u00fcsna palju taimi.<\/span><\/p>\n<p><strong>Potis\u00fcsteemi on saadaval neljas erinevas suuruses,\u00a0<\/strong>v\u00f5imaldades selle paigutust igas v\u00f5imalikus olukorras ja tehes maasikakasvatuse l\u00f5busaks ja lihtsaks:<br \/>\n\u2013 starter: 4 tasapinda k\u00f5rgus 77 cm, 1,7 kg, 10 l mulda, 9 taime \u2013\u00a0<strong>55 eur<\/strong><br \/>\n\u2013 classic: 6 tasapinda k\u00f5rgus 1,12 m, 2,3 kg, 15 l mulda, 13 taime \u2013 <strong>75 eur<\/strong><br \/>\n\u2013 infinity: 10 tasapinda k\u00f5rgus 1,85 m, 3,5 kg, 25 l mulda, 21 taime \u2013\u00a0<strong>125 eur<\/strong><br \/>\n\u2013 riputatav: 4 tasapinda k\u00f5rgus 77 cm,\u00a0 1,7 kg, 10 l mulda, 9 taime \u2013 <strong>75 eur<\/strong><br \/>\nIga poti k\u00f5rgus on 205 mm, poti p\u00f5hja l\u00e4bim\u00f5\u00f5t 125 mm, l\u00e4bim\u00f5\u00f5t koos taimeavadega 272 mm, alusp\u00f5hja l\u00e4bim\u00f5\u00f5t 317 mm. Iga pott mahutab 2,5 l mulda.<\/p>\n<p>Disainitud ja dekoratiivne vertikaalne taimepott on saadaval<strong>\u00a0kahes v\u00e4rvis:\u00a0<\/strong>valge ja tumehall<\/p>\n<p>K\u00f5rgkvaliteetsed materjalid tagavad taimepoti vastupidavuse ilmastikutingimustele (k\u00fclm, kuum, niiskus).<br \/>\nPott on UV-kindel.<\/p>\n<p>UV-kaitse<br \/>\nV\u00e4litingimustes nii suvel kui talvel<br \/>\nIdeaalne nii koju, kontorisse, r\u00f5dule, terrassile v\u00f5i aeda<br \/>\nK\u00f5rgkvaliteetne<\/p>\n<p><strong>Lihtsalt kokkupandav mooduls\u00fcsteem<\/strong>, milles on maasikate kasvatamine\u00a0 imelihtne.<br \/>\nT\u00e4itke iga tasandi pott mullaga ja istutage taimed k\u00fclgavadesse ning tippu.<br \/>\nKl\u00f5psake moodulpotid \u00fcksteise peale kinni. Olenevalt mudelist kinnitatakse torn kas alusele v\u00f5i riputatakse \u00fcles.<br \/>\n<strong>Lihtne kastmine<\/strong>, mis s\u00e4\u00e4stab vett ja aega: nutikas vett juhtiv niisutuss\u00fcsteem tagab, et k\u00f5ik taimed oleks k\u00f5ikidel tasanditel v\u00f5rdselt niisutatud. Lihtsalt vala vesi \u00fclemisse taimepotti ja vesi jaotub maasikapuus automaatselt ning \u00fchtlaselt \u00fclevalt alla. P\u00f5hjaalus v\u00e4listab v\u00e4ljavoolu ja p\u00f5rand ei saa m\u00e4rjaks.<br \/>\n<strong>Kaitse kahjurite eest<br \/>\n<\/strong>Siledad pinnad, torni \u00fclesehitus ja vaheseintega tasapinnad kaitsevad teie taimi ja vilju t\u00f5husalt soovimatute kahjurite eest.<\/p>\n<p><strong>V\u00e4rske &amp; maitsev<\/strong><br \/>\nMaasikad on \u00fcks populaarsemaid puuvilju kogu maailmas. Kahjuks on supermarketist p\u00e4rit maasikad sageli saastatud ja maitsetud. Seet\u00f5ttu eelistamegi enda kasvatatud v\u00e4rskeid ja kr\u00f5mpsuvaid puuvilju.<\/p>\n<p><strong>Kas on tuju midagi muud kasvatada?<\/strong><br \/>\nLisaks maasikatele saab seal kasvatada ka maitsetaimi: basiilik, piparm\u00fcnt, murulauk, petersell, k\u00fc\u00fcslauku ja salatit.<\/p>\n<p><strong><em>LIHTNE JA ROHELINE!<\/em><\/strong><\/p>\n","protected":false},"excerpt":{"rendered":"<p>Vertikaalne moodulpeenar:<br \/>\n\u2013 4 suurust, valge ja hall<\/p>\n","protected":false},"featured_media":21896,"comment_status":"closed","ping_status":"closed","template":"","meta":[],"product_brand":[],"product_cat":[288,1492],"product_tag":[281,283,295],"class_list":{"0":"post-21890","1":"product","2":"type-product","3":"status-publish","4":"has-post-thumbnail","6":"product_cat-kastmissusteemiga-lillepotid","7":"product_cat-lillepotid-ja-taimepotid","8":"product_tag-lillepotid","9":"product_tag-kastmissusteemiga-taimepotid","10":"product_tag-kastmissusteemiga-lillepotid","11":"infinite-scroll-item","12":"no-featured-image-padding","13":"sales-flash-overlay","14":"woocommerce-text-align-left","15":"woocommerce-image-align-center","16":"do-quantity-buttons","18":"first","19":"instock","20":"shipping-taxable","21":"purchasable","22":"product-type-simple"},"_links":{"self":[{"href":"https:\/\/vitavia.ee\/kasvuhoone\/wp-json\/wp\/v2\/product\/21890","targetHints":{"allow":["GET"]}}],"collection":[{"href":"https:\/\/vitavia.ee\/kasvuhoone\/wp-json\/wp\/v2\/product"}],"about":[{"href":"https:\/\/vitavia.ee\/kasvuhoone\/wp-json\/wp\/v2\/types\/product"}],"replies":[{"embeddable":true,"href":"https:\/\/vitavia.ee\/kasvuhoone\/wp-json\/wp\/v2\/comments?post=21890"}],"wp:featuredmedia":[{"embeddable":true,"href":"https:\/\/vitavia.ee\/kasvuhoone\/wp-json\/wp\/v2\/media\/21896"}],"wp:attachment":[{"href":"https:\/\/vitavia.ee\/kasvuhoone\/wp-json\/wp\/v2\/media?parent=21890"}],"wp:term":[{"taxonomy":"product_brand","embeddable":true,"href":"https:\/\/vitavia.ee\/kasvuhoone\/wp-json\/wp\/v2\/product_brand?post=21890"},{"taxonomy":"product_cat","embeddable":true,"href":"https:\/\/vitavia.ee\/kasvuhoone\/wp-json\/wp\/v2\/product_cat?post=21890"},{"taxonomy":"product_tag","embeddable":true,"href":"https:\/\/vitavia.ee\/kasvuhoone\/wp-json\/wp\/v2\/product_tag?post=21890"}],"curies":[{"name":"wp","href":"https:\/\/api.w.org\/{rel}","templated":true}]}}