{"id":22058,"date":"2024-02-13T11:46:00","date_gmt":"2024-02-13T08:46:00","guid":{"rendered":"https:\/\/vitavia.ee\/kasvuhoone\/?post_type=product&#038;p=22058"},"modified":"2024-02-27T18:08:06","modified_gmt":"2024-02-27T15:08:06","slug":"kartulikasvatuse-torn-3s","status":"publish","type":"product","link":"https:\/\/vitavia.ee\/kasvuhoone\/toode\/kartulikasvatuse-torn-3s\/","title":{"rendered":"Kartulikasvatuse torn 3S"},"content":{"rendered":"<h4><strong>Maailma esimene professionaalne kartulikasvatuse torn.\u00a0<\/strong><\/h4>\n<p>Innovatiivne ja unikaalne moodulpott, mis v\u00f5imaldab kartulikasvatust ka linnaruumis ja v\u00e4iksemates aedades.<br \/>\nNendega leiad\u00a0alati koha, kus omale esimesi imematsvaid ja v\u00e4rskeid kartulid kasvatada.<br \/>\nDekoratiivsed ja ruumis\u00e4\u00e4stlikud tornpotid v\u00f5imaldavad kartulikasvatust ka linnaruumis ja v\u00e4iksemates alades.<\/p>\n<p>Lisaks kartulitele saab seal edukalt kasvatada ka maasikaid, \u00fcrte, salateid.<\/p>\n<ul>\n<li>lihtne maha panna ja kasvatada, kerge, kompaktne<\/li>\n<li>sobib r\u00f5dule, terrassile, kasvuhoonesse v\u00f5i v\u00e4iksemasse aeda<\/li>\n<li>saak on kaitstud kahjurite eest<\/li>\n<li>k\u00f5rge saagikus<\/li>\n<li>stiilne disain ja atraktiivne v\u00e4limus<\/li>\n<li>saadaval UV-kaitsega k\u00f5rgkvaliteetsest (polypropylen) spetsiaalselt toidukasvatamiseks m\u00f5eldud plastikust<\/li>\n<\/ul>\n<p><strong>Andmed:<br \/>\n<\/strong>\u2013 taimepoti l\u00e4bim\u00f5\u00f5t 380 mm<strong><br \/>\n<\/strong>\u2013 \u00fche taimepoti k\u00f5rgus 174 mm<br \/>\n\u2013 \u00fche poti kaal: 1,5 kg<br \/>\n\u2013 pakendi suurus:\u00a0388 x 440 x 220 mm<br \/>\n<strong>V\u00e4rvid:<\/strong>\u00a0antratsiit hall ja tumeroheline<\/p>\n<p><strong>Lisatasu eest:<br \/>\n<\/strong>\u2013 taimepoti alus, polypropylene, 1 kg\u00a0\u2013 9,00 eur<br \/>\n\u2013 k\u00fclmakaitse kangas, 17g\/qm,\u00a0D 650 mm, L 1.150 mm \u2013 15,00 eur<br \/>\n\u2013 putukakaitse kangas,\u00a045g\/qm,\u00a0D 650 mm, L 900 mm, elastik \u2013 15,00 eur<br \/>\n\u2013 100% orgaaniline v\u00e4etis 1 l \u2013 19,00 eur \/soodushind 12,90 eur<strong><br \/>\n<\/strong><\/p>\n<p><strong><em>LIHTNE JA ROHELINE!<\/em><\/strong><\/p>\n","protected":false},"excerpt":{"rendered":"<p>Kolmene kartulikasvatuse torn<br \/>\nK\u00f5rgus 522 mm, l\u00e4bim\u00f5\u00f5t 380 mm<\/p>\n","protected":false},"featured_media":22064,"comment_status":"closed","ping_status":"closed","template":"","meta":[],"product_brand":[],"product_cat":[288,1492],"product_tag":[281,283,295],"class_list":{"0":"post-22058","1":"product","2":"type-product","3":"status-publish","4":"has-post-thumbnail","6":"product_cat-kastmissusteemiga-lillepotid","7":"product_cat-lillepotid-ja-taimepotid","8":"product_tag-lillepotid","9":"product_tag-kastmissusteemiga-taimepotid","10":"product_tag-kastmissusteemiga-lillepotid","11":"infinite-scroll-item","12":"no-featured-image-padding","13":"sales-flash-overlay","14":"woocommerce-text-align-left","15":"woocommerce-image-align-center","16":"do-quantity-buttons","18":"first","19":"instock","20":"shipping-taxable","21":"purchasable","22":"product-type-simple"},"_links":{"self":[{"href":"https:\/\/vitavia.ee\/kasvuhoone\/wp-json\/wp\/v2\/product\/22058","targetHints":{"allow":["GET"]}}],"collection":[{"href":"https:\/\/vitavia.ee\/kasvuhoone\/wp-json\/wp\/v2\/product"}],"about":[{"href":"https:\/\/vitavia.ee\/kasvuhoone\/wp-json\/wp\/v2\/types\/product"}],"replies":[{"embeddable":true,"href":"https:\/\/vitavia.ee\/kasvuhoone\/wp-json\/wp\/v2\/comments?post=22058"}],"wp:featuredmedia":[{"embeddable":true,"href":"https:\/\/vitavia.ee\/kasvuhoone\/wp-json\/wp\/v2\/media\/22064"}],"wp:attachment":[{"href":"https:\/\/vitavia.ee\/kasvuhoone\/wp-json\/wp\/v2\/media?parent=22058"}],"wp:term":[{"taxonomy":"product_brand","embeddable":true,"href":"https:\/\/vitavia.ee\/kasvuhoone\/wp-json\/wp\/v2\/product_brand?post=22058"},{"taxonomy":"product_cat","embeddable":true,"href":"https:\/\/vitavia.ee\/kasvuhoone\/wp-json\/wp\/v2\/product_cat?post=22058"},{"taxonomy":"product_tag","embeddable":true,"href":"https:\/\/vitavia.ee\/kasvuhoone\/wp-json\/wp\/v2\/product_tag?post=22058"}],"curies":[{"name":"wp","href":"https:\/\/api.w.org\/{rel}","templated":true}]}}