{"id":22148,"date":"2024-02-13T15:10:55","date_gmt":"2024-02-13T12:10:55","guid":{"rendered":"https:\/\/vitavia.ee\/kasvuhoone\/?post_type=product&#038;p=22148"},"modified":"2024-02-18T12:34:04","modified_gmt":"2024-02-18T09:34:04","slug":"peenrakastid","status":"publish","type":"product","link":"https:\/\/vitavia.ee\/kasvuhoone\/toode\/peenrakastid\/","title":{"rendered":"Peenrakastid"},"content":{"rendered":"<h3><strong>Erineva suurusega mustast plastikust ning puitimitatsiooniga peenrakastid aeda v\u00f5i kasvuhoonesse<\/strong><\/h3>\n<h5>\u2013 60 cm x 60 cm x 25 cm (k\u00f5rgus) \u2013 hind 89 eur<br \/>\n\u2013 60 cm x 80 cm x 25 cm (k\u00f5rgus) \u2013 hind 99 eur<br \/>\n\u2013 80 cm x 80 cm x 25 cm (k\u00f5rgus) \u2013 hind 119 eur<\/h5>\n<p>Lihtne \u00fchendamine klikk-s\u00fcsteemiga, paigalduseks pole vaja t\u00f6\u00f6riistasid<br \/>\nPeenrakastid on tehtud mustast plastikust, millel puiduimitatsiooni muster.<br \/>\n100% \u00fcmbert\u00f6\u00f6deldud materjalist<br \/>\nUV-kindlad<br \/>\nK\u00f5rgkvaliteetne materjal tagab peenrakasti vastupidavuse ilmastikutingimustele (k\u00fclm, kuum, niiskus). Pott on UV-kindel.<\/p>\n<p>UV-kaitse<br \/>\nV\u00e4litingimustes nii suvel kui talvel<br \/>\nIdeaalne nii aeda, kasvuhoonesse kui ka verandale<br \/>\nK\u00f5rgkvaliteetne<\/p>\n","protected":false},"excerpt":{"rendered":"<h5>Peenramoodulid, kolm erinevat suurust<\/h5>\n","protected":false},"featured_media":22154,"comment_status":"closed","ping_status":"closed","template":"","meta":[],"product_brand":[],"product_cat":[1492],"product_tag":[283,295,281],"class_list":{"0":"post-22148","1":"product","2":"type-product","3":"status-publish","4":"has-post-thumbnail","6":"product_cat-lillepotid-ja-taimepotid","7":"product_tag-kastmissusteemiga-taimepotid","8":"product_tag-kastmissusteemiga-lillepotid","9":"product_tag-lillepotid","10":"infinite-scroll-item","11":"no-featured-image-padding","12":"sales-flash-overlay","13":"woocommerce-text-align-left","14":"woocommerce-image-align-center","15":"do-quantity-buttons","17":"first","18":"instock","19":"shipping-taxable","20":"purchasable","21":"product-type-simple"},"_links":{"self":[{"href":"https:\/\/vitavia.ee\/kasvuhoone\/wp-json\/wp\/v2\/product\/22148","targetHints":{"allow":["GET"]}}],"collection":[{"href":"https:\/\/vitavia.ee\/kasvuhoone\/wp-json\/wp\/v2\/product"}],"about":[{"href":"https:\/\/vitavia.ee\/kasvuhoone\/wp-json\/wp\/v2\/types\/product"}],"replies":[{"embeddable":true,"href":"https:\/\/vitavia.ee\/kasvuhoone\/wp-json\/wp\/v2\/comments?post=22148"}],"wp:featuredmedia":[{"embeddable":true,"href":"https:\/\/vitavia.ee\/kasvuhoone\/wp-json\/wp\/v2\/media\/22154"}],"wp:attachment":[{"href":"https:\/\/vitavia.ee\/kasvuhoone\/wp-json\/wp\/v2\/media?parent=22148"}],"wp:term":[{"taxonomy":"product_brand","embeddable":true,"href":"https:\/\/vitavia.ee\/kasvuhoone\/wp-json\/wp\/v2\/product_brand?post=22148"},{"taxonomy":"product_cat","embeddable":true,"href":"https:\/\/vitavia.ee\/kasvuhoone\/wp-json\/wp\/v2\/product_cat?post=22148"},{"taxonomy":"product_tag","embeddable":true,"href":"https:\/\/vitavia.ee\/kasvuhoone\/wp-json\/wp\/v2\/product_tag?post=22148"}],"curies":[{"name":"wp","href":"https:\/\/api.w.org\/{rel}","templated":true}]}}