{"id":22226,"date":"2024-02-13T15:27:18","date_gmt":"2024-02-13T12:27:18","guid":{"rendered":"https:\/\/vitavia.ee\/kasvuhoone\/?post_type=product&#038;p=22226"},"modified":"2024-02-13T15:43:46","modified_gmt":"2024-02-13T12:43:46","slug":"taimekastid-kastmissusteemiga","status":"publish","type":"product","link":"https:\/\/vitavia.ee\/kasvuhoone\/toode\/taimekastid-kastmissusteemiga\/","title":{"rendered":"Taimekastid kastmiss\u00fcsteemiga"},"content":{"rendered":"<h3><strong>\u201cTargad\u201d kastmiss\u00fcsteemiga taimekastid nii\u00a0sise- kui v\u00e4litingimustesse.<\/strong><\/h3>\n<h5>Poti suurus\u00a0 50 cm x 50 cm x 43 cm (k\u00f5rgus) \u2013 hind 215 eur<br \/>\nPoti suurus 95 cm x 39 cm x 43 cm (k\u00f5rgus) \u2013 hind 275 eur<br \/>\nPoti suurus 125 cm x 39 cm x 43 cm (k\u00f5rgus) \u2013 hind 299 eur<\/h5>\n<p><strong>V\u00e4rvivalik:\u00a0<\/strong>pruun, tumepruun, helepruun, pruun\/must, must, hall, tumehall, valge, beez, roheline, beezi-kirju, halli-kirju<\/p>\n<p>Sisu on tsingitud metallist ja peal kate punutud pol\u00fcrattanist.<\/p>\n<p>Lillepotil on topelt sisu, kus sisemise ja v\u00e4limise osa vahele tekib veepaak. Juuresolev indikaator n\u00e4itab veetaseme hulka. Iman\u00f6\u00f6rid juhivad niiskuse taimepotti sisse.<br \/>\nK\u00f5rgkvaliteetsed materjalid tagavad taimekasti vastupidavuse ilmastikutingimustele (k\u00fclm, kuum, niiskus). Pott on UV-kindel.<\/p>\n<blockquote><p>Isekastvad<br \/>\nUV-kaitse<br \/>\nV\u00e4litingimustes nii suvel kui talvel<br \/>\nIdeaalne nii koju, kontorisse, r\u00f5dule v\u00f5i aeda<br \/>\nK\u00f5rgkvaliteetne<\/p><\/blockquote>\n","protected":false},"excerpt":{"rendered":"<h5>Kastmiss\u00fcsteemiga taimekastid &#8211; 3 suurust<\/h5>\n","protected":false},"featured_media":22232,"comment_status":"closed","ping_status":"closed","template":"","meta":[],"product_brand":[],"product_cat":[288],"product_tag":[295,281,283],"class_list":{"0":"post-22226","1":"product","2":"type-product","3":"status-publish","4":"has-post-thumbnail","6":"product_cat-kastmissusteemiga-lillepotid","7":"product_tag-kastmissusteemiga-lillepotid","8":"product_tag-lillepotid","9":"product_tag-kastmissusteemiga-taimepotid","10":"infinite-scroll-item","11":"no-featured-image-padding","12":"sales-flash-overlay","13":"woocommerce-text-align-left","14":"woocommerce-image-align-center","15":"do-quantity-buttons","17":"first","18":"instock","19":"shipping-taxable","20":"purchasable","21":"product-type-simple"},"_links":{"self":[{"href":"https:\/\/vitavia.ee\/kasvuhoone\/wp-json\/wp\/v2\/product\/22226","targetHints":{"allow":["GET"]}}],"collection":[{"href":"https:\/\/vitavia.ee\/kasvuhoone\/wp-json\/wp\/v2\/product"}],"about":[{"href":"https:\/\/vitavia.ee\/kasvuhoone\/wp-json\/wp\/v2\/types\/product"}],"replies":[{"embeddable":true,"href":"https:\/\/vitavia.ee\/kasvuhoone\/wp-json\/wp\/v2\/comments?post=22226"}],"wp:featuredmedia":[{"embeddable":true,"href":"https:\/\/vitavia.ee\/kasvuhoone\/wp-json\/wp\/v2\/media\/22232"}],"wp:attachment":[{"href":"https:\/\/vitavia.ee\/kasvuhoone\/wp-json\/wp\/v2\/media?parent=22226"}],"wp:term":[{"taxonomy":"product_brand","embeddable":true,"href":"https:\/\/vitavia.ee\/kasvuhoone\/wp-json\/wp\/v2\/product_brand?post=22226"},{"taxonomy":"product_cat","embeddable":true,"href":"https:\/\/vitavia.ee\/kasvuhoone\/wp-json\/wp\/v2\/product_cat?post=22226"},{"taxonomy":"product_tag","embeddable":true,"href":"https:\/\/vitavia.ee\/kasvuhoone\/wp-json\/wp\/v2\/product_tag?post=22226"}],"curies":[{"name":"wp","href":"https:\/\/api.w.org\/{rel}","templated":true}]}}