{"id":22328,"date":"2024-02-13T16:42:53","date_gmt":"2024-02-13T13:42:53","guid":{"rendered":"https:\/\/vitavia.ee\/kasvuhoone\/?post_type=product&#038;p=22328"},"modified":"2024-02-20T15:50:44","modified_gmt":"2024-02-20T12:50:44","slug":"taimekastid-ja-lillepotid","status":"publish","type":"product","link":"https:\/\/vitavia.ee\/kasvuhoone\/toode\/taimekastid-ja-lillepotid\/","title":{"rendered":"Taimekastid ja lillepotid"},"content":{"rendered":"<h3><strong>Erineva suuruse ja v\u00e4rviga taimekastid ja lillepotid nii\u00a0sise- kui v\u00e4litingimustesse.<\/strong><\/h3>\n<h5>Poti suurus\u00a0 46 cm x 46 cm x 46 cm (k\u00f5rgus) \u2013 hind 135 eur<br \/>\nPoti suurus 35 cm x 35 cm x 60 cm (k\u00f5rgus) \u2013 hind 150 eur<br \/>\nPoti suurus 70 cm x 38 cm x 40 cm (k\u00f5rgus) \u2013 hind 155 eur<br \/>\nPoti suurus 98 cm x 25 cm x 34 cm (k\u00f5rgus) \u2013 hind 199 eur<br \/>\nPoti suurus 100 cm x 30 cm x 60 cm (k\u00f5rgus) \u2013 hind 225 eur<br \/>\nPoti suurus 108 cm x 38 cm x 43 cm (k\u00f5rgus) \u2013 hind\u00a0 225 eur<br \/>\nPoti suurus 130 cm x 40 cm x 45 cm (k\u00f5rgus) \u2013 hind 275 eur<br \/>\nPoti suurus 150 cm x 39 cm x 50 cm (k\u00f5rgus) \u2013 hind 340 eur<\/h5>\n<p><strong>V\u00e4rvivalik:<\/strong>\u00a0pruun, tumepruun, helepruun, pruun\/must, must, hall, tumehall, valge, beez, roheline, beezi-kirju, halli-kirju<\/p>\n<p>Sisu on tsingitud metallist ja peal kate punutud pol\u00fcrattanist.<br \/>\nK\u00f5rgkvaliteetsed materjalid tagavad taimekasti vastupidavuse ilmastikutingimustele (k\u00fclm, kuum, niiskus). Pott on UV-kindel.<br \/>\nTaimekastide \u00e4\u00e4red on viimistletud poleeritud alumiiniumiga.<br \/>\nTaimekaste saab kasutada ka v\u00e4litingimustes. Vihma korral voolab liigne vesi kasti allservas olevatest lahtistest avaustest v\u00e4lja ja taimed ei upu \u00e4ra.<\/p>\n<p>UV-kaitse<br \/>\nV\u00e4litingimustes nii suvel kui talvel<br \/>\nIdeaalne nii koju, kontorisse, r\u00f5dule v\u00f5i aeda<br \/>\nK\u00f5rgkvaliteetne<\/p>\n","protected":false},"excerpt":{"rendered":"<h5>Kastmiss\u00fcsteemiga taimekastid &#8211; 8 suurust<\/h5>\n","protected":false},"featured_media":22334,"comment_status":"closed","ping_status":"closed","template":"","meta":[],"product_brand":[],"product_cat":[288,1492],"product_tag":[281,283,295],"class_list":{"0":"post-22328","1":"product","2":"type-product","3":"status-publish","4":"has-post-thumbnail","6":"product_cat-kastmissusteemiga-lillepotid","7":"product_cat-lillepotid-ja-taimepotid","8":"product_tag-lillepotid","9":"product_tag-kastmissusteemiga-taimepotid","10":"product_tag-kastmissusteemiga-lillepotid","11":"infinite-scroll-item","12":"no-featured-image-padding","13":"sales-flash-overlay","14":"woocommerce-text-align-left","15":"woocommerce-image-align-center","16":"do-quantity-buttons","18":"first","19":"instock","20":"shipping-taxable","21":"purchasable","22":"product-type-simple"},"_links":{"self":[{"href":"https:\/\/vitavia.ee\/kasvuhoone\/wp-json\/wp\/v2\/product\/22328","targetHints":{"allow":["GET"]}}],"collection":[{"href":"https:\/\/vitavia.ee\/kasvuhoone\/wp-json\/wp\/v2\/product"}],"about":[{"href":"https:\/\/vitavia.ee\/kasvuhoone\/wp-json\/wp\/v2\/types\/product"}],"replies":[{"embeddable":true,"href":"https:\/\/vitavia.ee\/kasvuhoone\/wp-json\/wp\/v2\/comments?post=22328"}],"wp:featuredmedia":[{"embeddable":true,"href":"https:\/\/vitavia.ee\/kasvuhoone\/wp-json\/wp\/v2\/media\/22334"}],"wp:attachment":[{"href":"https:\/\/vitavia.ee\/kasvuhoone\/wp-json\/wp\/v2\/media?parent=22328"}],"wp:term":[{"taxonomy":"product_brand","embeddable":true,"href":"https:\/\/vitavia.ee\/kasvuhoone\/wp-json\/wp\/v2\/product_brand?post=22328"},{"taxonomy":"product_cat","embeddable":true,"href":"https:\/\/vitavia.ee\/kasvuhoone\/wp-json\/wp\/v2\/product_cat?post=22328"},{"taxonomy":"product_tag","embeddable":true,"href":"https:\/\/vitavia.ee\/kasvuhoone\/wp-json\/wp\/v2\/product_tag?post=22328"}],"curies":[{"name":"wp","href":"https:\/\/api.w.org\/{rel}","templated":true}]}}