{"id":22622,"date":"2024-02-13T18:08:30","date_gmt":"2024-02-13T15:08:30","guid":{"rendered":"https:\/\/vitavia.ee\/kasvuhoone\/?post_type=product&#038;p=22622"},"modified":"2024-02-13T18:26:25","modified_gmt":"2024-02-13T15:26:25","slug":"vertikaalne-aiandus-nurgapeenra-moodul-3-taimele","status":"publish","type":"product","link":"https:\/\/vitavia.ee\/kasvuhoone\/toode\/vertikaalne-aiandus-nurgapeenra-moodul-3-taimele\/","title":{"rendered":"Vertikaalne aiandus \u2013 nurgapeenra moodul 3 taimele"},"content":{"rendered":"<h1><strong>Vertikaalsed peenrad nii\u00a0sise- kui v\u00e4litingimustesse.<\/strong><\/h1>\n<h4>Vertikaalne miniaed v\u00f5imaldab \u00e4\u00e4rmiselt ruumis\u00e4\u00e4stlikku taimekasvatust. Ehk v\u00e4hene pind ei ole enam p\u00f5hjuseks, et sa kodus v\u00e4ikest aeda pidada ei saa.<\/h4>\n<p>Mooduleid on lihtne paigaldada nii seinale kui ka maha. Dekoratiivsed ja ruumis\u00e4\u00e4stlikud nii kodus, aias kui ka kontoris.<br \/>\nVertikaalse miniaiaga leiad alati koha, kus natukenegi midagi kasvama panna.<\/p>\n<h4><b>Peenramoodulile saab lisada ka automaatse kastmiss\u00fcsteemi.<\/b><\/h4>\n<p><strong>\u00dcherealine nurgamooduli komplekt 3 taime kohaga.<br \/>\n\u2013<\/strong>\u00a0\u00dche kolmese moodulkomplekti suurus\u00a0 16 x 16 x 57 cm \u2013 4,8l (0,82kg)<br \/>\n\u2013\u00a0\u00dche mooduli suurus\u00a0 16 x 16 x 20 cm \u2013 1,6l (0,25kg)<br \/>\n\u2013 Mooduli aluse suurus 14 x 14 x 3 cm<br \/>\n<strong>V\u00e4rv: valge, must, roheline, pruun, hall<br \/>\nMaterjal: UV-kaitsega plastik<\/strong><\/p>\n<h4><strong>HINNAD:<\/strong><br \/>\n<strong>Komplekti hind (\u00fcks rida \u2013 3 taimekohta)\u00a0\u2013 29,00 eur<br \/>\nLisa seinakinnituse alus \u2013 22 eur<\/strong><strong><br \/>\nLisa seinakinnituse klambrid \u2013 10 eur<br \/>\nKastmiss\u00fcsteem \u2013 65 eur<\/strong><\/h4>\n<h4><strong>\u00a0<\/strong><\/h4>\n<blockquote><p>UV-kaitse<br \/>\nV\u00e4litingimustes kuni -20 kraadi<br \/>\nKerge<br \/>\nIdeaalne nii koju, aeda kui ka kontorisse<br \/>\nK\u00f5rgkvaliteetne<\/p><\/blockquote>\n<h3><strong>Verikaalne aiandus<\/strong>\u00a0 \u2013 ideaalne tuppa, kontorisse, aeda, r\u00f5dudele v\u00f5i terrassidele<br \/>\n<strong>ja sinu \u00fcmbrus on alati roheline.<\/strong><\/h3>\n<h2>S\u00c4TI OMA TAIMED VERTIKAALSELT!<\/h2>\n<h3>Innovatiivne\u00a0moodulpott, mille k\u00f5rgust ja joondust saab lihtsalt muuta.<\/h3>\n<p><strong><em>LIHTNE JA ROHELINE!<\/em><\/strong><\/p>\n","protected":false},"excerpt":{"rendered":"<p>Suurus\u00a0 16 x 16 x 57 cm<\/p>\n","protected":false},"featured_media":22628,"comment_status":"closed","ping_status":"closed","template":"","meta":[],"product_brand":[],"product_cat":[288],"product_tag":[281,283,295],"class_list":{"0":"post-22622","1":"product","2":"type-product","3":"status-publish","4":"has-post-thumbnail","6":"product_cat-kastmissusteemiga-lillepotid","7":"product_tag-lillepotid","8":"product_tag-kastmissusteemiga-taimepotid","9":"product_tag-kastmissusteemiga-lillepotid","10":"infinite-scroll-item","11":"no-featured-image-padding","12":"sales-flash-overlay","13":"woocommerce-text-align-left","14":"woocommerce-image-align-center","15":"do-quantity-buttons","17":"first","18":"instock","19":"shipping-taxable","20":"purchasable","21":"product-type-simple"},"_links":{"self":[{"href":"https:\/\/vitavia.ee\/kasvuhoone\/wp-json\/wp\/v2\/product\/22622","targetHints":{"allow":["GET"]}}],"collection":[{"href":"https:\/\/vitavia.ee\/kasvuhoone\/wp-json\/wp\/v2\/product"}],"about":[{"href":"https:\/\/vitavia.ee\/kasvuhoone\/wp-json\/wp\/v2\/types\/product"}],"replies":[{"embeddable":true,"href":"https:\/\/vitavia.ee\/kasvuhoone\/wp-json\/wp\/v2\/comments?post=22622"}],"wp:featuredmedia":[{"embeddable":true,"href":"https:\/\/vitavia.ee\/kasvuhoone\/wp-json\/wp\/v2\/media\/22628"}],"wp:attachment":[{"href":"https:\/\/vitavia.ee\/kasvuhoone\/wp-json\/wp\/v2\/media?parent=22622"}],"wp:term":[{"taxonomy":"product_brand","embeddable":true,"href":"https:\/\/vitavia.ee\/kasvuhoone\/wp-json\/wp\/v2\/product_brand?post=22622"},{"taxonomy":"product_cat","embeddable":true,"href":"https:\/\/vitavia.ee\/kasvuhoone\/wp-json\/wp\/v2\/product_cat?post=22622"},{"taxonomy":"product_tag","embeddable":true,"href":"https:\/\/vitavia.ee\/kasvuhoone\/wp-json\/wp\/v2\/product_tag?post=22622"}],"curies":[{"name":"wp","href":"https:\/\/api.w.org\/{rel}","templated":true}]}}