{"id":22850,"date":"2024-02-13T20:42:29","date_gmt":"2024-02-13T17:42:29","guid":{"rendered":"https:\/\/vitavia.ee\/kasvuhoone\/?post_type=product&#038;p=22850"},"modified":"2024-02-13T21:57:42","modified_gmt":"2024-02-13T18:57:42","slug":"vihmavaras","status":"publish","type":"product","link":"https:\/\/vitavia.ee\/kasvuhoone\/toode\/vihmavaras\/","title":{"rendered":"Vihmavaras"},"content":{"rendered":"<h1 class=\"product_title entry-title\">\u00dchenduse komplekt vihmaveetoru ja veekogumise t\u00fcnni vahele<\/h1>\n<p><strong>Lihtsaim ja mugavaim viis vihmavee kogumiseks.<\/strong><\/p>\n<p>Vihmavee n\u00f5ude \u00fchenduse komplekt vihmaveetoru ja veekogumise t\u00fcnni vahele.<\/p>\n<p>M\u00f5eldud erinevate plastikust kraaniga vee kogumise n\u00f5udele<\/p>\n<p>Komplektis on kaasas puur \u00f5ige suurusega augu puurimiseks.<\/p>\n","protected":false},"excerpt":{"rendered":"<p>\u00dchenduskomplekt vihmaveetoru ja veet\u00fcnni vahele<\/p>\n","protected":false},"featured_media":22856,"comment_status":"closed","ping_status":"closed","template":"","meta":[],"product_brand":[],"product_cat":[1491],"product_tag":[283,295,281],"class_list":{"0":"post-22850","1":"product","2":"type-product","3":"status-publish","4":"has-post-thumbnail","6":"product_cat-vihmavee-kogumise-tunnid","7":"product_tag-kastmissusteemiga-taimepotid","8":"product_tag-kastmissusteemiga-lillepotid","9":"product_tag-lillepotid","10":"infinite-scroll-item","11":"no-featured-image-padding","12":"sales-flash-overlay","13":"woocommerce-text-align-left","14":"woocommerce-image-align-center","15":"do-quantity-buttons","17":"first","18":"instock","19":"shipping-taxable","20":"purchasable","21":"product-type-simple"},"_links":{"self":[{"href":"https:\/\/vitavia.ee\/kasvuhoone\/wp-json\/wp\/v2\/product\/22850","targetHints":{"allow":["GET"]}}],"collection":[{"href":"https:\/\/vitavia.ee\/kasvuhoone\/wp-json\/wp\/v2\/product"}],"about":[{"href":"https:\/\/vitavia.ee\/kasvuhoone\/wp-json\/wp\/v2\/types\/product"}],"replies":[{"embeddable":true,"href":"https:\/\/vitavia.ee\/kasvuhoone\/wp-json\/wp\/v2\/comments?post=22850"}],"wp:featuredmedia":[{"embeddable":true,"href":"https:\/\/vitavia.ee\/kasvuhoone\/wp-json\/wp\/v2\/media\/22856"}],"wp:attachment":[{"href":"https:\/\/vitavia.ee\/kasvuhoone\/wp-json\/wp\/v2\/media?parent=22850"}],"wp:term":[{"taxonomy":"product_brand","embeddable":true,"href":"https:\/\/vitavia.ee\/kasvuhoone\/wp-json\/wp\/v2\/product_brand?post=22850"},{"taxonomy":"product_cat","embeddable":true,"href":"https:\/\/vitavia.ee\/kasvuhoone\/wp-json\/wp\/v2\/product_cat?post=22850"},{"taxonomy":"product_tag","embeddable":true,"href":"https:\/\/vitavia.ee\/kasvuhoone\/wp-json\/wp\/v2\/product_tag?post=22850"}],"curies":[{"name":"wp","href":"https:\/\/api.w.org\/{rel}","templated":true}]}}