{"id":23793,"date":"2024-02-19T17:51:37","date_gmt":"2024-02-19T14:51:37","guid":{"rendered":"https:\/\/vitavia.ee\/kasvuhoone\/?post_type=product&#038;p=23793"},"modified":"2024-02-23T18:35:49","modified_gmt":"2024-02-23T15:35:49","slug":"taimepott-vaze-o","status":"publish","type":"product","link":"https:\/\/vitavia.ee\/kasvuhoone\/toode\/taimepott-vaze-o\/","title":{"rendered":"Taimepott Vaze O"},"content":{"rendered":"<p>Postamendi kujuline taimepott VAZE O<br \/>\n990 x 620 x 570 &#8211; 99 eur<br \/>\nV\u00e4rv: hall<\/p>\n<p>Postamendi kujuline taime- ja lillepott nii siseruumidesse kui ka v\u00e4lja.<br \/>\nSobivad erinevate taimede kasvatamiseks, seda nii avalikus ruumis, kontoris, kodus v\u00f5i ka koduaias.<\/p>\n<p>Taimepotid on valmistatud k\u00f5rgkvaliteetsest pol\u00fcet\u00fcleenist, mis sobib kasutamiseks nii siseruumides kui ka v\u00e4litingimustes. Kerge ja vastupidav materjal s\u00e4ilitab t\u00e4nu oma k\u00f5rgele kvaliteedile pikalt ilusa v\u00e4limuse, on kauakestev ning vastupidav.<br \/>\nBiopol\u00fcet\u00fcleen toodetakse taaskasutatud plastist ja puidust ning see on keskkonnas\u00f5bralik. Kasutage selle materjali eeliseid ja s\u00e4\u00e4stke loodust.<br \/>\nK\u00f5rgkvaliteetne plastik tagab toote vastupidavuse ilmastikutingimustele (k\u00fclm, kuum, niiskus).<br \/>\nPott on toodetud EL-s ja UV-kindel.<\/p>\n<h5>KASUTATAVAD NII SISE- KUI KA V\u00c4LISTINGIMUSTES.<\/h5>\n<p><strong><em>LIHTNE JA ROHELINE!<\/em><\/strong><\/p>\n<p>UV-kaitse<br \/>\nV\u00e4litingimustes nii suvel kui talvel<br \/>\nIdeaalne nii koju, kontorisse, r\u00f5dule v\u00f5i aeda<br \/>\nK\u00f5rgkvaliteetne<\/p>\n","protected":false},"excerpt":{"rendered":"<p>Postamendi kujuline pott<br \/>\n990 x 620 x 570 mm<\/p>\n","protected":false},"featured_media":23799,"comment_status":"closed","ping_status":"closed","template":"","meta":[],"product_brand":[],"product_cat":[1492],"product_tag":[281,283,295],"class_list":{"0":"post-23793","1":"product","2":"type-product","3":"status-publish","4":"has-post-thumbnail","6":"product_cat-lillepotid-ja-taimepotid","7":"product_tag-lillepotid","8":"product_tag-kastmissusteemiga-taimepotid","9":"product_tag-kastmissusteemiga-lillepotid","10":"infinite-scroll-item","11":"no-featured-image-padding","12":"sales-flash-overlay","13":"woocommerce-text-align-left","14":"woocommerce-image-align-center","15":"do-quantity-buttons","17":"first","18":"instock","19":"shipping-taxable","20":"purchasable","21":"product-type-simple"},"_links":{"self":[{"href":"https:\/\/vitavia.ee\/kasvuhoone\/wp-json\/wp\/v2\/product\/23793","targetHints":{"allow":["GET"]}}],"collection":[{"href":"https:\/\/vitavia.ee\/kasvuhoone\/wp-json\/wp\/v2\/product"}],"about":[{"href":"https:\/\/vitavia.ee\/kasvuhoone\/wp-json\/wp\/v2\/types\/product"}],"replies":[{"embeddable":true,"href":"https:\/\/vitavia.ee\/kasvuhoone\/wp-json\/wp\/v2\/comments?post=23793"}],"wp:featuredmedia":[{"embeddable":true,"href":"https:\/\/vitavia.ee\/kasvuhoone\/wp-json\/wp\/v2\/media\/23799"}],"wp:attachment":[{"href":"https:\/\/vitavia.ee\/kasvuhoone\/wp-json\/wp\/v2\/media?parent=23793"}],"wp:term":[{"taxonomy":"product_brand","embeddable":true,"href":"https:\/\/vitavia.ee\/kasvuhoone\/wp-json\/wp\/v2\/product_brand?post=23793"},{"taxonomy":"product_cat","embeddable":true,"href":"https:\/\/vitavia.ee\/kasvuhoone\/wp-json\/wp\/v2\/product_cat?post=23793"},{"taxonomy":"product_tag","embeddable":true,"href":"https:\/\/vitavia.ee\/kasvuhoone\/wp-json\/wp\/v2\/product_tag?post=23793"}],"curies":[{"name":"wp","href":"https:\/\/api.w.org\/{rel}","templated":true}]}}