{"id":24513,"date":"2024-03-08T10:42:01","date_gmt":"2024-03-08T07:42:01","guid":{"rendered":"https:\/\/vitavia.ee\/kasvuhoone\/?post_type=product&#038;p=24513"},"modified":"2025-02-17T11:57:53","modified_gmt":"2025-02-17T08:57:53","slug":"kasvuhoone-leon-laiusega-306-m","status":"publish","type":"product","link":"https:\/\/vitavia.ee\/kasvuhoone\/toode\/kasvuhoone-leon-laiusega-306-m\/","title":{"rendered":"Kasvuhoone Leon laiusega 3,06 m"},"content":{"rendered":"<p style=\"text-align: left;\">Atraktiivne ja kvaliteetne kasvuhoone aiandushuvilistele, kes v\u00f5tavad kasvuhoonet <strong>lisaks praktilisele vajadusele<\/strong> ka <strong>aeda kaunistava ja sinna harmooniliselt sobivana<\/strong>.<br \/>\nMeie <strong>k\u00f5rgklassi kasvuhooned<\/strong> sobivad ideaalselt igale aednikule &#8211; nii neile, kes seal ainult k\u00f6\u00f6givilju kasvatada plaanivad, kui ka neile, kes seda lisaks ka puhke- ja l\u00f5\u00f5gastuskohana kasutada soovivad.<br \/>\nJa seda k\u00f5ike <strong>parima kvaliteedi<\/strong> ja hinna suhtega!<br \/>\n<strong>Karkassi v\u00e4rv: <\/strong>alumiiniumist karkass, pulberv\u00e4rvitud tumehalliks RAL 7039\u00a0(v\u00f5i teie valitud RAL v\u00e4rviga lisatasu eest)<\/p>\n<p><strong>M\u00d5\u00d5DUD JA INFO:<\/strong><\/p>\n<ul>\n<li>Klassikaline kasvuhoone laiusega 3,06 m, ja pikkusega 4,45 m, pindala 13,62 m2.<\/li>\n<li>Kasvuhoonel on pikemas k\u00fclgseinas laiad topeltuksed.<\/li>\n<li>2 suurt katuseaknet 84 cm x 73 cm tagavad hea \u00f5huvahetuse.<\/li>\n<li>Katuseharja k\u00f5rgus koos alusraamiga on 2,83 m ning k\u00fclgseina k\u00f5rgus koos alusraamiga on 2,03 m.<\/li>\n<li>Kasvuhoonel on 12 aastane tehasepoolne garantii.<\/li>\n<\/ul>\n<p><strong>Kasvuhoonet saab kinnitada alusraamiga \u00fcksk\u00f5ik millisele ettevalmistatud kivi- v\u00f5i puitpinnale ning kindlasti ka betoonist v\u00f5i plokkidest vundamendile.<\/strong><br \/>\nTugev alumiiniumist alusraam annab kasvuhoonele suurema stabiilsuse ning teeb kokkupanemise hulga lihtsamaks. Alusraam on tugevast karpprofiilist ja 2 &#8211; kambriline, mis annab talle eriti suure j\u00e4ikuse n\u00e4iteks pakasekergete eest. Alusraamil on k\u00fcljes ankruvaiad, mida saab maasse kaevata v\u00f5i segusse valada. Sellisena v\u00f5ib alusraam ka asendada eraldi vundamendi tegemist.<\/p>\n<p>Kasvuhoone <strong>4 mm karastatud klaas<\/strong> on kuni 7 korda tugevam kui tavaline kasvuhooneklaas. See t\u00e4hendab suuremat turvalisust montaa\u017eil ja hilisemal kasutamisel. Kui klaas peaks purunema, siis ei teki ohtlikke teravaid kilde vaid klaasipuru nagu autoklaasi purunemisel. See puru ei vigasta ning eri riku pinnast kasvuhoones.<\/p>\n<p><img loading=\"lazy\" decoding=\"async\" class=\"alignnone size-medium wp-image-10160\" src=\"https:\/\/mwlconstruct.eu\/e-pood\/wp-content\/uploads\/2020\/10\/Tugeva_raamiga_kasvuhoone-300x202.jpg\" alt=\"\" width=\"300\" height=\"202\" \/><a href=\"https:\/\/mwlconstruct.eu\/e-pood\/wp-content\/uploads\/2020\/10\/ACD-kasvuhooned-ja-aiapaviljonid.jpg\"><img loading=\"lazy\" decoding=\"async\" class=\"alignnone wp-image-10172 size-medium\" src=\"https:\/\/mwlconstruct.eu\/e-pood\/wp-content\/uploads\/2020\/10\/ACD-kasvuhooned-ja-aiapaviljonid-300x225.jpg\" alt=\"\" width=\"300\" height=\"225\" \/><\/a><\/p>\n<p>&nbsp;<\/p>\n","protected":false},"excerpt":{"rendered":"<p>Laius 3,06m x Pikkus 4,45m=13,62m\u00b2<\/p>\n","protected":false},"featured_media":24645,"comment_status":"closed","ping_status":"closed","template":"","meta":[],"product_brand":[],"product_cat":[304],"product_tag":[256,1511,1516,247,248,249,253,254,255],"class_list":{"0":"post-24513","1":"product","2":"type-product","3":"status-publish","4":"has-post-thumbnail","6":"product_cat-star","7":"product_tag-triiphooned","8":"product_tag-karastatud-klaas","9":"product_tag-kuljed-karastatud-klaas-ja-katus-karastatud-jaaklaas","10":"product_tag-kasvuhoone","11":"product_tag-kasvuhooned","12":"product_tag-klaaskasvuhoone","13":"product_tag-kasvumaja","14":"product_tag-kasvumajad","15":"product_tag-triiphoone","16":"pa_kattematerjal-kuljed-4-mm-karastatud-klaas-ja-katus-4-mm-karastatud-jaaklaas","17":"pa_kulje-korgus-203-m","18":"pa_laius-306-m","19":"pa_pikkus-445-m","20":"pa_pindala-1362-m","21":"pa_pindala_vahemik-12-16-m","22":"pa_tipu-korgus-283-m","23":"pa_varv-pulbervarvitud-ral-7039","24":"pa_varv-pulbervarvitud-teised-ral-varvid","25":"infinite-scroll-item","26":"no-featured-image-padding","27":"sales-flash-overlay","28":"woocommerce-text-align-left","29":"woocommerce-image-align-center","30":"do-quantity-buttons","32":"first","33":"instock","34":"sale","35":"shipping-taxable","36":"purchasable","37":"product-type-variable","38":"has-default-attributes"},"_links":{"self":[{"href":"https:\/\/vitavia.ee\/kasvuhoone\/wp-json\/wp\/v2\/product\/24513","targetHints":{"allow":["GET"]}}],"collection":[{"href":"https:\/\/vitavia.ee\/kasvuhoone\/wp-json\/wp\/v2\/product"}],"about":[{"href":"https:\/\/vitavia.ee\/kasvuhoone\/wp-json\/wp\/v2\/types\/product"}],"replies":[{"embeddable":true,"href":"https:\/\/vitavia.ee\/kasvuhoone\/wp-json\/wp\/v2\/comments?post=24513"}],"wp:featuredmedia":[{"embeddable":true,"href":"https:\/\/vitavia.ee\/kasvuhoone\/wp-json\/wp\/v2\/media\/24645"}],"wp:attachment":[{"href":"https:\/\/vitavia.ee\/kasvuhoone\/wp-json\/wp\/v2\/media?parent=24513"}],"wp:term":[{"taxonomy":"product_brand","embeddable":true,"href":"https:\/\/vitavia.ee\/kasvuhoone\/wp-json\/wp\/v2\/product_brand?post=24513"},{"taxonomy":"product_cat","embeddable":true,"href":"https:\/\/vitavia.ee\/kasvuhoone\/wp-json\/wp\/v2\/product_cat?post=24513"},{"taxonomy":"product_tag","embeddable":true,"href":"https:\/\/vitavia.ee\/kasvuhoone\/wp-json\/wp\/v2\/product_tag?post=24513"}],"curies":[{"name":"wp","href":"https:\/\/api.w.org\/{rel}","templated":true}]}}