{"id":25194,"date":"2024-09-27T10:44:47","date_gmt":"2024-09-27T07:44:47","guid":{"rendered":"https:\/\/vitavia.ee\/kasvuhoone\/?post_type=product&#038;p=25194"},"modified":"2024-09-27T12:06:10","modified_gmt":"2024-09-27T09:06:10","slug":"aiapaviljoni-stiilis-kasvuhoone-babette-154-m%c2%b2","status":"publish","type":"product","link":"https:\/\/vitavia.ee\/kasvuhoone\/toode\/aiapaviljoni-stiilis-kasvuhoone-babette-154-m%c2%b2\/","title":{"rendered":"Aiapaviljoni stiilis kasvuhoone Babette &#8211; 15,4 m\u00b2"},"content":{"rendered":"<p style=\"text-align: left;\">Ideaalne lahendus k\u00f5igile aiandushuvilistele, kes lisaks aiapidamisele ka lihtsalt taimekeskset aiasolemist naudivad &#8211; olenemata ilmastikuoludest.<br \/>\nMeie k\u00f5rgklassi kasvuhooned ja aiamajad sobivad ideaalselt v\u00e4ljasoleku aja pikendamiseks, nii k\u00f6\u00f6giviljade kasvatamiseks kui ka selle aiamajana kasutamiseks.<br \/>\nMiks v\u00f5tta seda kui tuule- ja vihmakindla terrassina &#8211; olles sees oled nagu v\u00e4ljas.<br \/>\nJa seda k\u00f5ike parima hinna ja kvaliteedi suhtega!<\/p>\n<p><strong>M\u00d5\u00d5DUD:<\/strong><\/p>\n<ul>\n<li>Erikujuline kasvuhoone v\u00f5i aiapaviljon on T-kujulise p\u00f5hiplaaniga. Kasvuhoone kogulaius on 377 cm ja kogupikkus on 519 cm. Otsaseinte laius on 232 cm ja pindala on 15,40 m\u00b2, maht: 30,00 m\u00b3.<\/li>\n<li>Katuseharja k\u00f5rgus koos alusraamiga on 235 cm ning k\u00fclgseina k\u00f5rgus koos alusraamiga on 179 cm.<\/li>\n<li>Suured katuseluugid suurusega 78 cm x 73 cm tagavad hea \u00f5huvahetuse.<\/li>\n<li>Kasvuhoonega on kaasas ka vihmaveetorud.<\/li>\n<li>Klaasipinna kogupindala on 45,32 m\u00b2.<\/li>\n<\/ul>\n<p><strong>Kasvuhoonet saab kinnitada alusraamiga otse maapinnale, \u00fcksk\u00f5ik millisele ettevalmistatud kivi- v\u00f5i puitpinnale ning kindlasti ka betoonist v\u00f5i plokkidest vundamendile.<\/strong><br \/>\nTugev alumiiniumist alusraam annab kasvuhoonele suurema stabiilsuse ning teeb kokkupanemise hulga lihtsamaks. Alusraam on tugevast karpprofiilist ja 2 \u2013 kambriline, mis annab talle eriti suure j\u00e4ikuse n\u00e4iteks pakasekergete eest. Alusraamil on k\u00fcljes ankruvaiad, mida saab maasse kaevata v\u00f5i segusse valada. Sellisena v\u00f5ib alusraam ka asendada eraldi vundamendi tegemist.<\/p>\n<p>Kasvuhoone\u00a0<strong>4 mm karastatud klaas<\/strong>\u00a0on kuni 7 korda tugevam kui tavaline kasvuhooneklaas. See t\u00e4hendab suuremat turvalisust montaazil ja hilisemal kasutamisel. Kui klaas peaks purunema, siis ei teki ohtlikke teravaid kilde vaid klaasipuru nagu autoklaasi purunemisel. See puru ei vigasta ning eri riku pinnast kasvuhoones.<\/p>\n","protected":false},"excerpt":{"rendered":"<p>5,19m x 3,77m = 15,4m\u00b2<\/p>\n","protected":false},"featured_media":10232,"comment_status":"closed","ping_status":"closed","template":"","meta":[],"product_brand":[],"product_cat":[17],"product_tag":[254,255,256,247,248,1511,249,253],"class_list":{"0":"post-25194","1":"product","2":"type-product","3":"status-publish","4":"has-post-thumbnail","6":"product_cat-aiapaviljonid","7":"product_tag-kasvumajad","8":"product_tag-triiphoone","9":"product_tag-triiphooned","10":"product_tag-kasvuhoone","11":"product_tag-kasvuhooned","12":"product_tag-karastatud-klaas","13":"product_tag-klaaskasvuhoone","14":"product_tag-kasvumaja","15":"pa_kattematerjal-karastatud-klaas","16":"pa_kulje-korgus-179-m","17":"pa_laius-377-m","18":"pa_pikkus-519-m","19":"pa_pindala-154-m","20":"pa_pindala_vahemik-12-16-m","21":"pa_tipu-korgus-235-m","22":"pa_varv-pulbervarvitud-must-ral-9005","23":"pa_varv-pulbervarvitud-teised-ral-varvid","24":"infinite-scroll-item","25":"no-featured-image-padding","26":"sales-flash-overlay","27":"woocommerce-text-align-left","28":"woocommerce-image-align-center","29":"do-quantity-buttons","31":"first","32":"instock","33":"sale","34":"shipping-taxable","35":"purchasable","36":"product-type-variable","37":"has-default-attributes"},"_links":{"self":[{"href":"https:\/\/vitavia.ee\/kasvuhoone\/wp-json\/wp\/v2\/product\/25194","targetHints":{"allow":["GET"]}}],"collection":[{"href":"https:\/\/vitavia.ee\/kasvuhoone\/wp-json\/wp\/v2\/product"}],"about":[{"href":"https:\/\/vitavia.ee\/kasvuhoone\/wp-json\/wp\/v2\/types\/product"}],"replies":[{"embeddable":true,"href":"https:\/\/vitavia.ee\/kasvuhoone\/wp-json\/wp\/v2\/comments?post=25194"}],"wp:featuredmedia":[{"embeddable":true,"href":"https:\/\/vitavia.ee\/kasvuhoone\/wp-json\/wp\/v2\/media\/10232"}],"wp:attachment":[{"href":"https:\/\/vitavia.ee\/kasvuhoone\/wp-json\/wp\/v2\/media?parent=25194"}],"wp:term":[{"taxonomy":"product_brand","embeddable":true,"href":"https:\/\/vitavia.ee\/kasvuhoone\/wp-json\/wp\/v2\/product_brand?post=25194"},{"taxonomy":"product_cat","embeddable":true,"href":"https:\/\/vitavia.ee\/kasvuhoone\/wp-json\/wp\/v2\/product_cat?post=25194"},{"taxonomy":"product_tag","embeddable":true,"href":"https:\/\/vitavia.ee\/kasvuhoone\/wp-json\/wp\/v2\/product_tag?post=25194"}],"curies":[{"name":"wp","href":"https:\/\/api.w.org\/{rel}","templated":true}]}}