{"id":25250,"date":"2024-09-27T12:38:57","date_gmt":"2024-09-27T09:38:57","guid":{"rendered":"https:\/\/vitavia.ee\/kasvuhoone\/?post_type=product&#038;p=25250"},"modified":"2025-09-25T11:33:05","modified_gmt":"2025-09-25T08:33:05","slug":"kasvuhoone-r3xh-laiusega-306-m","status":"publish","type":"product","link":"https:\/\/vitavia.ee\/kasvuhoone\/toode\/kasvuhoone-r3xh-laiusega-306-m\/","title":{"rendered":"Kasvuhoone R3XH laiusega 3,06 m"},"content":{"rendered":"<p style=\"text-align: left;\">Atraktiivne ja kvaliteetne kasvuhoone aiandushuvilistele, kes v\u00f5tavad kasvuhoonet <strong>lisaks praktilisele vajadusele<\/strong> ka <strong>aeda kaunistava ja sinna harmooniliselt sobivana<\/strong>.<br \/>\nMeie <strong>k\u00f5rgklassi kasvuhooned<\/strong> sobivad ideaalselt igale aednikule &#8211; nii neile, kes seal ainult k\u00f6\u00f6givilju kasvatada plaanivad, kui ka neile, kes seda lisaks ka puhke- ja l\u00f5\u00f5gastuskohana kasutada soovivad.<br \/>\nJa seda k\u00f5ike <strong>parima kvaliteedi<\/strong> ja hinna suhtega!<br \/>\n<strong>Karkassi v\u00e4rv:<\/strong> kasvuhoone on saadaval nii alumiinium halli kui pulberv\u00e4rvitud musta karkassiga. Lisatasu eest on v\u00f5imalik kasvuhoone karkassi v\u00e4rvime ka teistesse RAL- toonidesse.<\/p>\n<p><strong>M\u00d5\u00d5DUD JA INFO:<\/strong><\/p>\n<ul>\n<li>Klassikaline kasvuhoone laiusega 306 cm, mida on saadaval 7 erinevas pikkuses, ehk 7 erineva suurusega.<\/li>\n<li>\u00dche ukse m\u00f5\u00f5dud on 185 x 75 cm. Kasvuhoone on v\u00f5imalik tellida lisauksega ja siis tekib lai ning avar vastastikku avanevate ustega sissep\u00e4\u00e4suava. Lisauksed saab tellida ka tagaseina ning k\u00fcljele ja siis on \u00fche ukse m\u00f5\u00f5dud 185 cm x 75 cm..<\/li>\n<li>Suured katuseaknad 84 cm x 73 cm tagavad hea \u00f5huvahetuse. Katuseakende arv s\u00f5ltub kasvuhoone suurusest. Vajaduse saab tellida lisa katuseaknaid.<\/li>\n<li>Katuseharja k\u00f5rgus koos alusraamiga on 283 cm ning k\u00fclgseina k\u00f5rgus koos alusraamiga on 203 cm. Kaasas on kaks vihmaveetoru.<\/li>\n<li>Kasvuhoonel on 12 aastane tehasepoolne garantii.<\/li>\n<\/ul>\n<p><strong>Kasvuhoonet saab kinnitada alusraamiga otse maapinnale, \u00fcksk\u00f5ik millisele ettevalmistatud kivi- v\u00f5i puitpinnale ning kindlasti ka betoonist v\u00f5i plokkidest vundamendile.<\/strong><br \/>\nTugev alumiiniumist alusraam annab kasvuhoonele suurema stabiilsuse ning teeb kokkupanemise hulga lihtsamaks. Alusraam on tugevast karpprofiilist ja 2 &#8211; kambriline, mis annab talle eriti suure j\u00e4ikuse n\u00e4iteks pakasekergete eest. Alusraamil on k\u00fcljes ankruvaiad, mida saab maasse kaevata v\u00f5i segusse valada. Sellisena v\u00f5ib alusraam ka asendada eraldi vundamendi tegemist.<\/p>\n<p>Kasvuhoone <strong>4 mm karastatud klaas<\/strong> on kuni 7 korda tugevam kui tavaline kasvuhooneklaas. See t\u00e4hendab suuremat turvalisust montaa\u017eil ja hilisemal kasutamisel. Kui klaas peaks purunema, siis ei teki ohtlikke teravaid kilde vaid klaasipuru nagu autoklaasi purunemisel. See puru ei vigasta ning eri riku pinnast kasvuhoones.<\/p>\n<p><img loading=\"lazy\" decoding=\"async\" class=\"alignnone size-medium wp-image-10160\" src=\"https:\/\/mwlconstruct.eu\/e-pood\/wp-content\/uploads\/2020\/10\/Tugeva_raamiga_kasvuhoone-300x202.jpg\" alt=\"\" width=\"300\" height=\"202\" \/><a href=\"https:\/\/mwlconstruct.eu\/e-pood\/wp-content\/uploads\/2020\/10\/ACD-kasvuhooned-ja-aiapaviljonid.jpg\"><img loading=\"lazy\" decoding=\"async\" class=\"alignnone wp-image-10172 size-medium\" src=\"https:\/\/mwlconstruct.eu\/e-pood\/wp-content\/uploads\/2020\/10\/ACD-kasvuhooned-ja-aiapaviljonid-300x225.jpg\" alt=\"\" width=\"300\" height=\"225\" \/><\/a><\/p>\n<table id=\"customers\">\n<tbody>\n<tr>\n<td class=\"r3ptp\" colspan=\"4\">R3 t\u00fc\u00fcpi kasvuhoonel on 7 erineva pikkusega mudelit:<\/td>\n<\/tr>\n<tr>\n<th>Mudel<\/th>\n<th>Pikkus<\/th>\n<th>M\u00b2<\/th>\n<th>Tuulutusluuk<\/th>\n<\/tr>\n<tr>\n<td>R304H<\/td>\n<td>2,98 m<\/td>\n<td>9,12<\/td>\n<td>1<\/td>\n<\/tr>\n<tr>\n<td>R305H<\/td>\n<td>3,71 m<\/td>\n<td>11,35<\/td>\n<td>1<\/td>\n<\/tr>\n<tr>\n<td>R306H<\/td>\n<td>4,45 m<\/td>\n<td>13,62<\/td>\n<td>2<\/td>\n<\/tr>\n<tr>\n<td>R307H<\/td>\n<td>5,19 m<\/td>\n<td>15,88<\/td>\n<td>2<\/td>\n<\/tr>\n<tr>\n<td>R308H<\/td>\n<td>5,93 m<\/td>\n<td>18,15<\/td>\n<td>4<\/td>\n<\/tr>\n<tr>\n<td>R309H<\/td>\n<td>6,67 m<\/td>\n<td>20,41<\/td>\n<td>4<\/td>\n<\/tr>\n<tr>\n<td>R310H<\/td>\n<td>7,41 m<\/td>\n<td>22,68<\/td>\n<td>6<\/td>\n<\/tr>\n<\/tbody>\n<\/table>\n","protected":false},"excerpt":{"rendered":"<p>Laius 3,06m x Pikkus 2,98-7,41m=9,12-22,68m\u00b2<\/p>\n","protected":false},"featured_media":25748,"comment_status":"closed","ping_status":"closed","template":"","meta":[],"product_brand":[],"product_cat":[304],"product_tag":[248,249,253,254,255,256,1589,1511,247,1516],"class_list":{"0":"post-25250","1":"product","2":"type-product","3":"status-publish","4":"has-post-thumbnail","6":"product_cat-star","7":"product_tag-kasvuhooned","8":"product_tag-klaaskasvuhoone","9":"product_tag-kasvumaja","10":"product_tag-kasvumajad","11":"product_tag-triiphoone","12":"product_tag-triiphooned","13":"product_tag-ekstra-korge","14":"product_tag-karastatud-klaas","15":"product_tag-kasvuhoone","16":"product_tag-kuljed-karastatud-klaas-ja-katus-karastatud-jaaklaas","17":"pa_kattematerjal-kuljed-4-mm-karastatud-klaas-ja-katus-4-mm-karastatud-jaaklaas","18":"pa_kulje-korgus-203-m","19":"pa_laius-306-m","20":"pa_pikkus-298-m","21":"pa_pikkus-667-m","22":"pa_pikkus-741-m","23":"pa_pikkus-445-m","24":"pa_pikkus-371-m","25":"pa_pikkus-519-m","26":"pa_pikkus-593-m","27":"pa_tipu-korgus-283-m","28":"pa_varv-pulbervarvitud-must-ral-9005","29":"pa_varv-standartne-alumiinium","30":"infinite-scroll-item","31":"no-featured-image-padding","32":"sales-flash-overlay","33":"woocommerce-text-align-left","34":"woocommerce-image-align-center","35":"do-quantity-buttons","37":"first","38":"instock","39":"sale","40":"shipping-taxable","41":"purchasable","42":"product-type-variable"},"_links":{"self":[{"href":"https:\/\/vitavia.ee\/kasvuhoone\/wp-json\/wp\/v2\/product\/25250","targetHints":{"allow":["GET"]}}],"collection":[{"href":"https:\/\/vitavia.ee\/kasvuhoone\/wp-json\/wp\/v2\/product"}],"about":[{"href":"https:\/\/vitavia.ee\/kasvuhoone\/wp-json\/wp\/v2\/types\/product"}],"replies":[{"embeddable":true,"href":"https:\/\/vitavia.ee\/kasvuhoone\/wp-json\/wp\/v2\/comments?post=25250"}],"wp:featuredmedia":[{"embeddable":true,"href":"https:\/\/vitavia.ee\/kasvuhoone\/wp-json\/wp\/v2\/media\/25748"}],"wp:attachment":[{"href":"https:\/\/vitavia.ee\/kasvuhoone\/wp-json\/wp\/v2\/media?parent=25250"}],"wp:term":[{"taxonomy":"product_brand","embeddable":true,"href":"https:\/\/vitavia.ee\/kasvuhoone\/wp-json\/wp\/v2\/product_brand?post=25250"},{"taxonomy":"product_cat","embeddable":true,"href":"https:\/\/vitavia.ee\/kasvuhoone\/wp-json\/wp\/v2\/product_cat?post=25250"},{"taxonomy":"product_tag","embeddable":true,"href":"https:\/\/vitavia.ee\/kasvuhoone\/wp-json\/wp\/v2\/product_tag?post=25250"}],"curies":[{"name":"wp","href":"https:\/\/api.w.org\/{rel}","templated":true}]}}