{"id":30,"date":"2015-12-30T22:27:49","date_gmt":"2015-12-30T22:27:49","guid":{"rendered":"https:\/\/haldus.net.ee\/proov\/toode\/kasvuhoone-vitavia-merkur-6700-67-m2\/"},"modified":"2025-02-12T16:47:59","modified_gmt":"2025-02-12T13:47:59","slug":"kasvuhoone-vitavia-merkur-6700","status":"publish","type":"product","link":"https:\/\/vitavia.ee\/kasvuhoone\/toode\/kasvuhoone-vitavia-merkur-6700\/","title":{"rendered":"Kasvuhoone Vitavia Neptun 6700"},"content":{"rendered":"<h3><strong>Vitavia NEPTUN &#8211; elegantne Taani kasvuhoone soliidsesse aeda.<\/strong><\/h3>\n<p>2,57 m laia kasvuhoonet on saadaval neljas erinevas pikkuses.<br \/>\nK\u00f5rge ja lai kasvuhoone v\u00f5imaldab taimedele kasvamiseks ning arenemiseks piisavalt ruumi.<\/p>\n<p>Neptun kasvuhoonetel on ka piisavalt ruumi, et seda oman\u00e4oliselt ja huvitavalt sisustada.<\/p>\n<p>Kasvuhoonel on \u00fcks 1,75 m k\u00f5rge l\u00fckanduks, mida saab avamiseks paigaldada nii paremale kui ka vasakule poolele. Samuti saab avatud ust fikseerida erinevates avatud asendites.<\/p>\n<p>Neptun kasvuhoonetel on standardvarustuses kaks katuseakent.<\/p>\n<p><strong>Neptun kasvuhoone erinevate mudelite suurustabel:<\/strong><\/p>\n<div class=\"tabel-scroll-x\">\n<table class=\"spec\" border=\"0\">\n<tbody>\n<tr>\n<th style=\"text-align: left;\" width=\"90\">Mudel<\/th>\n<th style=\"text-align: left;\" width=\"72\">Pindala<\/th>\n<th style=\"text-align: left;\" width=\"72\">Pikkus<\/th>\n<th style=\"text-align: left;\" width=\"72\">Laius<\/th>\n<th style=\"text-align: left;\" width=\"72\">K\u00fclg<\/th>\n<th style=\"text-align: left;\" width=\"72\">K\u00f5rgus<\/th>\n<th style=\"text-align: left;\" width=\"50\">Aknaid<\/th>\n<\/tr>\n<tr>\n<td>Neptun 6700<\/td>\n<td>6.7m\u00b2<\/td>\n<td>2.58m<\/td>\n<td>2.57m<\/td>\n<td>1.35m<\/td>\n<td>2.30m<\/td>\n<td>2<\/td>\n<\/tr>\n<tr>\n<td>Neptun 8300<\/td>\n<td>8.3m\u00b2<\/td>\n<td>3.21m<\/td>\n<td>2.57m<\/td>\n<td>1.35m<\/td>\n<td>2.30m<\/td>\n<td>2<\/td>\n<\/tr>\n<tr>\n<td>Neptun 9900<\/td>\n<td>9.9m\u00b2<\/td>\n<td>3.84m<\/td>\n<td>2.57m<\/td>\n<td>1.35m<\/td>\n<td>2.30m<\/td>\n<td>2<\/td>\n<\/tr>\n<tr>\n<td>Neptun 11500<\/td>\n<td>11.5m\u00b2<\/td>\n<td>4.46m<\/td>\n<td>2.57m<\/td>\n<td>1.35m<\/td>\n<td>2.30m<\/td>\n<td>2<\/td>\n<\/tr>\n<\/tbody>\n<\/table>\n<\/div>\n<p><em>&#8211; v\u00e4rvivalikuna hall ja pulberv\u00e4rvitud roheline v\u00f5i must<br \/>\n&#8211; kattena v\u00f5imalik valida 3 mm klaasi, karastatud klaasi v\u00f5i 6 mm pol\u00fckarbonaati<br \/>\n&#8211; ees \u00fcks l\u00fckanduks<br \/>\n&#8211; 2 katuseakent<br \/>\n&#8211; k\u00f5ikidel mudelitel on alusraam<\/em><\/p>\n<p>Karkass on anodeeritud alumiiniumist ( tagab alumiiniumi kauakestva ilusa v\u00e4limuse ja vastupidavuse) ja saadaval ka pulberv\u00e4rvituna.<\/p>\n<p>V\u00f5imalik tellida erinevat lisavarustust: aken, alumine tuulutusluuk, automaatne aknaavaja, alusraam, sisemised riiulid jne.<\/p>\n<p><strong><a href=\"http:\/\/mwlconstruct.eu\/e-pood\/tootekategooria\/kasvuhoone-lisavarustus\/\" target=\"_blank\" rel=\"noopener noreferrer\">Vaata lisavarustust<\/a><\/strong><\/p>\n<p><em>Vundament pole kindlalt vajalik, aga soovituslik.<br \/>\nKui kasvuhoonel on alusraam, saab seda kinnitada nii maapinnale kui ka m\u00f5nele muule ettevalmistatud pinnale (puitterrass v\u00f5i kivipind).<br \/>\nToote hind ei sisalda alusraami.<\/em><\/p>\n<h3><a href=\"https:\/\/youtu.be\/-4zXyeMetnM\" target=\"_blank\" rel=\"noopener noreferrer\">Vitavia tutvustusvideo <\/a><\/h3>\n","protected":false},"excerpt":{"rendered":"<p><span title=\"Vaata k\u00f5iki m\u00f5\u00f5te allpool tabelis\">2,57m x 2,58m = 6,7m\u00b2<\/span><br \/>\n<span style=\"color: #f5bd2f;\"><strong>Kuumakse al. 88,92 \u20ac<\/strong><\/span><\/p>\n","protected":false},"featured_media":725,"comment_status":"closed","ping_status":"closed","template":"","meta":[],"product_brand":[],"product_cat":[56],"product_tag":[1514,249,1515,253,254,255,256,257,259,1511,1512,247,1513,248],"class_list":{"0":"post-30","1":"product","2":"type-product","3":"status-publish","4":"has-post-thumbnail","6":"product_cat-neptun","7":"product_tag-polukarbonaat","8":"product_tag-klaaskasvuhoone","9":"product_tag-kuljed-klaas-ja-katus-polukarbonaat","10":"product_tag-kasvumaja","11":"product_tag-kasvumajad","12":"product_tag-triiphoone","13":"product_tag-triiphooned","14":"product_tag-vitavia","15":"product_tag-neptun","16":"product_tag-karastatud-klaas","17":"product_tag-kuljed-karastatud-klaas-ja-katus-polukarbonaat","18":"product_tag-kasvuhoone","19":"product_tag-klaas","20":"product_tag-kasvuhooned","21":"product_shipping_class-142","22":"pa_kattematerjal-karastatud-klaas","23":"pa_kattematerjal-klaas","24":"pa_kulje-korgus-135-m","25":"pa_laius-257-m","26":"pa_pikkus-258-m","27":"pa_pindala-67-m","28":"pa_pindala_vahemik-5-9-m","29":"pa_tipu-korgus-230-m","30":"pa_varv-hall","31":"infinite-scroll-item","32":"no-featured-image-padding","33":"sales-flash-overlay","34":"woocommerce-text-align-left","35":"woocommerce-image-align-center","36":"do-quantity-buttons","38":"first","39":"instock","40":"shipping-taxable","41":"purchasable","42":"product-type-variable","43":"has-default-attributes"},"_links":{"self":[{"href":"https:\/\/vitavia.ee\/kasvuhoone\/wp-json\/wp\/v2\/product\/30","targetHints":{"allow":["GET"]}}],"collection":[{"href":"https:\/\/vitavia.ee\/kasvuhoone\/wp-json\/wp\/v2\/product"}],"about":[{"href":"https:\/\/vitavia.ee\/kasvuhoone\/wp-json\/wp\/v2\/types\/product"}],"replies":[{"embeddable":true,"href":"https:\/\/vitavia.ee\/kasvuhoone\/wp-json\/wp\/v2\/comments?post=30"}],"wp:featuredmedia":[{"embeddable":true,"href":"https:\/\/vitavia.ee\/kasvuhoone\/wp-json\/wp\/v2\/media\/725"}],"wp:attachment":[{"href":"https:\/\/vitavia.ee\/kasvuhoone\/wp-json\/wp\/v2\/media?parent=30"}],"wp:term":[{"taxonomy":"product_brand","embeddable":true,"href":"https:\/\/vitavia.ee\/kasvuhoone\/wp-json\/wp\/v2\/product_brand?post=30"},{"taxonomy":"product_cat","embeddable":true,"href":"https:\/\/vitavia.ee\/kasvuhoone\/wp-json\/wp\/v2\/product_cat?post=30"},{"taxonomy":"product_tag","embeddable":true,"href":"https:\/\/vitavia.ee\/kasvuhoone\/wp-json\/wp\/v2\/product_tag?post=30"}],"curies":[{"name":"wp","href":"https:\/\/api.w.org\/{rel}","templated":true}]}}