{"id":31,"date":"2015-12-31T10:08:00","date_gmt":"2015-12-31T10:08:00","guid":{"rendered":"https:\/\/haldus.net.ee\/proov\/toode\/kasvuhoone-vitavia-neptun-8300-83-m2\/"},"modified":"2025-04-24T09:24:35","modified_gmt":"2025-04-24T06:24:35","slug":"kasvuhoone-vitavia-neptun-8300","status":"publish","type":"product","link":"https:\/\/vitavia.ee\/kasvuhoone\/toode\/kasvuhoone-vitavia-neptun-8300\/","title":{"rendered":"Kasvuhoone Vitavia Neptun 8300"},"content":{"rendered":"<h3><strong>Vitavia NEPTUN &#8211; elegantne Taani kasvuhoone soliidsesse aeda.<\/strong><\/h3>\n<p>2,57 m laia kasvuhoonet on saadaval neljas erinevas pikkuses.<br \/>\nPiisavalt k\u00f5rge ja lai kasvuhoone v\u00f5imaldab taimedele kasvamiseks ning arenemiseks piisavalt ruumi.<\/p>\n<p>Neptun kasvuhoonedel on ka piisavalt ruumi, et seda oman\u00e4oliselt ja huvitavalt sisustada.<\/p>\n<p>Kasvuhoonel on \u00fcks 1,75 m k\u00f5rge l\u00fckanduks, mida saab avamiseks paigaldada nii paremale kui ka vasakule poolele. Samuti saab avatud ust fikseerida erinevates avatud asendites.<\/p>\n<p>Neptun kasvuhoonetel on standardvarustuses kaks katuseakent.<\/p>\n<p><strong>Neptun kasvuhoone erinevate mudelite suurustabel:<\/strong><\/p>\n<div class=\"tabel-scroll-x\">\n<table class=\"spec\" border=\"0\">\n<tbody>\n<tr>\n<th style=\"text-align: left;\" width=\"90\">Mudel<\/th>\n<th style=\"text-align: left;\" width=\"72\">Pindala<\/th>\n<th style=\"text-align: left;\" width=\"72\">Pikkus<\/th>\n<th style=\"text-align: left;\" width=\"72\">Laius<\/th>\n<th style=\"text-align: left;\" width=\"72\">K\u00fclg<\/th>\n<th style=\"text-align: left;\" width=\"72\">K\u00f5rgus<\/th>\n<th style=\"text-align: left;\" width=\"50\">Aknaid<\/th>\n<\/tr>\n<tr>\n<td>Neptun 6700<\/td>\n<td>6.7m\u00b2<\/td>\n<td>2.58m<\/td>\n<td>2.57m<\/td>\n<td>1.35m<\/td>\n<td>2.30m<\/td>\n<td>2<\/td>\n<\/tr>\n<tr>\n<td>Neptun 8300<\/td>\n<td>8.3m\u00b2<\/td>\n<td>3.21m<\/td>\n<td>2.57m<\/td>\n<td>1.35m<\/td>\n<td>2.30m<\/td>\n<td>2<\/td>\n<\/tr>\n<tr>\n<td>Neptun 9900<\/td>\n<td>9.9m\u00b2<\/td>\n<td>3.84m<\/td>\n<td>2.57m<\/td>\n<td>1.35m<\/td>\n<td>2.30m<\/td>\n<td>2<\/td>\n<\/tr>\n<tr>\n<td>Neptun 11500<\/td>\n<td>11.5m\u00b2<\/td>\n<td>4.46m<\/td>\n<td>2.57m<\/td>\n<td>1.35m<\/td>\n<td>2.30m<\/td>\n<td>2<\/td>\n<\/tr>\n<\/tbody>\n<\/table>\n<\/div>\n<p><em>&#8211; v\u00e4rvivalikuna hall ja roheline<br \/>\n&#8211; kattena v\u00f5imalik valida 3 mm klaasi, karastatud klaasi v\u00f5i 6 mm pol\u00fckarbonaati<br \/>\n&#8211; ees \u00fcks l\u00fckanduks<br \/>\n&#8211; 2 katuseakent<br \/>\n&#8211; k\u00f5ikidel mudelitel on jalgadega alusraam<\/em><\/p>\n<p>Karkass on anodeeritud alumiiniumist ( tagab alumiiniumi kauakestva ilusa v\u00e4limuse ja vastupidavuse) ja saadaval ka pulberv\u00e4rvituna.<\/p>\n<p>V\u00f5imalik tellida erinevat lisavarustust: aken, alumine tuulutusluuk, automaatne aknaavaja, alusraam, sisemised riiulid jne.<\/p>\n<p><strong><a href=\"http:\/\/mwlconstruct.eu\/e-pood\/tootekategooria\/kasvuhoone-lisavarustus\/\" target=\"_blank\" rel=\"noopener noreferrer\">Vaata lisavarustust<\/a><\/strong><\/p>\n<p><em>Vundament pole kindlalt vajalik, aga soovituslik.<br \/>\nKui kasvuhoonel on alusraam, saab seda kinnitada nii maapinnale kui ka m\u00f5nele muule ettevalmistatud pinnale (puitterrass v\u00f5i kivipind).<br \/>\nToote hind ei sisalda alusraami.<\/em><\/p>\n<h3><a href=\"https:\/\/youtu.be\/-4zXyeMetnM\" target=\"_blank\" rel=\"noopener noreferrer\">Vitavia tutvustusvideo <\/a><\/h3>\n","protected":false},"excerpt":{"rendered":"<p><span title=\"Vaata k\u00f5iki m\u00f5\u00f5te allpool tabelis\">2,57m x 3,21m = 8,3m\u00b2<\/span><br \/>\n<span style=\"color: #f5bd2f;\"><strong>Kuumakse al. 109,17 \u20ac<\/strong><\/span><\/p>\n","protected":false},"featured_media":2748,"comment_status":"closed","ping_status":"closed","template":"","meta":[],"product_brand":[],"product_cat":[56],"product_tag":[1512,247,1513,248,1514,249,1515,253,254,255,256,257,259,1511],"class_list":{"0":"post-31","1":"product","2":"type-product","3":"status-publish","4":"has-post-thumbnail","6":"product_cat-neptun","7":"product_tag-kuljed-karastatud-klaas-ja-katus-polukarbonaat","8":"product_tag-kasvuhoone","9":"product_tag-klaas","10":"product_tag-kasvuhooned","11":"product_tag-polukarbonaat","12":"product_tag-klaaskasvuhoone","13":"product_tag-kuljed-klaas-ja-katus-polukarbonaat","14":"product_tag-kasvumaja","15":"product_tag-kasvumajad","16":"product_tag-triiphoone","17":"product_tag-triiphooned","18":"product_tag-vitavia","19":"product_tag-neptun","20":"product_tag-karastatud-klaas","21":"pa_kattematerjal-karastatud-klaas","22":"pa_kattematerjal-klaas","23":"pa_kattematerjal-polukarbonaat","24":"pa_kulje-korgus-135-m","25":"pa_laius-257-m","26":"pa_pikkus-321-m","27":"pa_pindala-83-m","28":"pa_pindala_vahemik-5-9-m","29":"pa_tipu-korgus-230-m","30":"pa_varv-roheline","31":"pa_varv-must","32":"infinite-scroll-item","33":"no-featured-image-padding","34":"sales-flash-overlay","35":"woocommerce-text-align-left","36":"woocommerce-image-align-center","37":"do-quantity-buttons","39":"first","40":"instock","41":"shipping-taxable","42":"purchasable","43":"product-type-variable"},"_links":{"self":[{"href":"https:\/\/vitavia.ee\/kasvuhoone\/wp-json\/wp\/v2\/product\/31","targetHints":{"allow":["GET"]}}],"collection":[{"href":"https:\/\/vitavia.ee\/kasvuhoone\/wp-json\/wp\/v2\/product"}],"about":[{"href":"https:\/\/vitavia.ee\/kasvuhoone\/wp-json\/wp\/v2\/types\/product"}],"replies":[{"embeddable":true,"href":"https:\/\/vitavia.ee\/kasvuhoone\/wp-json\/wp\/v2\/comments?post=31"}],"wp:featuredmedia":[{"embeddable":true,"href":"https:\/\/vitavia.ee\/kasvuhoone\/wp-json\/wp\/v2\/media\/2748"}],"wp:attachment":[{"href":"https:\/\/vitavia.ee\/kasvuhoone\/wp-json\/wp\/v2\/media?parent=31"}],"wp:term":[{"taxonomy":"product_brand","embeddable":true,"href":"https:\/\/vitavia.ee\/kasvuhoone\/wp-json\/wp\/v2\/product_brand?post=31"},{"taxonomy":"product_cat","embeddable":true,"href":"https:\/\/vitavia.ee\/kasvuhoone\/wp-json\/wp\/v2\/product_cat?post=31"},{"taxonomy":"product_tag","embeddable":true,"href":"https:\/\/vitavia.ee\/kasvuhoone\/wp-json\/wp\/v2\/product_tag?post=31"}],"curies":[{"name":"wp","href":"https:\/\/api.w.org\/{rel}","templated":true}]}}