{"id":31019,"date":"2025-06-09T18:15:57","date_gmt":"2025-06-09T15:15:57","guid":{"rendered":"https:\/\/vitavia.ee\/kasvuhoone\/?post_type=product&#038;p=31019"},"modified":"2025-06-11T11:33:24","modified_gmt":"2025-06-11T08:33:24","slug":"kasvuhoone-varjutuskardinad","status":"publish","type":"product","link":"https:\/\/vitavia.ee\/kasvuhoone\/toode\/kasvuhoone-varjutuskardinad\/","title":{"rendered":"Kasvuhoone varjutuskardinad"},"content":{"rendered":"<h4><strong>Varjutuskardin taimede kaitseks kasvuhoone k\u00fcljele v\u00f5i katus + k\u00fclg.<\/strong><\/h4>\n<p>Atraktiivne varjutuskardin, mis kaitseb kasvuhoone taimi \u00fcliaktiivse p\u00e4ikese eest ning samas on ka atraktiivne ja kaunistav.<br \/>\nKardinaid on lihtne paigaldada ja lihtne puhastamiseks maha v\u00f5tta.<\/p>\n<p>Varjutuskardinad on neljas suuruses:<\/p>\n<ul>\n<li>130 x 146 cm &#8211; k\u00fclgseina kardin, mis sobib enamusele Vitavia mudelitele<\/li>\n<li>130 x 164 cm &#8211; k\u00fclgseina kardin, mis sobib k\u00f5rgemate k\u00fclgedega Vitavia ning ACD mudelitele<\/li>\n<li>130 x 277 cm &#8211; pikk kardin, mis katab korraga nii katuse kui ka k\u00fclje. Sobib enamusele Vitavia mudelitele.<\/li>\n<li>130 x 328 cm &#8211; pikk kardin, mis katab korraga nii katuse kui ka k\u00fclje. Sobib enamusele k\u00f5rgemate k\u00fclgedega Vitavia ning ACD mudelitele<\/li>\n<\/ul>\n<p>Varjutuskardina komplekti kuulub valge kangas, riputustraat, traadi ja kardinate riputusklambrid vastavalt kasvuhoone t\u00fc\u00fcbile.<\/p>\n","protected":false},"excerpt":{"rendered":"<p>Varjutuskardin taimede kaitseks kasvuhoone k\u00fcljele v\u00f5i katus + k\u00fclg. Atraktiivne varjutuskardin, mis kaitseb kasvuhoone taimi \u00fcliaktiivse p\u00e4ikese eest ning samas on ka atraktiivne ja kaunistav. Kardinaid on lihtne paigaldada ja lihtne puhastamiseks maha v\u00f5tta. Varjutuskardinad on neljas suuruses: 130 x 146 cm &#8211; k\u00fclgseina kardin, mis sobib enamusele Vitavia mudelitele 130 x 164 cm &#8211; &#8230; <\/p>\n<p class=\"read-more-container\"><a title=\"Kasvuhoone varjutuskardinad\" class=\"read-more button\" href=\"https:\/\/vitavia.ee\/kasvuhoone\/toode\/kasvuhoone-varjutuskardinad\/#more-31019\" aria-label=\"Read more about Kasvuhoone varjutuskardinad\">Read more<\/a><\/p>\n","protected":false},"featured_media":31020,"comment_status":"closed","ping_status":"closed","template":"","meta":[],"product_brand":[],"product_cat":[115],"product_tag":[247,248,2100],"class_list":{"0":"post-31019","1":"product","2":"type-product","3":"status-publish","4":"has-post-thumbnail","6":"product_cat-kasvuhoone-lisavarustus","7":"product_tag-kasvuhoone","8":"product_tag-kasvuhooned","9":"product_tag-varjutuskardin","10":"infinite-scroll-item","11":"no-featured-image-padding","12":"sales-flash-overlay","13":"woocommerce-text-align-left","14":"woocommerce-image-align-center","15":"do-quantity-buttons","17":"first","18":"instock","19":"shipping-taxable","20":"purchasable","21":"product-type-variable"},"_links":{"self":[{"href":"https:\/\/vitavia.ee\/kasvuhoone\/wp-json\/wp\/v2\/product\/31019","targetHints":{"allow":["GET"]}}],"collection":[{"href":"https:\/\/vitavia.ee\/kasvuhoone\/wp-json\/wp\/v2\/product"}],"about":[{"href":"https:\/\/vitavia.ee\/kasvuhoone\/wp-json\/wp\/v2\/types\/product"}],"replies":[{"embeddable":true,"href":"https:\/\/vitavia.ee\/kasvuhoone\/wp-json\/wp\/v2\/comments?post=31019"}],"wp:featuredmedia":[{"embeddable":true,"href":"https:\/\/vitavia.ee\/kasvuhoone\/wp-json\/wp\/v2\/media\/31020"}],"wp:attachment":[{"href":"https:\/\/vitavia.ee\/kasvuhoone\/wp-json\/wp\/v2\/media?parent=31019"}],"wp:term":[{"taxonomy":"product_brand","embeddable":true,"href":"https:\/\/vitavia.ee\/kasvuhoone\/wp-json\/wp\/v2\/product_brand?post=31019"},{"taxonomy":"product_cat","embeddable":true,"href":"https:\/\/vitavia.ee\/kasvuhoone\/wp-json\/wp\/v2\/product_cat?post=31019"},{"taxonomy":"product_tag","embeddable":true,"href":"https:\/\/vitavia.ee\/kasvuhoone\/wp-json\/wp\/v2\/product_tag?post=31019"}],"curies":[{"name":"wp","href":"https:\/\/api.w.org\/{rel}","templated":true}]}}