{"id":37,"date":"2016-01-01T17:15:03","date_gmt":"2016-01-01T17:15:03","guid":{"rendered":"https:\/\/haldus.net.ee\/proov\/toode\/kasvuhoone-vitavia-jupiter-11500-115-m2\/"},"modified":"2025-08-04T14:43:10","modified_gmt":"2025-08-04T11:43:10","slug":"kasvuhoone-vitavia-jupiter-11500","status":"publish","type":"product","link":"https:\/\/vitavia.ee\/kasvuhoone\/toode\/kasvuhoone-vitavia-jupiter-11500\/","title":{"rendered":"Kasvuhoone Vitavia Jupiter 11500 \/ 11,5m\u00b2"},"content":{"rendered":"<h3><strong>Vitavia JUPITER &#8211;\u00a0 avara sissep\u00e4\u00e4suga elegantne Taani kasvuhoone.<\/strong><\/h3>\n<p>2,57 m laia kasvuhoonet on saadaval neljas erinevas pikkuses.<br \/>\nAvar kasvuhoone v\u00f5imaldab ruumi nii taimedele kui ka hubasele istumiskohale.<\/p>\n<p>Jupiter kasvuhoonetel on ka piisavalt ruumi, et seda oman\u00e4oliselt ja huvitavalt sisustada.<\/p>\n<p>Kasvuhoonel on ees topelt 1,75 m k\u00f5rged l\u00fckanduksed. Uksi saab fikseerida erinevates avatud asendites.<\/p>\n<p>Jupiter kasvuhoonetel on olenevalt suurusele standardvarustuses kaks kuni neli katuseakent.<\/p>\n<p><strong>Jupiter kasvuhoone erinevate mudelite suurustabel:<\/strong><\/p>\n<div class=\"tabel-scroll-x\">\n<table class=\"spec\" border=\"0\">\n<tbody>\n<tr>\n<th style=\"text-align: left;\" width=\"90\">Mudel<\/th>\n<th style=\"text-align: left;\" width=\"72\">Pindala<\/th>\n<th style=\"text-align: left;\" width=\"72\">Pikkus<\/th>\n<th style=\"text-align: left;\" width=\"72\">Laius<\/th>\n<th style=\"text-align: left;\" width=\"72\">K\u00fclg<\/th>\n<th style=\"text-align: left;\" width=\"72\">K\u00f5rgus<\/th>\n<th style=\"text-align: left;\" width=\"50\">Aknaid<\/th>\n<\/tr>\n<tr>\n<td>Jupiter 6700<\/td>\n<td>6.7m\u00b2<\/td>\n<td>2.58m<\/td>\n<td>2.57m<\/td>\n<td>1.51m<\/td>\n<td>2.46m<\/td>\n<td>2<\/td>\n<\/tr>\n<tr>\n<td>Jupiter 8300<\/td>\n<td>8.3m\u00b2<\/td>\n<td>3.21m<\/td>\n<td>2.57m<\/td>\n<td>1.51m<\/td>\n<td>2.46m<\/td>\n<td>4<\/td>\n<\/tr>\n<tr>\n<td>Jupiter 9900<\/td>\n<td>9.9m\u00b2<\/td>\n<td>3.84m<\/td>\n<td>2.57m<\/td>\n<td>1.51m<\/td>\n<td>2.46m<\/td>\n<td>4<\/td>\n<\/tr>\n<tr>\n<td>Jupiter 11500<\/td>\n<td>11.5m\u00b2<\/td>\n<td>4.46m<\/td>\n<td>2.57m<\/td>\n<td>1.51m<\/td>\n<td>2.46m<\/td>\n<td>4<\/td>\n<\/tr>\n<\/tbody>\n<\/table>\n<\/div>\n<p><em>&#8211; V\u00e4rvivalikuna hall ja pulberv\u00e4rvitud must.<br \/>\n&#8211; Kattena v\u00f5imalik valida 3 mm klaasi, karastatud klaasi v\u00f5i 6 mm pol\u00fckarbonaati<br \/>\n&#8211; Ees topelt l\u00fckanduksed<br \/>\n&#8211; 2 kuni 4 katuseakent<br \/>\n&#8211; K\u00f5ikidel mudelitel on saadaval alusraam<br \/>\n<\/em><\/p>\n<p>Karkass on anodeeritud alumiiniumist ( tagagab alumiiniumi kauakestva ilusa v\u00e4limuse ja vastupidavuse) ja saadaval ka pulberv\u00e4rvituna.<\/p>\n<p>V\u00f5imalik tellida erinevat lisavarustust: aken, alumine tuulutusluuk, automaatne aknaavaja, alusraam, sisemised riiulid jne.<\/p>\n<p><strong><a href=\"http:\/\/mwlconstruct.eu\/e-pood\/tootekategooria\/kasvuhoone-lisavarustus\/\" target=\"_blank\" rel=\"noopener noreferrer\">Vaata lisavarustust<\/a><\/strong><\/p>\n<p><em>Vundament pole kindlalt vajalik, aga soovituslik.<br \/>\nKui kasvuhoonel on alusraam, saab seda kinnitada nii murule kui ka m\u00f5nele muule ettevalmistatud pinnale.<br \/>\nToote hind ei sisalda alusraami.<\/em><\/p>\n<h3><a href=\"https:\/\/youtu.be\/-4zXyeMetnM\" target=\"_blank\" rel=\"noopener noreferrer\">Vitavia tutvustusvideo<\/a><\/h3>\n","protected":false},"excerpt":{"rendered":"<p><span title=\"Vaata k\u00f5iki m\u00f5\u00f5te allpool tabelis\">2,57m x 4,46m = 11,5m\u00b2<\/span><br \/>\n<a style=\"color: #3a3a3a;\" href=\"https:\/\/vitavia.ee\/wp-content\/uploads\/2020\/05\/Kasvuhoone-Jupiter-paigaldusjuhend.pdf#page=20\" target=\"blanc\" rel=\"noopener\">NB! Kasvuhoone alusraami v\u00e4lism\u00f5\u00f5dud 2544mm x 4410mm<\/a><br \/>\n<span style=\"color: #f5bd2f;\"><strong>Kuumakse al. 118,75 \u20ac<\/strong><\/span><\/p>\n","protected":false},"featured_media":2873,"comment_status":"closed","ping_status":"closed","template":"","meta":[],"product_brand":[],"product_cat":[66],"product_tag":[254,255,256,257,258,320,1511,247,1512,248,1513,249,1514,253,1515],"class_list":{"0":"post-37","1":"product","2":"type-product","3":"status-publish","4":"has-post-thumbnail","6":"product_cat-jupiter","7":"product_tag-kasvumajad","8":"product_tag-triiphoone","9":"product_tag-triiphooned","10":"product_tag-vitavia","11":"product_tag-jupiter","12":"product_tag-taani-kasvuhoone","13":"product_tag-karastatud-klaas","14":"product_tag-kasvuhoone","15":"product_tag-kuljed-karastatud-klaas-ja-katus-polukarbonaat","16":"product_tag-kasvuhooned","17":"product_tag-klaas","18":"product_tag-klaaskasvuhoone","19":"product_tag-polukarbonaat","20":"product_tag-kasvumaja","21":"product_tag-kuljed-klaas-ja-katus-polukarbonaat","22":"pa_kattematerjal-karastatud-klaas","23":"pa_kattematerjal-polukarbonaat-6-mm","24":"pa_kattematerjal-klaas","25":"pa_kulje-korgus-151-m","26":"pa_laius-257-m","27":"pa_pikkus-446-m","28":"pa_pindala-115-m","29":"pa_pindala_vahemik-9-12-m","30":"pa_tipu-korgus-246-m","31":"pa_varv-must","32":"infinite-scroll-item","33":"no-featured-image-padding","34":"sales-flash-overlay","35":"woocommerce-text-align-left","36":"woocommerce-image-align-center","37":"do-quantity-buttons","39":"first","40":"instock","41":"shipping-taxable","42":"purchasable","43":"product-type-variable","44":"has-default-attributes"},"_links":{"self":[{"href":"https:\/\/vitavia.ee\/kasvuhoone\/wp-json\/wp\/v2\/product\/37","targetHints":{"allow":["GET"]}}],"collection":[{"href":"https:\/\/vitavia.ee\/kasvuhoone\/wp-json\/wp\/v2\/product"}],"about":[{"href":"https:\/\/vitavia.ee\/kasvuhoone\/wp-json\/wp\/v2\/types\/product"}],"replies":[{"embeddable":true,"href":"https:\/\/vitavia.ee\/kasvuhoone\/wp-json\/wp\/v2\/comments?post=37"}],"wp:featuredmedia":[{"embeddable":true,"href":"https:\/\/vitavia.ee\/kasvuhoone\/wp-json\/wp\/v2\/media\/2873"}],"wp:attachment":[{"href":"https:\/\/vitavia.ee\/kasvuhoone\/wp-json\/wp\/v2\/media?parent=37"}],"wp:term":[{"taxonomy":"product_brand","embeddable":true,"href":"https:\/\/vitavia.ee\/kasvuhoone\/wp-json\/wp\/v2\/product_brand?post=37"},{"taxonomy":"product_cat","embeddable":true,"href":"https:\/\/vitavia.ee\/kasvuhoone\/wp-json\/wp\/v2\/product_cat?post=37"},{"taxonomy":"product_tag","embeddable":true,"href":"https:\/\/vitavia.ee\/kasvuhoone\/wp-json\/wp\/v2\/product_tag?post=37"}],"curies":[{"name":"wp","href":"https:\/\/api.w.org\/{rel}","templated":true}]}}