{"id":43,"date":"2016-01-02T15:13:01","date_gmt":"2016-01-02T15:13:01","guid":{"rendered":"https:\/\/haldus.net.ee\/proov\/toode\/seinaaarne-kasvuhoone-vitavia-ida-7800-78-m2\/"},"modified":"2026-04-08T14:57:50","modified_gmt":"2026-04-08T11:57:50","slug":"seinaaarne-kasvuhoone-vitavia-ida-7800","status":"publish","type":"product","link":"https:\/\/vitavia.ee\/kasvuhoone\/toode\/seinaaarne-kasvuhoone-vitavia-ida-7800\/","title":{"rendered":"Seina\u00e4\u00e4rne kasvuhoone Vitavia Ida 7800"},"content":{"rendered":"<h3><strong>Vitavia IDA &#8211;\u00a0 seina\u00e4\u00e4rne kasvuhoone kahe l\u00fckanduksega \/ 2,01 m x 3,87 m.<\/strong><\/h3>\n<p>Seina\u00e4\u00e4rne kasvuhoone on ideaalne neile, kellel v\u00e4hem ruumi.<\/p>\n<p>V\u00e4iksemaid mudeleid v\u00f5ib paigutada isegi r\u00f5dule v\u00f5i verandale, v\u00f5imaldades taimedega tegeleda isegi linnakorterites.<br \/>\nV\u00e4iksemates aedades saate paigutada kasvuhoone lihtsalt maja seina \u00e4\u00e4rde ja suurt pinda selleks vaja ei l\u00e4he.<br \/>\nSuuremad mudelid sobivad h\u00e4sti nii v\u00e4iksematesse aedadesse kui ka lihtsalt hea p\u00e4ikesepaistelise asukohaga seinapinna \u00e4rakasutamiseks.<\/p>\n<p>Seina\u00e4\u00e4rseid mudeleid on saadaval kuues erinevas suuruses.<\/p>\n<p>K\u00f5ikidel mudelitel on olenevalt suurusele 1 kuni 2 katuseakent ning 1 v\u00f5i 2 l\u00fckandust.<\/p>\n<p><strong>Ida kasvuhoone erinevate mudelite suurustabel:<\/strong><\/p>\n<div class=\"tabel-scroll-x\">\n<table class=\"spec\" border=\"0\">\n<tbody>\n<tr>\n<th style=\"text-align: left;\" width=\"90\">Mudel<\/th>\n<th style=\"text-align: left;\" width=\"72\">Pindala<\/th>\n<th style=\"text-align: left;\" width=\"72\">Pikkus<\/th>\n<th style=\"text-align: left;\" width=\"72\">Laius<\/th>\n<th style=\"text-align: left;\" width=\"72\">K\u00fclg<\/th>\n<th style=\"text-align: left;\" width=\"72\">K\u00f5rgus<\/th>\n<th style=\"text-align: left;\" width=\"50\">Aknaid<\/th>\n<\/tr>\n<tr>\n<td>Ida 900<\/td>\n<td>0.9m\u00b2<\/td>\n<td>1.32m<\/td>\n<td>0.69m<\/td>\n<td>1.52m<\/td>\n<td>1.84m<\/td>\n<td>1<\/td>\n<\/tr>\n<tr>\n<td>Ida 1300<\/td>\n<td>1.34m\u00b2<\/td>\n<td>1.94m<\/td>\n<td>0.69m<\/td>\n<td>1.52m<\/td>\n<td>1.84m<\/td>\n<td>1<\/td>\n<\/tr>\n<tr>\n<td>Ida 3300<\/td>\n<td>3.3m\u00b2<\/td>\n<td>2.57m<\/td>\n<td>1.3m<\/td>\n<td>1.65m<\/td>\n<td>2.22m<\/td>\n<td>1<\/td>\n<\/tr>\n<tr>\n<td>Ida 5200<\/td>\n<td>5.2m\u00b2<\/td>\n<td>2.62m<\/td>\n<td>2.01m<\/td>\n<td>1.69m<\/td>\n<td>2.21m<\/td>\n<td>1<\/td>\n<\/tr>\n<tr>\n<td>Ida 6500<\/td>\n<td>6.5m\u00b2<\/td>\n<td>3.24m<\/td>\n<td>2.01m<\/td>\n<td>1.69m<\/td>\n<td>2.21m<\/td>\n<td>2<\/td>\n<\/tr>\n<tr>\n<td>Ida 7800<\/td>\n<td>7.8m\u00b2<\/td>\n<td>3.87m<\/td>\n<td>2.01m<\/td>\n<td>1.69m<\/td>\n<td>2.21m<\/td>\n<td>2<\/td>\n<\/tr>\n<\/tbody>\n<\/table>\n<\/div>\n<p><em>&#8211; V\u00e4rvivalikuna hall ja pulberv\u00e4rvitud must<br \/>\n&#8211; Kattena v\u00f5imalik valida k\u00fclgedel 3 mm klaas v\u00f5i 3 mm karastatud klaas + 6 mm pol\u00fckarbonaadist katus<br \/>\n&#8211; Ees 2 l\u00fckandust<br \/>\n&#8211; 1 kuni 2 katuseakent<br \/>\n&#8211; K\u00f5ikidel mudelitel on saadaval jalgadega alusraam<br \/>\n<\/em><\/p>\n<p>Karkass on anodeeritud alumiiniumist (tagab alumiiniumi kauakestva ilusa v\u00e4limuse ja vastupidavuse) ja saadaval ka pulberv\u00e4rvituna mustaks.<\/p>\n<p>V\u00f5imalik tellida erinevat lisavarustust: aken, alumine tuulutusluuk, automaatne aknaavaja, alusraam, sisemised riiulid jne.<\/p>\n<p><strong><a href=\"http:\/\/mwlconstruct.eu\/e-pood\/tootekategooria\/kasvuhoone-lisavarustus\/\" target=\"_blank\" rel=\"noopener noreferrer\">Vaata lisavarustust<\/a><\/strong><\/p>\n<p><em>Vundament pole kindlalt vajalik, aga soovituslik.<br \/>\nKui kasvuhoonel on alusraam, saab seda kinnitada otse maapinnale kui ka m\u00f5nele muule ettevalmistatud pinnale (puitterrass v\u00f5i kivipind).<br \/>\nToote hind ei sisalda alusraami.<\/em><\/p>\n<h3><a href=\"https:\/\/youtu.be\/-4zXyeMetnM\" target=\"_blank\" rel=\"noopener noreferrer\">Vitavia tutvustusvideo <\/a><\/h3>\n<h3><a href=\"https:\/\/youtu.be\/Lfgc5DIekdY\" target=\"_blank\" rel=\"noopener noreferrer\">Seina\u00e4\u00e4rse kasvuhoone tutvustusvideo<\/a><\/h3>\n","protected":false},"excerpt":{"rendered":"<p><span title=\"Vaata k\u00f5iki m\u00f5\u00f5te allpool tabelis\">2,01m x 3,87m = 7,8m\u00b2<\/span><br \/>\n<a class=\"alus_rm\" href=\"https:\/\/vitavia.ee\/wp-content\/uploads\/2017\/12\/Kasvuhoone-Ida-5200-6500-7800-paigaldusjuhend.pdf#page=14\" target=\"blanc\" rel=\"noopener\"><span class=\"alus_rm_bold\">NB!<\/span> Kasvuhoone alusraami v\u00e4lism\u00f5\u00f5te vaata siit<\/a><br \/>\n<span style=\"color: #f5bd2f;\"><strong>Kuumakse al. 104,17 \u20ac<\/strong><\/span><\/p>\n","protected":false},"featured_media":21014,"comment_status":"closed","ping_status":"closed","template":"","meta":[],"product_brand":[],"product_cat":[68,67],"product_tag":[270,271,247,248,249,253,254,257],"class_list":{"0":"post-43","1":"product","2":"type-product","3":"status-publish","4":"has-post-thumbnail","6":"product_cat-seinakasvuhooned","7":"product_cat-ida","8":"product_tag-ida","9":"product_tag-seinaaarne-kasvuhoone","10":"product_tag-kasvuhoone","11":"product_tag-kasvuhooned","12":"product_tag-klaaskasvuhoone","13":"product_tag-kasvumaja","14":"product_tag-kasvumajad","15":"product_tag-vitavia","16":"pa_kattematerjal-kuljed-3-mm-karastatud-klaas-ja-katus-6-mm-polukarbonaat","17":"pa_kulje-korgus-169-m","18":"pa_laius-200-m","19":"pa_pikkus-387-m","20":"pa_pindala-78-m","21":"pa_pindala_vahemik-5-9-m","22":"pa_tipu-korgus-221-m","23":"pa_varv-hall","24":"pa_varv-must","25":"infinite-scroll-item","26":"no-featured-image-padding","27":"sales-flash-overlay","28":"woocommerce-text-align-left","29":"woocommerce-image-align-center","30":"do-quantity-buttons","32":"first","33":"instock","34":"shipping-taxable","35":"purchasable","36":"product-type-variable","37":"has-default-attributes"},"_links":{"self":[{"href":"https:\/\/vitavia.ee\/kasvuhoone\/wp-json\/wp\/v2\/product\/43","targetHints":{"allow":["GET"]}}],"collection":[{"href":"https:\/\/vitavia.ee\/kasvuhoone\/wp-json\/wp\/v2\/product"}],"about":[{"href":"https:\/\/vitavia.ee\/kasvuhoone\/wp-json\/wp\/v2\/types\/product"}],"replies":[{"embeddable":true,"href":"https:\/\/vitavia.ee\/kasvuhoone\/wp-json\/wp\/v2\/comments?post=43"}],"wp:featuredmedia":[{"embeddable":true,"href":"https:\/\/vitavia.ee\/kasvuhoone\/wp-json\/wp\/v2\/media\/21014"}],"wp:attachment":[{"href":"https:\/\/vitavia.ee\/kasvuhoone\/wp-json\/wp\/v2\/media?parent=43"}],"wp:term":[{"taxonomy":"product_brand","embeddable":true,"href":"https:\/\/vitavia.ee\/kasvuhoone\/wp-json\/wp\/v2\/product_brand?post=43"},{"taxonomy":"product_cat","embeddable":true,"href":"https:\/\/vitavia.ee\/kasvuhoone\/wp-json\/wp\/v2\/product_cat?post=43"},{"taxonomy":"product_tag","embeddable":true,"href":"https:\/\/vitavia.ee\/kasvuhoone\/wp-json\/wp\/v2\/product_tag?post=43"}],"curies":[{"name":"wp","href":"https:\/\/api.w.org\/{rel}","templated":true}]}}