{"id":54,"date":"2016-01-02T22:13:49","date_gmt":"2016-01-02T22:13:49","guid":{"rendered":"https:\/\/haldus.net.ee\/proov\/toode\/kasvuhoone-vitavia-cassandra-9-m2\/"},"modified":"2025-09-15T15:32:38","modified_gmt":"2025-09-15T12:32:38","slug":"kasvuhoone-vitavia-cassandra-9900","status":"publish","type":"product","link":"https:\/\/vitavia.ee\/kasvuhoone\/toode\/kasvuhoone-vitavia-cassandra-9900\/","title":{"rendered":"Kasvuhoone Vitavia Cassandra 9900"},"content":{"rendered":"<h3><strong>Vitavia CASSANDRA &#8211; atraktiivne inglise stiilis kasvuhoone.<\/strong><\/h3>\n<p>2,57 m laia kasvuhoonet on saadaval kahes erinevas pikkuses.<br \/>\n2,46 m k\u00f5rge viilkatus ja 1,51 k\u00f5rged k\u00fcljed tagavad piisavalt ruumi ja avarust.<br \/>\nHubane ning kaunis sokliga mudel, kus erinevad sokli ehitamise v\u00f5imalused tagavad teile isikup\u00e4rase stiilse tulemuse.<\/p>\n<p>Kasvuhoonel on ees topelt l\u00fckanduksed, mida saab fikseerida erinevates avatud asendites.<\/p>\n<p>M\u00f5lemal Cassandra mudelil on neli katuseakent.<\/p>\n<p><strong>Cassandra kasvuhoone erinevate mudelite suurustabel:<\/strong><\/p>\n<div class=\"tabel-scroll-x\">\n<table class=\"spec\" border=\"0\">\n<tbody>\n<tr>\n<th style=\"text-align: left;\" width=\"90\">Mudel<\/th>\n<th style=\"text-align: left;\" width=\"72\">Pindala<\/th>\n<th style=\"text-align: left;\" width=\"72\">Pikkus<\/th>\n<th style=\"text-align: left;\" width=\"72\">Laius<\/th>\n<th style=\"text-align: left;\" width=\"72\">K\u00fclg<\/th>\n<th style=\"text-align: left;\" width=\"72\">K\u00f5rgus<\/th>\n<th style=\"text-align: left;\" width=\"50\">Aknaid<\/th>\n<\/tr>\n<tr>\n<td>Cassandra 9900<\/td>\n<td>9.9m<sup>2<\/sup><\/td>\n<td>3.85m<\/td>\n<td>2.57m<\/td>\n<td>\u00a01,51 m<\/td>\n<td>2.46m<\/td>\n<td>4<\/td>\n<\/tr>\n<tr>\n<td>Cassandra 11500<\/td>\n<td>11.5m<sup>2<\/sup><\/td>\n<td>4.48m<\/td>\n<td>2.57m<\/td>\n<td>\u00a01,51 m<\/td>\n<td>2.46m<\/td>\n<td>4<\/td>\n<\/tr>\n<\/tbody>\n<\/table>\n<\/div>\n<p><em>&#8211; v\u00e4rvivalikuna hall ja must<br \/>\n&#8211; 3 mm karastatud klaasist kate<br \/>\n&#8211; ees kaks l\u00fckandust<br \/>\n&#8211; 4 katuseakent<br \/>\n<\/em><\/p>\n<p>Karkass on anodeeritud alumiiniumist ( tagagab alumiiniumi kauakestva ilusa v\u00e4limuse ja vastupidavuse) ja saadaval ka pulberv\u00e4rvituna.<\/p>\n<p>V\u00f5imalik tellida erinevat lisavarustust: aken, alumine tuulutusluuk, automaatne aknaavaja, alusraam, sisemised riiulid jne.<\/p>\n<p><strong><a href=\"http:\/\/mwlconstruct.eu\/e-pood\/tootekategooria\/kasvuhoone-lisavarustus\/\" target=\"_blank\" rel=\"noopener noreferrer\">Vaata lisavarustust<\/a><\/strong><\/p>\n<p><em>Vundament pole kindlalt vajalik, aga soovituslik.<br \/>\nToote hind ei sisalda soklit ega alusraami.<\/em><\/p>\n<h3><a href=\"https:\/\/youtu.be\/-4zXyeMetnM\" target=\"_blank\" rel=\"noopener noreferrer\">Vitavia tutvustusvideo <\/a><\/h3>\n","protected":false},"excerpt":{"rendered":"<p><span title=\"Vaata k\u00f5iki m\u00f5\u00f5te allpool tabelis\">2,57m x 3,85m = 9,9m\u00b2<\/span><br \/>\n<span style=\"color: #f5bd2f;\"><strong>Kuumakse al. 105,58 \u20ac<\/strong><\/span><\/p>\n","protected":false},"featured_media":3031,"comment_status":"closed","ping_status":"closed","template":"","meta":[],"product_brand":[],"product_cat":[102],"product_tag":[2166,1511],"class_list":{"0":"post-54","1":"product","2":"type-product","3":"status-publish","4":"has-post-thumbnail","6":"product_cat-cassandra","7":"product_tag-sokkel","8":"product_tag-karastatud-klaas","9":"pa_kattematerjal-karastatud-klaas","10":"pa_kulje-korgus-154-m","11":"pa_laius-257-m","12":"pa_pikkus-384-m","13":"pa_pindala-99-m","14":"pa_pindala_vahemik-9-12-m","15":"pa_tipu-korgus-246-m","16":"pa_varv-hall","17":"pa_varv-must","18":"infinite-scroll-item","19":"no-featured-image-padding","20":"sales-flash-overlay","21":"woocommerce-text-align-left","22":"woocommerce-image-align-center","23":"do-quantity-buttons","25":"first","26":"instock","27":"shipping-taxable","28":"purchasable","29":"product-type-variable"},"_links":{"self":[{"href":"https:\/\/vitavia.ee\/kasvuhoone\/wp-json\/wp\/v2\/product\/54","targetHints":{"allow":["GET"]}}],"collection":[{"href":"https:\/\/vitavia.ee\/kasvuhoone\/wp-json\/wp\/v2\/product"}],"about":[{"href":"https:\/\/vitavia.ee\/kasvuhoone\/wp-json\/wp\/v2\/types\/product"}],"replies":[{"embeddable":true,"href":"https:\/\/vitavia.ee\/kasvuhoone\/wp-json\/wp\/v2\/comments?post=54"}],"wp:featuredmedia":[{"embeddable":true,"href":"https:\/\/vitavia.ee\/kasvuhoone\/wp-json\/wp\/v2\/media\/3031"}],"wp:attachment":[{"href":"https:\/\/vitavia.ee\/kasvuhoone\/wp-json\/wp\/v2\/media?parent=54"}],"wp:term":[{"taxonomy":"product_brand","embeddable":true,"href":"https:\/\/vitavia.ee\/kasvuhoone\/wp-json\/wp\/v2\/product_brand?post=54"},{"taxonomy":"product_cat","embeddable":true,"href":"https:\/\/vitavia.ee\/kasvuhoone\/wp-json\/wp\/v2\/product_cat?post=54"},{"taxonomy":"product_tag","embeddable":true,"href":"https:\/\/vitavia.ee\/kasvuhoone\/wp-json\/wp\/v2\/product_tag?post=54"}],"curies":[{"name":"wp","href":"https:\/\/api.w.org\/{rel}","templated":true}]}}