{"id":56,"date":"2016-05-22T21:22:32","date_gmt":"2016-05-22T21:22:32","guid":{"rendered":"https:\/\/haldus.net.ee\/proov\/toode\/kasvuhoone-vitavia-helena-8600-266-m-x-334-m-888m2\/"},"modified":"2024-09-26T14:01:42","modified_gmt":"2024-09-26T11:01:42","slug":"kasvuhoone-vitavia-helena-8600","status":"publish","type":"product","link":"https:\/\/vitavia.ee\/kasvuhoone\/toode\/kasvuhoone-vitavia-helena-8600\/","title":{"rendered":"Kasvuhoone Vitavia Helena 8600"},"content":{"rendered":"<h3><strong>Seina\u00e4\u00e4rne veranda \/ kasvuhoone &#8211; Vitavia HELENA kahe l\u00fckanduksega \/ 2,66 m x 3,34 m.<\/strong><\/h3>\n<p>Seina\u00e4\u00e4rne kasvuhoone, mis sobib ideaalselt ka verandaks v\u00f5i talveaiaks.<br \/>\nLaiad vastakuti lahtik\u00e4ivad uksed saab vastavalt vajadusele panna nii k\u00fcljele kui ka etteseina.<br \/>\nTugev alumiiniumraam ja avarad klaaspinnad, mis teevad selle v\u00e4ga valgusk\u00fcllaseks.<\/p>\n<p>K\u00f5ikidel mudelitel on\u00a0 2 k\u00fcljeakent ning 2 vastakuti avanevat lukustatavat l\u00fckandust, vihmaveerenn ja vihmaveetorud.<br \/>\nHelena mudeleid on saadaval kolmes erinevas suuruses.<\/p>\n<p><strong>Helena kasvuhoone erinevate mudelite suurustabel:<\/strong><\/p>\n<div class=\"tabel-scroll-x\">\n<table class=\"spec\" border=\"0\">\n<tbody>\n<tr>\n<th style=\"text-align: left;\" width=\"90\">Mudel<\/th>\n<th style=\"text-align: left;\" width=\"72\">Pindala<\/th>\n<th style=\"text-align: left;\" width=\"72\">Pikkus<\/th>\n<th style=\"text-align: left;\" width=\"72\">Laius<\/th>\n<th style=\"text-align: left;\" width=\"72\">K\u00fclg<\/th>\n<th style=\"text-align: left;\" width=\"72\">K\u00f5rgus<\/th>\n<th style=\"text-align: left;\" width=\"50\">Aknaid<\/th>\n<\/tr>\n<tr>\n<td>Helena 8600<\/td>\n<td>8.88m<sup>2<\/sup><\/td>\n<td>3.34m<\/td>\n<td>2.66m<\/td>\n<td>1.87m<\/td>\n<td>2.39m<\/td>\n<td>2<\/td>\n<\/tr>\n<tr>\n<td>Helena 10200<\/td>\n<td>10.56m<sup>2<\/sup><\/td>\n<td>3.97m<\/td>\n<td>2.66m<\/td>\n<td>1.87m<\/td>\n<td>2.39m<\/td>\n<td>2<\/td>\n<\/tr>\n<tr>\n<td>Helena 11900<\/td>\n<td>12.24m<sup>2<\/sup><\/td>\n<td>4.60m<\/td>\n<td>2.66m<\/td>\n<td>1.87m<\/td>\n<td>2.39m<\/td>\n<td>2<\/td>\n<\/tr>\n<\/tbody>\n<\/table>\n<\/div>\n<p><em>&#8211; V\u00e4rvivalikuna must<br \/>\n&#8211; K\u00fclgedel 3 mm karastatud klaas ja katusel 10 mm pol\u00fckarbonaat<br \/>\n&#8211; 2 vastakuti avanevat lukustatavat l\u00fckandust<br \/>\n&#8211; 2 k\u00fcljeakent<br \/>\n&#8211; K\u00f5ikidel mudelitel on alusraam<br \/>\n<\/em><\/p>\n<p>Karkass on pulberv\u00e4rvituna.<\/p>\n<p><em>Vundament v\u00f5i mingi muu aluspind on sellele mudelile vajalik.<br \/>\nKasvuhoonel on alusraam, millega saate seda kinnitada lisaks vundamendile ka puitterrassile v\u00f5i kivipinnale.<br \/>\nToote hind sisaldab jalgadeta alusraami.<\/em><\/p>\n<p>V\u00f5imalik tellida erinevat lisavarustust: aken, automaatne aknaavaja, sisemised riiulid jne.<\/p>\n<h4><strong><a href=\"http:\/\/mwlconstruct.eu\/e-pood\/tootekategooria\/kasvuhoone-lisavarustus\/\" target=\"_blank\" rel=\"noopener noreferrer\">Vaata lisavarustust<\/a><\/strong><\/h4>\n<h3><a href=\"https:\/\/youtu.be\/-4zXyeMetnM\" target=\"_blank\" rel=\"noopener noreferrer\">Vitavia tutvustusvideo <\/a><\/h3>\n<p>&nbsp;<\/p>\n<p><a href=\"https:\/\/www.pinterest.com\/mwlconstruct\/kasvuhoone\/\" rel=\"nofollow\">Pinterest<\/a><br \/>\n<a href=\"http:\/\/www.vitavia.ee\/\">Vitavia<\/a><\/p>\n","protected":false},"excerpt":{"rendered":"<p><span title=\"Vaata k\u00f5iki m\u00f5\u00f5te allpool tabelis\">2,66m x 3,34m = 8,88m\u00b2<\/span><br \/>\n<span style=\"color: #f5bd2f;\"><strong>Kuumakse al. 249,17 \u20ac<\/strong><\/span><\/p>\n","protected":false},"featured_media":20838,"comment_status":"closed","ping_status":"closed","template":"","meta":[],"product_brand":[],"product_cat":[68,105],"product_tag":[],"class_list":{"0":"post-56","1":"product","2":"type-product","3":"status-publish","4":"has-post-thumbnail","6":"product_cat-seinakasvuhooned","7":"product_cat-helena","8":"pa_kattematerjal-kuljed-3-mm-karastatud-klaas-ja-katus-10-mm-polukarbonaat","9":"pa_kulje-korgus-187-m","10":"pa_laius-266-m","11":"pa_pikkus-334-m","12":"pa_pindala-888-m","13":"pa_pindala_vahemik-5-9-m","14":"pa_tipu-korgus-239-m","15":"pa_varv-must","16":"infinite-scroll-item","17":"no-featured-image-padding","18":"sales-flash-overlay","19":"woocommerce-text-align-left","20":"woocommerce-image-align-center","21":"do-quantity-buttons","23":"first","24":"onbackorder","25":"sale","26":"shipping-taxable","27":"purchasable","28":"product-type-variable"},"_links":{"self":[{"href":"https:\/\/vitavia.ee\/kasvuhoone\/wp-json\/wp\/v2\/product\/56","targetHints":{"allow":["GET"]}}],"collection":[{"href":"https:\/\/vitavia.ee\/kasvuhoone\/wp-json\/wp\/v2\/product"}],"about":[{"href":"https:\/\/vitavia.ee\/kasvuhoone\/wp-json\/wp\/v2\/types\/product"}],"replies":[{"embeddable":true,"href":"https:\/\/vitavia.ee\/kasvuhoone\/wp-json\/wp\/v2\/comments?post=56"}],"wp:featuredmedia":[{"embeddable":true,"href":"https:\/\/vitavia.ee\/kasvuhoone\/wp-json\/wp\/v2\/media\/20838"}],"wp:attachment":[{"href":"https:\/\/vitavia.ee\/kasvuhoone\/wp-json\/wp\/v2\/media?parent=56"}],"wp:term":[{"taxonomy":"product_brand","embeddable":true,"href":"https:\/\/vitavia.ee\/kasvuhoone\/wp-json\/wp\/v2\/product_brand?post=56"},{"taxonomy":"product_cat","embeddable":true,"href":"https:\/\/vitavia.ee\/kasvuhoone\/wp-json\/wp\/v2\/product_cat?post=56"},{"taxonomy":"product_tag","embeddable":true,"href":"https:\/\/vitavia.ee\/kasvuhoone\/wp-json\/wp\/v2\/product_tag?post=56"}],"curies":[{"name":"wp","href":"https:\/\/api.w.org\/{rel}","templated":true}]}}