{"id":5774,"date":"2020-04-15T16:07:26","date_gmt":"2020-04-15T13:07:26","guid":{"rendered":"https:\/\/vitavia.ee\/kasvuhoone\/?post_type=product&#038;p=5774"},"modified":"2025-03-28T10:05:30","modified_gmt":"2025-03-28T07:05:30","slug":"kasvuhoone-vitavia-apollo-6200","status":"publish","type":"product","link":"https:\/\/vitavia.ee\/kasvuhoone\/toode\/kasvuhoone-vitavia-apollo-6200\/","title":{"rendered":"Kasvuhoone Vitavia Apollo 6200"},"content":{"rendered":"<h3><strong>Vitavia APOLLO 6200 &#8211; ideaalne v\u00e4ike kasvuhoone, mis sobib enamus aiapidajatele \/ 1,93 m x 3,21 m.<\/strong><\/h3>\n<p>1,93 m laia kasvuhoonet on saadaval kahes erinevas pikkuses.<\/p>\n<p>Kasvuhoonel on \u00fcks l\u00fckanduks, mida saab\u00a0avamiseks paigaldada nii paremale kui ka vasakule poolele. Samuti saab avatud ust fikseerida erinevates asendites ilma et tuul kasvuhoone ust soovimatult pillutaks.<\/p>\n<p>Apollo kasvuhoonetel on kaks katuseakent. Enda soovil saate lisana paigaldada automaatsed katuseakna avajad.<\/p>\n<p><strong>Apollo kasvuhoone erinevate mudelite suurustabel:<\/strong><\/p>\n<div class=\"tabel-scroll-x\">\n<table class=\"spec\" border=\"0\">\n<tbody>\n<tr>\n<th style=\"text-align: left;\" width=\"90\">Mudel<\/th>\n<th style=\"text-align: left;\" width=\"72\">Pindala<\/th>\n<th style=\"text-align: left;\" width=\"72\">Pikkus<\/th>\n<th style=\"text-align: left;\" width=\"72\">Laius<\/th>\n<th style=\"text-align: left;\" width=\"72\">K\u00fclg<\/th>\n<th style=\"text-align: left;\" width=\"72\">K\u00f5rgus<\/th>\n<th style=\"text-align: left;\" width=\"50\">Aknaid<\/th>\n<\/tr>\n<tr>\n<td>Apollo 5000<\/td>\n<td>5.0m\u00b2<\/td>\n<td>2.57m<\/td>\n<td>1.93m<\/td>\n<td>1.36m<\/td>\n<td>2.07m<\/td>\n<td>1<\/td>\n<\/tr>\n<tr>\n<td>Apollo 6200<\/td>\n<td>6.2m\u00b2<\/td>\n<td>3.21m<\/td>\n<td>1.93m<\/td>\n<td>1.36m<\/td>\n<td>2.07m<\/td>\n<td>2<\/td>\n<\/tr>\n<\/tbody>\n<\/table>\n<\/div>\n<p><em>&#8211; v\u00e4rvivalikuna hall ja must<br \/>\n&#8211; kattena v\u00f5imalik valida 3 mm klaas<br \/>\n&#8211; ees \u00fcks l\u00fckanduks<br \/>\n&#8211; 2 katuseakent<br \/>\n&#8211; k\u00f5ikidel mudelitel alusraam<\/em><\/p>\n<p>Karkass on anodeeritud alumiiniumist ( tagab alumiiniumi kauakestva ilusa v\u00e4limuse ja vastupidavuse) ja saadaval ka pulberv\u00e4rvituna.<\/p>\n<p>V\u00f5imalik tellida erinevat lisavarustust: aken, alumine tuulutusluuk, automaatne aknaavaja, alusraam, sisemised riiulid jne.<\/p>\n<h4><strong><a href=\"https:\/\/vitavia.ee\/kasvuhoone\/tootekategooria\/kasvuhoone-lisavarustus\/\" target=\"_blank\" rel=\"noopener noreferrer\">Vaata lisavarustust<\/a><\/strong><\/h4>\n<p><em>Vundament pole kindlalt vajalik, aga soovituslik.<br \/>\nKui kasvuhoonel on alusraam, saab seda kinnitada nii maapinnale kui ka m\u00f5nele muule ettevalmistatud pinnale (puitterrass v\u00f5i kivipind).<br \/>\nToote hind sisaldab alusraami.<\/em><\/p>\n<h3><a href=\"https:\/\/youtu.be\/-4zXyeMetnM\" target=\"_blank\" rel=\"noopener noreferrer\">Vitavia tutvustusvideo <\/a><\/h3>\n","protected":false},"excerpt":{"rendered":"<p><span title=\"Vaata k\u00f5iki m\u00f5\u00f5te allpool tabelis\">1,93m x 3,21m = 6,2m\u00b2<\/span><br \/>\n<a class=\"alus_rm\" href=\"https:\/\/vitavia.ee\/kasvuhoone\/wp-content\/uploads\/2020\/04\/Kasvuhoone-Vitavia-Apollo-6200_7500-Paigaldusjuhend-062.01.1601.pdf#page=14\" target=\"blanc\" rel=\"noopener\"><span class=\"alus_rm_bold\">NB!<\/span> Kasvuhoone alusraami v\u00e4lism\u00f5\u00f5te vaata siit<\/a><br \/>\n<span style=\"color: #f5bd2f;\"><strong>Kuumakse al. 87,08 \u20ac<\/strong><\/span><\/p>\n","protected":false},"featured_media":15463,"comment_status":"open","ping_status":"closed","template":"","meta":[],"product_brand":[],"product_cat":[241],"product_tag":[254,257,273,1513,247,248,249,253],"class_list":{"0":"post-5774","1":"product","2":"type-product","3":"status-publish","4":"has-post-thumbnail","6":"product_cat-apollo","7":"product_tag-kasvumajad","8":"product_tag-vitavia","9":"product_tag-apollo","10":"product_tag-klaas","11":"product_tag-kasvuhoone","12":"product_tag-kasvuhooned","13":"product_tag-klaaskasvuhoone","14":"product_tag-kasvumaja","15":"pa_kattematerjal-klaas","16":"pa_kulje-korgus-136-m","17":"pa_laius-193-m","18":"pa_pikkus-321-m","19":"pa_pindala-62-m","20":"pa_pindala_vahemik-5-9-m","21":"pa_tipu-korgus-209-m","22":"pa_varv-must","23":"infinite-scroll-item","24":"no-featured-image-padding","25":"sales-flash-overlay","26":"woocommerce-text-align-left","27":"woocommerce-image-align-center","28":"do-quantity-buttons","30":"first","31":"instock","32":"shipping-taxable","33":"purchasable","34":"product-type-variable","35":"has-default-attributes"},"_links":{"self":[{"href":"https:\/\/vitavia.ee\/kasvuhoone\/wp-json\/wp\/v2\/product\/5774","targetHints":{"allow":["GET"]}}],"collection":[{"href":"https:\/\/vitavia.ee\/kasvuhoone\/wp-json\/wp\/v2\/product"}],"about":[{"href":"https:\/\/vitavia.ee\/kasvuhoone\/wp-json\/wp\/v2\/types\/product"}],"replies":[{"embeddable":true,"href":"https:\/\/vitavia.ee\/kasvuhoone\/wp-json\/wp\/v2\/comments?post=5774"}],"wp:featuredmedia":[{"embeddable":true,"href":"https:\/\/vitavia.ee\/kasvuhoone\/wp-json\/wp\/v2\/media\/15463"}],"wp:attachment":[{"href":"https:\/\/vitavia.ee\/kasvuhoone\/wp-json\/wp\/v2\/media?parent=5774"}],"wp:term":[{"taxonomy":"product_brand","embeddable":true,"href":"https:\/\/vitavia.ee\/kasvuhoone\/wp-json\/wp\/v2\/product_brand?post=5774"},{"taxonomy":"product_cat","embeddable":true,"href":"https:\/\/vitavia.ee\/kasvuhoone\/wp-json\/wp\/v2\/product_cat?post=5774"},{"taxonomy":"product_tag","embeddable":true,"href":"https:\/\/vitavia.ee\/kasvuhoone\/wp-json\/wp\/v2\/product_tag?post=5774"}],"curies":[{"name":"wp","href":"https:\/\/api.w.org\/{rel}","templated":true}]}}