{"id":72,"date":"2017-02-20T21:51:57","date_gmt":"2017-02-20T21:51:57","guid":{"rendered":"https:\/\/haldus.net.ee\/proov\/toode\/kasvuhoone-automaatne-kastmissusteem\/"},"modified":"2024-01-17T17:35:49","modified_gmt":"2024-01-17T14:35:49","slug":"kasvuhoone-automaatne-kastmissusteem","status":"publish","type":"product","link":"https:\/\/vitavia.ee\/kasvuhoone\/toode\/kasvuhoone-automaatne-kastmissusteem\/","title":{"rendered":"Kasvuhoone automaatne kastmiss\u00fcsteem"},"content":{"rendered":"<p><strong>Kasvuhoone automaatne kastmiss\u00fcsteem k\u00f5ikidele kasvuhoonetele ja aiapaviljonidele<\/strong><\/p>\n<p>Kastmiss\u00fcsteem Hydromat on m\u00f5eldud keskmiselt 10 m2\u00a0 (8 m2 \u2013 12 m2) suurusele pinnale ja sellel on 50 kastmise otsa.<br \/>\nKomplekt sisaldab vajalikke voolikuid, kinnitusi ja vee koguse reguleerimise ventiili.<br \/>\nKastmiss\u00fcsteem ei vaja t\u00f6\u00f6tamiseks elektrit ega patareisid.<\/p>\n<h3><a href=\"https:\/\/www.youtube.com\/watch?v=sUkwq4KApGA\">Vaata tutvustusvideot, et kuidas t\u00f6\u00f6tab automaatne kastmiss\u00fcsteem.<\/a><\/h3>\n<p>&nbsp;<\/p>\n<p><a href=\"https:\/\/www.pinterest.com\/mwlconstruct\/kasvuhoone\/\">Pinterest<\/a><br \/>\n<a href=\"http:\/\/www.vitavia.ee\/\" rel=\"nofollow\">Vitavia<\/a><\/p>\n","protected":false},"excerpt":{"rendered":"<p>Kasvuhoone automaatne kastmiss\u00fcsteem k\u00f5ikidele kasvuhoonetele ja aiapaviljonidele Kastmiss\u00fcsteem Hydromat on m\u00f5eldud keskmiselt 10 m2\u00a0 (8 m2 \u2013 12 m2) suurusele pinnale ja sellel on 50 kastmise otsa. Komplekt sisaldab vajalikke voolikuid, kinnitusi ja vee koguse reguleerimise ventiili. Kastmiss\u00fcsteem ei vaja t\u00f6\u00f6tamiseks elektrit ega patareisid. Vaata tutvustusvideot, et kuidas t\u00f6\u00f6tab automaatne kastmiss\u00fcsteem. &nbsp; Pinterest Vitavia<\/p>\n","protected":false},"featured_media":3145,"comment_status":"closed","ping_status":"closed","template":"","meta":[],"product_brand":[],"product_cat":[115],"product_tag":[257,268,247,248],"class_list":{"0":"post-72","1":"product","2":"type-product","3":"status-publish","4":"has-post-thumbnail","6":"product_cat-kasvuhoone-lisavarustus","7":"product_tag-vitavia","8":"product_tag-automaatne-kastmissusteem","9":"product_tag-kasvuhoone","10":"product_tag-kasvuhooned","11":"infinite-scroll-item","12":"no-featured-image-padding","13":"sales-flash-overlay","14":"woocommerce-text-align-left","15":"woocommerce-image-align-center","16":"do-quantity-buttons","18":"first","19":"instock","20":"shipping-taxable","21":"purchasable","22":"product-type-simple"},"_links":{"self":[{"href":"https:\/\/vitavia.ee\/kasvuhoone\/wp-json\/wp\/v2\/product\/72","targetHints":{"allow":["GET"]}}],"collection":[{"href":"https:\/\/vitavia.ee\/kasvuhoone\/wp-json\/wp\/v2\/product"}],"about":[{"href":"https:\/\/vitavia.ee\/kasvuhoone\/wp-json\/wp\/v2\/types\/product"}],"replies":[{"embeddable":true,"href":"https:\/\/vitavia.ee\/kasvuhoone\/wp-json\/wp\/v2\/comments?post=72"}],"wp:featuredmedia":[{"embeddable":true,"href":"https:\/\/vitavia.ee\/kasvuhoone\/wp-json\/wp\/v2\/media\/3145"}],"wp:attachment":[{"href":"https:\/\/vitavia.ee\/kasvuhoone\/wp-json\/wp\/v2\/media?parent=72"}],"wp:term":[{"taxonomy":"product_brand","embeddable":true,"href":"https:\/\/vitavia.ee\/kasvuhoone\/wp-json\/wp\/v2\/product_brand?post=72"},{"taxonomy":"product_cat","embeddable":true,"href":"https:\/\/vitavia.ee\/kasvuhoone\/wp-json\/wp\/v2\/product_cat?post=72"},{"taxonomy":"product_tag","embeddable":true,"href":"https:\/\/vitavia.ee\/kasvuhoone\/wp-json\/wp\/v2\/product_tag?post=72"}],"curies":[{"name":"wp","href":"https:\/\/api.w.org\/{rel}","templated":true}]}}