{"id":73,"date":"2017-02-24T15:05:42","date_gmt":"2017-02-24T15:05:42","guid":{"rendered":"https:\/\/haldus.net.ee\/proov\/toode\/kasvuhoone-vitavia-aphrodite\/"},"modified":"2025-01-20T19:31:05","modified_gmt":"2025-01-20T16:31:05","slug":"kasvuhoone-vitavia-aphrodite-11500","status":"publish","type":"product","link":"https:\/\/vitavia.ee\/kasvuhoone\/toode\/kasvuhoone-vitavia-aphrodite-11500\/","title":{"rendered":"Kasvuhoone Vitavia Aphrodite 11500"},"content":{"rendered":"<h3><strong>Iseseisev kasvuhoone &#8211;\u00a0Vitavia APHRODITE \/ kasvuhoone kahe l\u00fckanduksega \/ 3,93 m x 2,67 m.<\/strong><\/h3>\n<p>Iseseisev kasvuhoone v\u00f5i aiapaviljon, mis sobib ka talveaiaks.<br \/>\nLaiad vastakuti lahtik\u00e4ivad uksed v\u00f5imaldavad avara ja kerge sissep\u00e4\u00e4su.<br \/>\nTugev alumiiniumraam ja avarad klaaspinnad, mis teevad selle v\u00e4ga valgusk\u00fcllaseks.<br \/>\nK\u00f5rge kaldkatusega kasvuhoone, tugeva anodeeritud alumiiniumist karkassiga.<br \/>\nK\u00f5ikidel mudelitel on\u00a0 3 k\u00fcljeakent pluss 2 akent uste kohal ning 2 vastakuti avanevat lukustatavat l\u00fckandust.<\/p>\n<ul>\n<li>Hind\u00a0<u>musta<\/u> karkassi, 3 mm karastatud klaasist k\u00fclgede ja 10 mm pol\u00fckarbonaadist katusega \u2013 <strong><del>5971 eur<\/del> \u00a0soodushind 4510 eur<br \/>\n<\/strong><\/li>\n<\/ul>\n<ul>\n<li>Hind\u00a0<u>valge<\/u> karkassi, 3 mm karastatud klaasist k\u00fclgede ja 10 mm pol\u00fckarbonaadist katusega \u2013\u00a0<strong><del>5971 eur<\/del> \u00a0soodushind 3910 eur<\/strong><\/li>\n<\/ul>\n<p><strong>Aphrodite kasvuhoone erinevate mudelite suurustabel:<\/strong><\/p>\n<div class=\"tabel-scroll-x\">\n<table class=\"spec\" style=\"height: 129px;\" border=\"0\" width=\"831\">\n<tbody>\n<tr>\n<th style=\"text-align: left;\" width=\"90\">Mudel<\/th>\n<th style=\"text-align: left;\" width=\"72\">Pindala<\/th>\n<th style=\"text-align: left;\" width=\"72\">S\u00fcgavus<\/th>\n<th style=\"text-align: left;\" width=\"72\">Laius<\/th>\n<th style=\"text-align: left;\" width=\"72\">Tagumine k\u00fclg<\/th>\n<th style=\"text-align: left;\" width=\"72\">K\u00f5rgus\u00a0 eest<\/th>\n<th style=\"text-align: left;\" width=\"50\">Aknaid<\/th>\n<\/tr>\n<tr>\n<td>Aphrodite 11500<\/td>\n<td>10.4m<sup>2<\/sup><\/td>\n<td>2.67m<\/td>\n<td>3.93m<\/td>\n<td>1.87m<\/td>\n<td>2.42m<\/td>\n<td>5<\/td>\n<\/tr>\n<tr>\n<td><\/td>\n<td><\/td>\n<td><\/td>\n<td><\/td>\n<td><\/td>\n<td><\/td>\n<td><\/td>\n<\/tr>\n<\/tbody>\n<\/table>\n<\/div>\n<p><em>&#8211; V\u00e4rvivalikuna: pulberv\u00e4rvitud must v\u00f5i valge karkass<br \/>\n&#8211; K\u00fclgedel 3 mm karastatud klaas ja katusel 10 mm pol\u00fckarbonaat<br \/>\n&#8211; 2 vastakuti avanevat lukustatavat l\u00fckandust<br \/>\n&#8211; Ukseava suurus<\/em> <em>1,19 m x 1,77 m<br \/>\n&#8211; 3 k\u00fcljeakent ja 2 akent uste kohal<br \/>\n&#8211; Lukustatav, lukk roostevabast terasest<\/em><br \/>\n<em>&#8211; Nurkades vihmaveetorud<br \/>\n&#8211; K\u00f5ikidel mudelitel on alusraam<br \/>\n<\/em><\/p>\n<p>Karkass on anodeeritud alumiiniumist ( tagab alumiiniumi kauakestva ilusa v\u00e4limuse ja vastupidavuse).<\/p>\n<p>V\u00f5imalik tellida erinevat lisavarustust: sisemised riiulid jne.<\/p>\n<div>Katusel olevate pol\u00fckarbonaadi paneelidel soovitame kindlasti lahtised otsad kinni teipida, siis ei p\u00e4\u00e4se tolm, mustus, putukad ja elama hakkav loodus sinna vahele ning paneelid kestavad kaua ilusad.<\/div>\n<div>\u00dclemised otsad soovitame kinni panna <a href=\"https:\/\/vitavia.ee\/kasvuhoone\/toode\/kihtplastiku-perforeerimata-otsateip\/\">mittehingava teibiga<\/a> ning alumised <a href=\"https:\/\/vitavia.ee\/kasvuhoone\/toode\/kihtplastiku-perforeeritud-otsateip\/\"><span class=\"il\">perforeeritud<\/span> ja hingava teibiga<\/a> (et niiskus v\u00e4lja p\u00e4\u00e4seks).<\/div>\n<div><\/div>\n<p><em>Mudel Aphrodite vajab maa k\u00fclge kinnitamiseks kas vundamenti, kivipinda v\u00f5i puitterrassi.<br \/>\nToote hind sisaldab alusraami, millega seda eelnevalt valitud pinnale kinnitada.<\/em><\/p>\n<h3><a href=\"https:\/\/youtu.be\/XiwDf_kw8oc\" target=\"_blank\" rel=\"noopener noreferrer\">Vitavia tutvustusvideo <\/a><\/h3>\n<p><a href=\"https:\/\/www.pinterest.com\/mwlconstruct\/kasvuhoone\/\">Pinterest<\/a><br \/>\n<a href=\"http:\/\/www.vitavia.ee\/\" rel=\"nofollow\">Vitavia<\/a><\/p>\n","protected":false},"excerpt":{"rendered":"<p><span title=\"Vaata k\u00f5iki m\u00f5\u00f5te allpool tabelis\">3,93m x 2,67m = 10,4m\u00b2<\/span><br \/>\n<span style=\"color: #f5bd2f;\"><strong>Kuumakse al. 375,83 \u20ac<\/strong><\/span><\/p>\n","protected":false},"featured_media":15248,"comment_status":"closed","ping_status":"closed","template":"","meta":[],"product_brand":[],"product_cat":[17,116],"product_tag":[1511,1512],"class_list":{"0":"post-73","1":"product","2":"type-product","3":"status-publish","4":"has-post-thumbnail","6":"product_cat-aiapaviljonid","7":"product_cat-aphrodite","8":"product_tag-karastatud-klaas","9":"product_tag-kuljed-karastatud-klaas-ja-katus-polukarbonaat","10":"pa_kattematerjal-kuljed-3-mm-karastatud-klaas-ja-katus-10-mm-polukarbonaat","11":"pa_kulje-korgus-187-m","12":"pa_laius-2-75-m","13":"pa_pikkus-393-m","14":"pa_pindala-104-m","15":"pa_pindala_vahemik-9-12-m","16":"pa_tipu-korgus-242-m","17":"pa_varv-must","18":"infinite-scroll-item","19":"no-featured-image-padding","20":"sales-flash-overlay","21":"woocommerce-text-align-left","22":"woocommerce-image-align-center","23":"do-quantity-buttons","25":"first","26":"instock","27":"sale","28":"shipping-taxable","29":"purchasable","30":"product-type-variable","31":"has-default-attributes"},"_links":{"self":[{"href":"https:\/\/vitavia.ee\/kasvuhoone\/wp-json\/wp\/v2\/product\/73","targetHints":{"allow":["GET"]}}],"collection":[{"href":"https:\/\/vitavia.ee\/kasvuhoone\/wp-json\/wp\/v2\/product"}],"about":[{"href":"https:\/\/vitavia.ee\/kasvuhoone\/wp-json\/wp\/v2\/types\/product"}],"replies":[{"embeddable":true,"href":"https:\/\/vitavia.ee\/kasvuhoone\/wp-json\/wp\/v2\/comments?post=73"}],"wp:featuredmedia":[{"embeddable":true,"href":"https:\/\/vitavia.ee\/kasvuhoone\/wp-json\/wp\/v2\/media\/15248"}],"wp:attachment":[{"href":"https:\/\/vitavia.ee\/kasvuhoone\/wp-json\/wp\/v2\/media?parent=73"}],"wp:term":[{"taxonomy":"product_brand","embeddable":true,"href":"https:\/\/vitavia.ee\/kasvuhoone\/wp-json\/wp\/v2\/product_brand?post=73"},{"taxonomy":"product_cat","embeddable":true,"href":"https:\/\/vitavia.ee\/kasvuhoone\/wp-json\/wp\/v2\/product_cat?post=73"},{"taxonomy":"product_tag","embeddable":true,"href":"https:\/\/vitavia.ee\/kasvuhoone\/wp-json\/wp\/v2\/product_tag?post=73"}],"curies":[{"name":"wp","href":"https:\/\/api.w.org\/{rel}","templated":true}]}}