{"id":77,"date":"2017-02-24T20:19:47","date_gmt":"2017-02-24T20:19:47","guid":{"rendered":"https:\/\/haldus.net.ee\/proov\/toode\/kasvuhoone-vitavia-poseidon-138-m%c2%b2\/"},"modified":"2024-04-26T18:32:35","modified_gmt":"2024-04-26T15:32:35","slug":"kasvuhoone-vitavia-poseidon-13800","status":"publish","type":"product","link":"https:\/\/vitavia.ee\/kasvuhoone\/toode\/kasvuhoone-vitavia-poseidon-13800\/","title":{"rendered":"Kasvuhoone Vitavia Poseidon 13 800"},"content":{"rendered":"<h3><strong>Vitavia POSEIDON &#8211; elegantne ja muljetavaldav kasvuhoone kirglikule aiapidajale \/ 2,57 m\u00a0 x 5,38 m.<\/strong><\/h3>\n<p>2,57 m laia ja 2,50 m k\u00f5rget kasvuhoonet on saadaval viies erinevas pikkuses.<br \/>\nK\u00f5rged k\u00fcljed ja tipp teevad kasvuhoone t\u00f5eliselt avaraks ja v\u00f5imaldavad sellast kujundada kasv\u00f5i uhke aiapaviljoni.<br \/>\nPoseidon on tugev ja ilus kasvuhoone, mille k\u00f5rged k\u00fcljed pakuvad erakordselt avarat t\u00f6\u00f6ruumi.<br \/>\nPoseidon kasvuhoone k\u00fcljed on 3 mm karastatud klaaspaneelidest ja katus 10 mm UV-kaitsega pol\u00fckarbonaadist, mis v\u00e4hendab kondensatsiooni ja soojuskadusid.<br \/>\nT\u00e4nu pol\u00fckarbonaadist katusele pole vaja seda p\u00e4ikese kaitseks varjutada.<br \/>\nKasvuhoone karkass on valmistatud v\u00e4ga tugevatest pulberv\u00e4rvitud alumiinium profiilidest.<\/p>\n<p>Kasvuhoonel on ees lukustatavad ja topelt vastastikku avanevad hingedel uksed.<\/p>\n<p>Olenevalt suurusele on Poseidon kasvuhoonetel kaks v\u00f5i kolm katuseakent.<br \/>\nStandardvarustusse kuuluvad ka vihmaveetorud.<\/p>\n<p><strong>Poseidon kasvuhoone erinevate mudelite suurustabel:<\/strong><\/p>\n<div class=\"tabel-scroll-x\">\n<table class=\"spec\" border=\"0\">\n<tbody>\n<tr>\n<th style=\"text-align: left;\" width=\"90\">Mudel<\/th>\n<th style=\"text-align: left;\" width=\"72\">Pindala<\/th>\n<th style=\"text-align: left;\" width=\"72\">Pikkus<\/th>\n<th style=\"text-align: left;\" width=\"72\">Laius<\/th>\n<th style=\"text-align: left;\" width=\"72\">K\u00fclg<\/th>\n<th style=\"text-align: left;\" width=\"72\">K\u00f5rgus<\/th>\n<th style=\"text-align: left;\" width=\"50\">Aknaid<\/th>\n<\/tr>\n<tr>\n<td>Poseidon 8100<\/td>\n<td>8.1m\u00b2<\/td>\n<td>3.14m<\/td>\n<td>2.57m<\/td>\n<td>\u00a01,89 m<\/td>\n<td>2.50m<\/td>\n<td>2<\/td>\n<\/tr>\n<tr>\n<td>Poseidon 10000<\/td>\n<td>10.0m\u00b2<\/td>\n<td>3.89m<\/td>\n<td>2.57m<\/td>\n<td>\u00a01,89 m<\/td>\n<td>2.50m<\/td>\n<td>2<\/td>\n<\/tr>\n<tr>\n<td>Poseidon 11900<\/td>\n<td>11.9m\u00b2<\/td>\n<td>4.63m<\/td>\n<td>2.57m<\/td>\n<td>\u00a01,89 m<\/td>\n<td>2.50m<\/td>\n<td>3<\/td>\n<\/tr>\n<tr>\n<td>Poseidon 13800<\/td>\n<td>13.8m\u00b2<\/td>\n<td>5.38m<\/td>\n<td>2.57m<\/td>\n<td>\u00a01,89 m<\/td>\n<td>2.50m<\/td>\n<td>3<\/td>\n<\/tr>\n<tr>\n<td>Poseidon 15700<\/td>\n<td>15.7m\u00b2<\/td>\n<td>6.12m<\/td>\n<td>2.57m<\/td>\n<td>\u00a01,89 m<\/td>\n<td>2.50m<\/td>\n<td>3<\/td>\n<\/tr>\n<\/tbody>\n<\/table>\n<\/div>\n<p><em>&#8211; v\u00e4rvivalikuna must<br \/>\n&#8211; ees kaks lukustatavat hingedel ust<br \/>\n&#8211; olenevalt suurusele 2 v\u00f5i 3 katuseakent<br \/>\n&#8211; k\u00f5ikidel mudelitel alusraam<\/em><\/p>\n<p>Karkass on anodeeritud alumiiniumist (tagab alumiiniumi kauakestva ilusa v\u00e4limuse ja vastupidavuse) ja pulberv\u00e4rvitud mustaks.<\/p>\n<p>V\u00f5imalik tellida erinevat lisavarustust: aken, automaatne aknaavaja, sisemised riiulid jne.<\/p>\n<p><em>Vundament v\u00f5i mingi muu aluspind on sellele mudelile vajalik.<br \/>\nKasvuhoonel on alusraam, millega saate seda kinnitada lisaks vundamendile ka puitterrassile v\u00f5i kivipinnale.<br \/>\nToote hind sisaldab jalgadeta alusraami.<\/em><\/p>\n<h3><a href=\"https:\/\/youtu.be\/XiwDf_kw8oc\" target=\"_blank\" rel=\"noopener noreferrer\">Vitavia tutvustusvideo <\/a><\/h3>\n<p><a href=\"https:\/\/www.pinterest.com\/mwlconstruct\/kasvuhoone\/\">Pinterest<\/a><br \/>\n<a href=\"http:\/\/www.vitavia.ee\/\" rel=\"nofollow\">Vitavia<\/a><\/p>\n","protected":false},"excerpt":{"rendered":"<p><span title=\"Vaata k\u00f5iki m\u00f5\u00f5te allpool tabelis\">2,57m x 5,38m = 13,8m\u00b2<\/span><br \/>\n<span style=\"color: #f5bd2f;\"><strong>Kuumakse al. 415,83 \u20ac<\/strong><\/span><\/p>\n","protected":false},"featured_media":3091,"comment_status":"closed","ping_status":"closed","template":"","meta":[],"product_brand":[],"product_cat":[122],"product_tag":[1511,1512],"class_list":{"0":"post-77","1":"product","2":"type-product","3":"status-publish","4":"has-post-thumbnail","6":"product_cat-poseidon","7":"product_tag-karastatud-klaas","8":"product_tag-kuljed-karastatud-klaas-ja-katus-polukarbonaat","9":"pa_kattematerjal-kuljed-3-mm-karastatud-klaas-ja-katus-10-mm-polukarbonaat","10":"pa_kulje-korgus-188-m","11":"pa_laius-257-m","12":"pa_pikkus-538-m","13":"pa_pindala-138-m","14":"pa_pindala_vahemik-12-16-m","15":"pa_tipu-korgus-250-m","16":"pa_varv-must","17":"infinite-scroll-item","18":"no-featured-image-padding","19":"sales-flash-overlay","20":"woocommerce-text-align-left","21":"woocommerce-image-align-center","22":"do-quantity-buttons","24":"first","25":"instock","26":"sale","27":"shipping-taxable","28":"purchasable","29":"product-type-variable","30":"has-default-attributes"},"_links":{"self":[{"href":"https:\/\/vitavia.ee\/kasvuhoone\/wp-json\/wp\/v2\/product\/77","targetHints":{"allow":["GET"]}}],"collection":[{"href":"https:\/\/vitavia.ee\/kasvuhoone\/wp-json\/wp\/v2\/product"}],"about":[{"href":"https:\/\/vitavia.ee\/kasvuhoone\/wp-json\/wp\/v2\/types\/product"}],"replies":[{"embeddable":true,"href":"https:\/\/vitavia.ee\/kasvuhoone\/wp-json\/wp\/v2\/comments?post=77"}],"wp:featuredmedia":[{"embeddable":true,"href":"https:\/\/vitavia.ee\/kasvuhoone\/wp-json\/wp\/v2\/media\/3091"}],"wp:attachment":[{"href":"https:\/\/vitavia.ee\/kasvuhoone\/wp-json\/wp\/v2\/media?parent=77"}],"wp:term":[{"taxonomy":"product_brand","embeddable":true,"href":"https:\/\/vitavia.ee\/kasvuhoone\/wp-json\/wp\/v2\/product_brand?post=77"},{"taxonomy":"product_cat","embeddable":true,"href":"https:\/\/vitavia.ee\/kasvuhoone\/wp-json\/wp\/v2\/product_cat?post=77"},{"taxonomy":"product_tag","embeddable":true,"href":"https:\/\/vitavia.ee\/kasvuhoone\/wp-json\/wp\/v2\/product_tag?post=77"}],"curies":[{"name":"wp","href":"https:\/\/api.w.org\/{rel}","templated":true}]}}