{"id":80,"date":"2017-03-03T09:49:12","date_gmt":"2017-03-03T09:49:12","guid":{"rendered":"https:\/\/haldus.net.ee\/proov\/toode\/solarfan\/"},"modified":"2021-12-08T06:14:54","modified_gmt":"2021-12-08T03:14:54","slug":"solarfan","status":"publish","type":"product","link":"https:\/\/vitavia.ee\/kasvuhoone\/toode\/solarfan\/","title":{"rendered":"Solarfan"},"content":{"rendered":"<p>P\u00e4ikesepaenergial t\u00f6\u00f6tav sundventilatsiooni s\u00fcsteem. Mida tugevamini p\u00e4ike paistab seda rohkem \u00f5hku seest v\u00e4lja puhub. V\u00f5imalus on v\u00e4lja l\u00fclitada. Sobib kasvuhoonele kui ei ole v\u00f5imalust ventileerimiseks ust avada.  <\/p>\n<p><a href=\"https:\/\/www.pinterest.com\/mwlconstruct\/kasvuhoone\/\">Pinterest<\/a><br \/>\n<a href=\"http:\/\/www.vitavia.ee\/\" rel=\"nofollow\">Vitavia<\/a><\/p>\n","protected":false},"excerpt":{"rendered":"<p>P\u00e4ikesepaneeliga t\u00f6\u00f6tav tuulutuss\u00fcsteem.<\/p>\n","protected":false},"featured_media":3207,"comment_status":"closed","ping_status":"closed","template":"","meta":[],"product_brand":[],"product_cat":[115],"product_tag":[],"class_list":{"0":"post-80","1":"product","2":"type-product","3":"status-publish","4":"has-post-thumbnail","6":"product_cat-kasvuhoone-lisavarustus","7":"infinite-scroll-item","8":"no-featured-image-padding","9":"sales-flash-overlay","10":"woocommerce-text-align-left","11":"woocommerce-image-align-center","12":"do-quantity-buttons","14":"first","15":"instock","16":"shipping-taxable","17":"purchasable","18":"product-type-simple"},"_links":{"self":[{"href":"https:\/\/vitavia.ee\/kasvuhoone\/wp-json\/wp\/v2\/product\/80","targetHints":{"allow":["GET"]}}],"collection":[{"href":"https:\/\/vitavia.ee\/kasvuhoone\/wp-json\/wp\/v2\/product"}],"about":[{"href":"https:\/\/vitavia.ee\/kasvuhoone\/wp-json\/wp\/v2\/types\/product"}],"replies":[{"embeddable":true,"href":"https:\/\/vitavia.ee\/kasvuhoone\/wp-json\/wp\/v2\/comments?post=80"}],"wp:featuredmedia":[{"embeddable":true,"href":"https:\/\/vitavia.ee\/kasvuhoone\/wp-json\/wp\/v2\/media\/3207"}],"wp:attachment":[{"href":"https:\/\/vitavia.ee\/kasvuhoone\/wp-json\/wp\/v2\/media?parent=80"}],"wp:term":[{"taxonomy":"product_brand","embeddable":true,"href":"https:\/\/vitavia.ee\/kasvuhoone\/wp-json\/wp\/v2\/product_brand?post=80"},{"taxonomy":"product_cat","embeddable":true,"href":"https:\/\/vitavia.ee\/kasvuhoone\/wp-json\/wp\/v2\/product_cat?post=80"},{"taxonomy":"product_tag","embeddable":true,"href":"https:\/\/vitavia.ee\/kasvuhoone\/wp-json\/wp\/v2\/product_tag?post=80"}],"curies":[{"name":"wp","href":"https:\/\/api.w.org\/{rel}","templated":true}]}}