{"id":83,"date":"2017-03-03T10:31:16","date_gmt":"2017-03-03T10:31:16","guid":{"rendered":"https:\/\/haldus.net.ee\/proov\/toode\/hugromeeter\/"},"modified":"2021-12-07T08:49:21","modified_gmt":"2021-12-07T05:49:21","slug":"hugromeeter","status":"publish","type":"product","link":"https:\/\/vitavia.ee\/kasvuhoone\/toode\/hugromeeter\/","title":{"rendered":"H\u00fcgromeeter"},"content":{"rendered":"<p><span id=\"snippet_meta\" class=\"desc desc-default\"><strong>H\u00fcgromeeter <\/strong>on m\u00f5\u00f5teriist, millega m\u00f5\u00f5detakse niiskuse taset. Teatud taimed vajavad kindlat niiskustaset. Selle m\u00f5\u00f5tmiseks soovitame kasutada h\u00fcgromeetrit<\/span><\/p>\n<p><strong>Teatud taimed vajavad kindlat niiskustaset. Selle m\u00f5\u00f5tmiseks soovitame kasutada h\u00fcgromeetrit. See on m\u00f5\u00f5teriist, millega m\u00f5\u00f5detakse niiskuse taset<\/strong><\/p>\n<p><a href=\"https:\/\/www.pinterest.com\/mwlconstruct\/kasvuhoone\/\">Pinterest<\/a><br \/>\n<a href=\"http:\/\/www.vitavia.ee\/\" rel=\"nofollow\">Vitavia<\/a><\/p>\n","protected":false},"excerpt":{"rendered":"<p>H\u00fcgromeeter on m\u00f5\u00f5teriist, millega m\u00f5\u00f5detakse niiskuse taset. Teatud taimed vajavad kindlat niiskustaset. Selle m\u00f5\u00f5tmiseks soovitame kasutada h\u00fcgromeetrit Teatud taimed vajavad kindlat niiskustaset. Selle m\u00f5\u00f5tmiseks soovitame kasutada h\u00fcgromeetrit. See on m\u00f5\u00f5teriist, millega m\u00f5\u00f5detakse niiskuse taset Pinterest Vitavia<\/p>\n","protected":false},"featured_media":3139,"comment_status":"closed","ping_status":"closed","template":"","meta":[],"product_brand":[],"product_cat":[115],"product_tag":[],"class_list":{"0":"post-83","1":"product","2":"type-product","3":"status-publish","4":"has-post-thumbnail","6":"product_cat-kasvuhoone-lisavarustus","7":"infinite-scroll-item","8":"no-featured-image-padding","9":"sales-flash-overlay","10":"woocommerce-text-align-left","11":"woocommerce-image-align-center","12":"do-quantity-buttons","14":"first","15":"instock","16":"shipping-taxable","17":"purchasable","18":"product-type-simple"},"_links":{"self":[{"href":"https:\/\/vitavia.ee\/kasvuhoone\/wp-json\/wp\/v2\/product\/83","targetHints":{"allow":["GET"]}}],"collection":[{"href":"https:\/\/vitavia.ee\/kasvuhoone\/wp-json\/wp\/v2\/product"}],"about":[{"href":"https:\/\/vitavia.ee\/kasvuhoone\/wp-json\/wp\/v2\/types\/product"}],"replies":[{"embeddable":true,"href":"https:\/\/vitavia.ee\/kasvuhoone\/wp-json\/wp\/v2\/comments?post=83"}],"wp:featuredmedia":[{"embeddable":true,"href":"https:\/\/vitavia.ee\/kasvuhoone\/wp-json\/wp\/v2\/media\/3139"}],"wp:attachment":[{"href":"https:\/\/vitavia.ee\/kasvuhoone\/wp-json\/wp\/v2\/media?parent=83"}],"wp:term":[{"taxonomy":"product_brand","embeddable":true,"href":"https:\/\/vitavia.ee\/kasvuhoone\/wp-json\/wp\/v2\/product_brand?post=83"},{"taxonomy":"product_cat","embeddable":true,"href":"https:\/\/vitavia.ee\/kasvuhoone\/wp-json\/wp\/v2\/product_cat?post=83"},{"taxonomy":"product_tag","embeddable":true,"href":"https:\/\/vitavia.ee\/kasvuhoone\/wp-json\/wp\/v2\/product_tag?post=83"}],"curies":[{"name":"wp","href":"https:\/\/api.w.org\/{rel}","templated":true}]}}