{"id":8419,"date":"2020-06-02T09:55:21","date_gmt":"2020-06-02T06:55:21","guid":{"rendered":"https:\/\/vitavia.ee\/kasvuhoone\/?post_type=product&#038;p=8419"},"modified":"2024-02-13T10:18:45","modified_gmt":"2024-02-13T07:18:45","slug":"kastmissusteemiga-lillepott-basic-s","status":"publish","type":"product","link":"https:\/\/vitavia.ee\/kasvuhoone\/toode\/kastmissusteemiga-lillepott-basic-s\/","title":{"rendered":"Kastmiss\u00fcsteemiga lillepott Basic S"},"content":{"rendered":"<p>Kastmiss\u00fcsteemiga moodilpotid v\u00f5imaldavad hooldusvabamat ja ruumis\u00e4\u00e4stlikumat taimekasvatust. Sinu taimed on hooldatud 1-6 n\u00e4dalat ja sa v\u00f5id vabalt ning muretult puhkusele s\u00f5ita.<\/p>\n<p>Moodulpotte on lihtne paigaldada nii lauale, maha kui ka seinale. Dekoratiivsed ja ruumis\u00e4\u00e4stlikud nii kodus, aias, <a href=\"https:\/\/vitavia.ee\/kasvuhoone\/tootekategooria\/kasvuhooned\/\">kasvuhoones<\/a> kui ka kontoris.<br \/>\nKastmiss\u00fcsteemiga moodulpotile leiad ka v\u00e4ikeses ruumis koha, kus midagi kasvama panna.<\/p>\n<h4>Kaks lillepotti\u00a0+ kastmisanum\/veen\u00f5u<br \/>\n&#8211; m\u00f5\u00f5dud: 39,4 x 14,4 x 21,5 cm<br \/>\n&#8211;\u00a0kaal: 0,46 kg<br \/>\n&#8211; maht: 1,25 l vesi \/ 12cm &#8211; 1l mulda<br \/>\nV\u00e4rv: valge,<br \/>\nV\u00e4rvilised lisaalused: hall, roheline, sinine, lilla, punane<br \/>\nMaterjal: UV-kaitsega plastik<\/h4>\n<h4><span style=\"color: #008000;\"><strong>HINNAD:<\/strong><\/span><br \/>\nMoodulpott &#8211; 35,00 eur<br \/>\nLisatasu eest:<br \/>\n&#8211; v\u00e4rviline lisaalus (hall, roheline, sinine, lilla, punane) &#8211; 10,00 eur<br \/>\n&#8211; lisapott S &#8211; 5,00 eur<br \/>\n&#8211; lisapott M &#8211; 8,00 eur<br \/>\n&#8211; v\u00e4etis 1 pakk &#8211; 12,00 eur<br \/>\n&#8211; seinale kinnitamise L-alus &#8211; 12,00 eur<br \/>\n&#8211;\u00a0kastekann Minigarden 2,5 l &#8211; 19,00 eur<\/h4>\n<p>Potiga on kaasas komplekt orgaanilise v\u00e4etisi.<\/p>\n<blockquote><p>UV-kaitse<br \/>\nNii sise- kui v\u00e4litingimustesse<br \/>\nKerge<br \/>\nIdeaalne nii koju, aeda kui ka kontorisse<br \/>\nTaaskasutatav materjal<br \/>\nK\u00f5rgkvaliteetne<\/p><\/blockquote>\n<p>&nbsp;<\/p>\n<p><a href=\"https:\/\/youtu.be\/hzagEpO7FHI\">Kastmiss\u00fcsteemiga lillepoti tutvustusvideo<\/a><\/p>\n","protected":false},"excerpt":{"rendered":"<p>Kaks lillepotti + kastmisanum\/veen\u00f5u<br \/>\n&#8211; m\u00f5\u00f5dud: 39,4 x 14,4 x 21,5 cm<\/p>\n","protected":false},"featured_media":10061,"comment_status":"closed","ping_status":"closed","template":"","meta":[],"product_brand":[],"product_cat":[288],"product_tag":[281,283,295],"class_list":{"0":"post-8419","1":"product","2":"type-product","3":"status-publish","4":"has-post-thumbnail","6":"product_cat-kastmissusteemiga-lillepotid","7":"product_tag-lillepotid","8":"product_tag-kastmissusteemiga-taimepotid","9":"product_tag-kastmissusteemiga-lillepotid","10":"infinite-scroll-item","11":"no-featured-image-padding","12":"sales-flash-overlay","13":"woocommerce-text-align-left","14":"woocommerce-image-align-center","15":"do-quantity-buttons","17":"first","18":"instock","19":"shipping-taxable","20":"purchasable","21":"product-type-simple"},"_links":{"self":[{"href":"https:\/\/vitavia.ee\/kasvuhoone\/wp-json\/wp\/v2\/product\/8419","targetHints":{"allow":["GET"]}}],"collection":[{"href":"https:\/\/vitavia.ee\/kasvuhoone\/wp-json\/wp\/v2\/product"}],"about":[{"href":"https:\/\/vitavia.ee\/kasvuhoone\/wp-json\/wp\/v2\/types\/product"}],"replies":[{"embeddable":true,"href":"https:\/\/vitavia.ee\/kasvuhoone\/wp-json\/wp\/v2\/comments?post=8419"}],"wp:featuredmedia":[{"embeddable":true,"href":"https:\/\/vitavia.ee\/kasvuhoone\/wp-json\/wp\/v2\/media\/10061"}],"wp:attachment":[{"href":"https:\/\/vitavia.ee\/kasvuhoone\/wp-json\/wp\/v2\/media?parent=8419"}],"wp:term":[{"taxonomy":"product_brand","embeddable":true,"href":"https:\/\/vitavia.ee\/kasvuhoone\/wp-json\/wp\/v2\/product_brand?post=8419"},{"taxonomy":"product_cat","embeddable":true,"href":"https:\/\/vitavia.ee\/kasvuhoone\/wp-json\/wp\/v2\/product_cat?post=8419"},{"taxonomy":"product_tag","embeddable":true,"href":"https:\/\/vitavia.ee\/kasvuhoone\/wp-json\/wp\/v2\/product_tag?post=8419"}],"curies":[{"name":"wp","href":"https:\/\/api.w.org\/{rel}","templated":true}]}}