{"id":85,"date":"2017-03-03T10:55:12","date_gmt":"2017-03-03T10:55:12","guid":{"rendered":"https:\/\/haldus.net.ee\/proov\/toode\/min-max-termomeeter\/"},"modified":"2021-12-08T06:13:04","modified_gmt":"2021-12-08T03:13:04","slug":"min-max-termomeeter","status":"publish","type":"product","link":"https:\/\/vitavia.ee\/kasvuhoone\/toode\/min-max-termomeeter\/","title":{"rendered":"Min-max termomeeter"},"content":{"rendered":"<p><strong>Min-max termomeeter kasvuhoone sisese temperatuuri m\u00f5\u00f5tmiseks.<\/strong><\/p>\n<p>Kasvuhoone sisese temperatuuri teadmine on taimede kasvatamise juures v\u00e4ga oluline. Termomeeter peaks olema igas kasvuhoones.<\/p>\n<p><a href=\"https:\/\/www.pinterest.com\/mwlconstruct\/kasvuhoone\/\">Pinterest<\/a><br \/>\n<a href=\"http:\/\/www.vitavia.ee\/\">Vitavia<\/a><\/p>\n","protected":false},"excerpt":{"rendered":"<p>Min-max termomeeter kasvuhoone sisese temperatuuri m\u00f5\u00f5tmiseks. Kasvuhoone sisese temperatuuri teadmine on taimede kasvatamise juures v\u00e4ga oluline. Termomeeter peaks olema igas kasvuhoones. Pinterest Vitavia<\/p>\n","protected":false},"featured_media":3200,"comment_status":"closed","ping_status":"closed","template":"","meta":[],"product_brand":[],"product_cat":[115],"product_tag":[],"class_list":{"0":"post-85","1":"product","2":"type-product","3":"status-publish","4":"has-post-thumbnail","6":"product_cat-kasvuhoone-lisavarustus","7":"infinite-scroll-item","8":"no-featured-image-padding","9":"sales-flash-overlay","10":"woocommerce-text-align-left","11":"woocommerce-image-align-center","12":"do-quantity-buttons","14":"first","15":"instock","16":"shipping-taxable","17":"purchasable","18":"product-type-simple"},"_links":{"self":[{"href":"https:\/\/vitavia.ee\/kasvuhoone\/wp-json\/wp\/v2\/product\/85","targetHints":{"allow":["GET"]}}],"collection":[{"href":"https:\/\/vitavia.ee\/kasvuhoone\/wp-json\/wp\/v2\/product"}],"about":[{"href":"https:\/\/vitavia.ee\/kasvuhoone\/wp-json\/wp\/v2\/types\/product"}],"replies":[{"embeddable":true,"href":"https:\/\/vitavia.ee\/kasvuhoone\/wp-json\/wp\/v2\/comments?post=85"}],"wp:featuredmedia":[{"embeddable":true,"href":"https:\/\/vitavia.ee\/kasvuhoone\/wp-json\/wp\/v2\/media\/3200"}],"wp:attachment":[{"href":"https:\/\/vitavia.ee\/kasvuhoone\/wp-json\/wp\/v2\/media?parent=85"}],"wp:term":[{"taxonomy":"product_brand","embeddable":true,"href":"https:\/\/vitavia.ee\/kasvuhoone\/wp-json\/wp\/v2\/product_brand?post=85"},{"taxonomy":"product_cat","embeddable":true,"href":"https:\/\/vitavia.ee\/kasvuhoone\/wp-json\/wp\/v2\/product_cat?post=85"},{"taxonomy":"product_tag","embeddable":true,"href":"https:\/\/vitavia.ee\/kasvuhoone\/wp-json\/wp\/v2\/product_tag?post=85"}],"curies":[{"name":"wp","href":"https:\/\/api.w.org\/{rel}","templated":true}]}}