{"id":95,"date":"2018-04-02T11:41:47","date_gmt":"2018-04-02T11:41:47","guid":{"rendered":"https:\/\/haldus.net.ee\/proov\/toode\/ventiil-vee-koguse-reguleerimiseks\/"},"modified":"2020-02-27T13:18:24","modified_gmt":"2020-02-27T13:18:24","slug":"ventiil-vee-koguse-reguleerimiseks","status":"publish","type":"product","link":"https:\/\/vitavia.ee\/kasvuhoone\/toode\/ventiil-vee-koguse-reguleerimiseks\/","title":{"rendered":"Ventiil vee koguse reguleerimiseks"},"content":{"rendered":"<p>Ventiil veekoguse reguleerimiseks kastmisspsteemi ja veev\u00f5rgu vahele.<br \/>\nVentiil v\u00f5imaldab reguleerida vee kogust veev\u00f5rgust kastmiss\u00fcsteemini. V\u00f5imalik kastmist reguleerida 10 kuni 100 liitrit vett \u00f6\u00f6p\u00e4evas.<\/p>\n","protected":false},"excerpt":{"rendered":"<p>Ventiil veekoguse reguleerimiseks kastmisspsteemi ja veev\u00f5rgu vahele. Ventiil v\u00f5imaldab reguleerida vee kogust veev\u00f5rgust kastmiss\u00fcsteemini. V\u00f5imalik kastmist reguleerida 10 kuni 100 liitrit vett \u00f6\u00f6p\u00e4evas.<\/p>\n","protected":false},"featured_media":3976,"comment_status":"closed","ping_status":"closed","template":"","meta":[],"product_brand":[],"product_cat":[115],"product_tag":[],"class_list":{"0":"post-95","1":"product","2":"type-product","3":"status-publish","4":"has-post-thumbnail","6":"product_cat-kasvuhoone-lisavarustus","7":"infinite-scroll-item","8":"no-featured-image-padding","9":"sales-flash-overlay","10":"woocommerce-text-align-left","11":"woocommerce-image-align-center","12":"do-quantity-buttons","14":"first","15":"instock","16":"sale","17":"shipping-taxable","18":"purchasable","19":"product-type-simple"},"_links":{"self":[{"href":"https:\/\/vitavia.ee\/kasvuhoone\/wp-json\/wp\/v2\/product\/95","targetHints":{"allow":["GET"]}}],"collection":[{"href":"https:\/\/vitavia.ee\/kasvuhoone\/wp-json\/wp\/v2\/product"}],"about":[{"href":"https:\/\/vitavia.ee\/kasvuhoone\/wp-json\/wp\/v2\/types\/product"}],"replies":[{"embeddable":true,"href":"https:\/\/vitavia.ee\/kasvuhoone\/wp-json\/wp\/v2\/comments?post=95"}],"wp:featuredmedia":[{"embeddable":true,"href":"https:\/\/vitavia.ee\/kasvuhoone\/wp-json\/wp\/v2\/media\/3976"}],"wp:attachment":[{"href":"https:\/\/vitavia.ee\/kasvuhoone\/wp-json\/wp\/v2\/media?parent=95"}],"wp:term":[{"taxonomy":"product_brand","embeddable":true,"href":"https:\/\/vitavia.ee\/kasvuhoone\/wp-json\/wp\/v2\/product_brand?post=95"},{"taxonomy":"product_cat","embeddable":true,"href":"https:\/\/vitavia.ee\/kasvuhoone\/wp-json\/wp\/v2\/product_cat?post=95"},{"taxonomy":"product_tag","embeddable":true,"href":"https:\/\/vitavia.ee\/kasvuhoone\/wp-json\/wp\/v2\/product_tag?post=95"}],"curies":[{"name":"wp","href":"https:\/\/api.w.org\/{rel}","templated":true}]}}