{"id":99,"date":"2018-12-28T17:26:38","date_gmt":"2018-12-28T17:26:38","guid":{"rendered":"https:\/\/haldus.net.ee\/proov\/toode\/kasvuhoone-varjutuskardin\/"},"modified":"2021-12-07T20:56:46","modified_gmt":"2021-12-07T17:56:46","slug":"kasvuhoone-varjutuskardin","status":"publish","type":"product","link":"https:\/\/vitavia.ee\/kasvuhoone\/toode\/kasvuhoone-varjutuskardin\/","title":{"rendered":"Kasvuhoone varjutuskardin"},"content":{"rendered":"<h4><strong>Varjutuskardin taimede kaitseks kasvuhoone katusele v\u00f5i k\u00fclgedele.<\/strong><\/h4>\n<p>Varjutuskardin kaitseb kasvuhoone taimi \u00fcliaktiivse p\u00e4ikese eest.<br \/>\nVarjutuskardin on suurusega 1830 mm x 2590 mm.<\/p>\n<p>Varjutuskardina komplekti kuulub valge kangas, riputusn\u00f6\u00f6r ja riputusklambrid.<\/p>\n","protected":false},"excerpt":{"rendered":"<p>Varjutuskardin taimede kaitseks kasvuhoone katusele v\u00f5i k\u00fclgedele. Varjutuskardin kaitseb kasvuhoone taimi \u00fcliaktiivse p\u00e4ikese eest. Varjutuskardin on suurusega 1830 mm x 2590 mm. Varjutuskardina komplekti kuulub valge kangas, riputusn\u00f6\u00f6r ja riputusklambrid.<\/p>\n","protected":false},"featured_media":3191,"comment_status":"closed","ping_status":"closed","template":"","meta":[],"product_brand":[],"product_cat":[115],"product_tag":[],"class_list":{"0":"post-99","1":"product","2":"type-product","3":"status-publish","4":"has-post-thumbnail","6":"product_cat-kasvuhoone-lisavarustus","7":"infinite-scroll-item","8":"no-featured-image-padding","9":"sales-flash-overlay","10":"woocommerce-text-align-left","11":"woocommerce-image-align-center","12":"do-quantity-buttons","14":"first","15":"instock","16":"shipping-taxable","17":"purchasable","18":"product-type-simple"},"_links":{"self":[{"href":"https:\/\/vitavia.ee\/kasvuhoone\/wp-json\/wp\/v2\/product\/99","targetHints":{"allow":["GET"]}}],"collection":[{"href":"https:\/\/vitavia.ee\/kasvuhoone\/wp-json\/wp\/v2\/product"}],"about":[{"href":"https:\/\/vitavia.ee\/kasvuhoone\/wp-json\/wp\/v2\/types\/product"}],"replies":[{"embeddable":true,"href":"https:\/\/vitavia.ee\/kasvuhoone\/wp-json\/wp\/v2\/comments?post=99"}],"wp:featuredmedia":[{"embeddable":true,"href":"https:\/\/vitavia.ee\/kasvuhoone\/wp-json\/wp\/v2\/media\/3191"}],"wp:attachment":[{"href":"https:\/\/vitavia.ee\/kasvuhoone\/wp-json\/wp\/v2\/media?parent=99"}],"wp:term":[{"taxonomy":"product_brand","embeddable":true,"href":"https:\/\/vitavia.ee\/kasvuhoone\/wp-json\/wp\/v2\/product_brand?post=99"},{"taxonomy":"product_cat","embeddable":true,"href":"https:\/\/vitavia.ee\/kasvuhoone\/wp-json\/wp\/v2\/product_cat?post=99"},{"taxonomy":"product_tag","embeddable":true,"href":"https:\/\/vitavia.ee\/kasvuhoone\/wp-json\/wp\/v2\/product_tag?post=99"}],"curies":[{"name":"wp","href":"https:\/\/api.w.org\/{rel}","templated":true}]}}