{"id":10432,"date":"2020-09-07T05:20:26","date_gmt":"2020-09-07T02:20:26","guid":{"rendered":"https:\/\/vitavia.ee\/test\/?page_id=10432"},"modified":"2023-11-01T18:39:51","modified_gmt":"2023-11-01T16:39:51","slug":"kasvuhoone-paigalduse-paringu-vorm","status":"publish","type":"page","link":"https:\/\/vitavia.ee\/test\/kasvuhoone-paigalduse-paringu-vorm\/","title":{"rendered":"Kasvuhoone paigalduse p\u00e4ringu vorm"},"content":{"rendered":"<div class=\"et_d4_element et_pb_section et_pb_section_0  et_pb_css_mix_blend_mode et_section_regular et_block_section\" >\n\t\t\t\t\n\t\t\t\t\n\t\t\t\t\n\t\t\t\t\n\t\t\t\t\n\t\t\t\t\n\t\t\t\t<div class=\"et_d4_element et_pb_row et_pb_row_0  et_pb_css_mix_blend_mode et_block_row\">\n\t\t\t\t<div class=\"et_d4_element et_pb_column_4_4 et_pb_column et_pb_column_0  et_pb_css_mix_blend_mode et-last-child et_block_column\">\n\t\t\t\t\n\t\t\t\t\n\t\t\t\t\n\t\t\t\t\n\t\t\t\t<div class=\"et_pb_with_border et_pb_module et_d4_element et_pb_text et_pb_text_0  et_pb_text_align_left et_pb_bg_layout_light\">\n\t\t\t\t\n\t\t\t\t\n\t\t\t\t\n\t\t\t\t\n\t\t\t\t<div class=\"et_pb_text_inner\"><h1><\/h1><\/div>\n\t\t\t<\/div>\n\t\t\t<\/div>\n\t\t\t\t\n\t\t\t\t\n\t\t\t\t\n\t\t\t\t\n\t\t\t<\/div><div class=\"et_d4_element et_pb_row et_pb_row_1  et_pb_css_mix_blend_mode et_block_row\">\n\t\t\t\t<div class=\"et_d4_element et_pb_column_3_4 et_pb_column et_pb_column_1  et_pb_css_mix_blend_mode et_block_column\">\n\t\t\t\t\n\t\t\t\t\n\t\t\t\t\n\t\t\t\t\n\t\t\t\t\n\t\t\t<div id=\"et_pb_contact_form_0\" class=\"et_pb_module et_d4_element et_pb_contact_form_0 et_pb_contact_form_container clearfix et_block_module\" data-form_unique_num=\"0\" data-form_unique_id=\"0071d295-07f6-45df-8386-d796f32829c5\">\n\t\t\t\t\n\t\t\t\t\n\t\t\t\t\n\t\t\t\t\n\t\t\t\t\n\t\t\t\t<div class=\"et-pb-contact-message\"><\/div>\n\t\t\t\t\n\t\t\t\t<div class=\"et_pb_contact\">\n\t\t\t\t\t<form class=\"et_pb_contact_form clearfix\" method=\"post\" action=\"https:\/\/vitavia.ee\/test\/wp-json\/wp\/v2\/pages\/10432\">\n\t\t\t\t\t\t<p class=\"et_d4_element et_pb_contact_field et_pb_contact_field_0 et_pb_contact_field_last\" data-id=\"mudel\" data-type=\"input\">\n\t\t\t\t\n\t\t\t\t\n\t\t\t\t\n\t\t\t\t\n\t\t\t\t<label for=\"et_pb_contact_mudel_0\" class=\"et_pb_contact_form_label\">Kasvuhoone Mudel *<\/label>\n\t\t\t\t<input type=\"text\" id=\"et_pb_contact_mudel_0\" class=\"input\" value=\"\" name=\"et_pb_contact_mudel_0\" data-required_mark=\"required\" data-field_type=\"input\" data-original_id=\"mudel\" placeholder=\"Kasvuhoone Mudel *\">\n\t\t\t<\/p><p class=\"et_d4_element et_pb_contact_field et_pb_contact_field_1 et_pb_contact_field_half\" data-id=\"name\" data-type=\"input\">\n\t\t\t\t\n\t\t\t\t\n\t\t\t\t\n\t\t\t\t\n\t\t\t\t<label for=\"et_pb_contact_name_0\" class=\"et_pb_contact_form_label\">Nimi *<\/label>\n\t\t\t\t<input type=\"text\" id=\"et_pb_contact_name_0\" class=\"input\" value=\"\" name=\"et_pb_contact_name_0\" data-required_mark=\"required\" data-field_type=\"input\" data-original_id=\"name\" placeholder=\"Nimi *\">\n\t\t\t<\/p><p class=\"et_d4_element et_pb_contact_field et_pb_contact_field_2 et_pb_contact_field_half et_pb_contact_field_last\" data-id=\"email\" data-type=\"email\">\n\t\t\t\t\n\t\t\t\t\n\t\t\t\t\n\t\t\t\t\n\t\t\t\t<label for=\"et_pb_contact_email_0\" class=\"et_pb_contact_form_label\">Emaili Aadress *<\/label>\n\t\t\t\t<input type=\"text\" id=\"et_pb_contact_email_0\" class=\"input\" value=\"\" name=\"et_pb_contact_email_0\" data-required_mark=\"required\" data-field_type=\"email\" data-original_id=\"email\" placeholder=\"Emaili Aadress *\">\n\t\t\t<\/p><p class=\"et_d4_element et_pb_contact_field et_pb_contact_field_3 et_pb_contact_field_half\" data-id=\"tel\" data-type=\"input\">\n\t\t\t\t\n\t\t\t\t\n\t\t\t\t\n\t\t\t\t\n\t\t\t\t<label for=\"et_pb_contact_tel_0\" class=\"et_pb_contact_form_label\">Tellija tel. nr. *<\/label>\n\t\t\t\t<input type=\"text\" id=\"et_pb_contact_tel_0\" class=\"input\" value=\"\" name=\"et_pb_contact_tel_0\" data-required_mark=\"required\" data-field_type=\"input\" data-original_id=\"tel\" placeholder=\"Tellija tel. nr. *\" pattern=\"[0-9\\s\\-]*\" title=\"Only numbers allowed.\">\n\t\t\t<\/p><p class=\"et_d4_element et_pb_contact_field et_pb_contact_field_4 et_pb_contact_field_half et_pb_contact_field_last\" data-id=\"indeks\" data-type=\"input\">\n\t\t\t\t\n\t\t\t\t\n\t\t\t\t\n\t\t\t\t\n\t\t\t\t<label for=\"et_pb_contact_indeks_0\" class=\"et_pb_contact_form_label\">Postiindeks *<\/label>\n\t\t\t\t<input type=\"text\" id=\"et_pb_contact_indeks_0\" class=\"input\" value=\"\" name=\"et_pb_contact_indeks_0\" data-required_mark=\"required\" data-field_type=\"input\" data-original_id=\"indeks\" placeholder=\"Postiindeks *\">\n\t\t\t<\/p><p class=\"et_d4_element et_pb_contact_field et_pb_contact_field_5 et_pb_contact_field_half\" data-id=\"maakond\" data-type=\"input\">\n\t\t\t\t\n\t\t\t\t\n\t\t\t\t\n\t\t\t\t\n\t\t\t\t<label for=\"et_pb_contact_maakond_0\" class=\"et_pb_contact_form_label\">Maakond *<\/label>\n\t\t\t\t<input type=\"text\" id=\"et_pb_contact_maakond_0\" class=\"input\" value=\"\" name=\"et_pb_contact_maakond_0\" data-required_mark=\"required\" data-field_type=\"input\" data-original_id=\"maakond\" placeholder=\"Maakond *\">\n\t\t\t<\/p><p class=\"et_d4_element et_pb_contact_field et_pb_contact_field_6 et_pb_contact_field_half et_pb_contact_field_last\" data-id=\"linn\" data-type=\"input\">\n\t\t\t\t\n\t\t\t\t\n\t\t\t\t\n\t\t\t\t\n\t\t\t\t<label for=\"et_pb_contact_linn_0\" class=\"et_pb_contact_form_label\">Linn \/ Asula *<\/label>\n\t\t\t\t<input type=\"text\" id=\"et_pb_contact_linn_0\" class=\"input\" value=\"\" name=\"et_pb_contact_linn_0\" data-required_mark=\"required\" data-field_type=\"input\" data-original_id=\"linn\" placeholder=\"Linn \/ Asula *\">\n\t\t\t<\/p><p class=\"et_d4_element et_pb_contact_field et_pb_contact_field_7 et_pb_contact_field_last\" data-id=\"aadress\" data-type=\"input\">\n\t\t\t\t\n\t\t\t\t\n\t\t\t\t\n\t\t\t\t\n\t\t\t\t<label for=\"et_pb_contact_aadress_0\" class=\"et_pb_contact_form_label\">Aadress *<\/label>\n\t\t\t\t<input type=\"text\" id=\"et_pb_contact_aadress_0\" class=\"input\" value=\"\" name=\"et_pb_contact_aadress_0\" data-required_mark=\"required\" data-field_type=\"input\" data-original_id=\"aadress\" placeholder=\"Aadress *\">\n\t\t\t<\/p><p class=\"et_d4_element et_pb_contact_field et_pb_contact_field_8 et_pb_contact_field_last\" data-id=\"message\" data-type=\"text\">\n\t\t\t\t\n\t\t\t\t\n\t\t\t\t\n\t\t\t\t\n\t\t\t\t<label for=\"et_pb_contact_message_0\" class=\"et_pb_contact_form_label\">S\u00f5num<\/label>\n\t\t\t\t<textarea name=\"et_pb_contact_message_0\" id=\"et_pb_contact_message_0\" class=\"et_pb_contact_message input\" data-required_mark=\"required\" data-field_type=\"text\" data-original_id=\"message\" placeholder=\"S\u00f5num\"><\/textarea>\n\t\t\t<\/p>\n\t\t\t\t\t\t<input type=\"hidden\" value=\"et_contact_proccess\" name=\"et_pb_contactform_submit_0\"\/>\n\t\t\t\t\t\t<div class=\"et_contact_bottom_container\">\n\t\t\t\t\t\t\t\n\t\t\t<div class=\"et_pb_contact_right et_pb_contact_field\">\n\t\t\t\t<p class=\"clearfix\">\n\t\t\t\t\t<span class=\"et_pb_contact_captcha_question\">14 + 15<\/span> = <input type=\"text\" size=\"2\" class=\"input et_pb_contact_captcha\" data-first_digit=\"14\" data-second_digit=\"15\" value=\"\" name=\"et_pb_contact_captcha_0\" data-required_mark=\"required\" autocomplete=\"off\">\n\t\t\t\t<\/p>\n\t\t\t<\/div>\n\t\t\t\t\t\t\t<button type=\"submit\" name=\"et_builder_submit_button\" class=\"et_pb_contact_submit et_pb_button\">Saada paigalduse tellimus<\/button>\n\t\t\t\t\t\t<\/div>\n\t\t\t\t\t\t<input type=\"hidden\" id=\"_wpnonce-et-pb-contact-form-submitted-0\" name=\"_wpnonce-et-pb-contact-form-submitted-0\" value=\"e77a740a53\" \/><input type=\"hidden\" name=\"_wp_http_referer\" value=\"\/test\/wp-json\/wp\/v2\/pages\/10432\" \/>\n\t\t\t\t\t<\/form>\n\t\t\t\t<\/div>\n\t\t\t<\/div>\n\t\t\t<ul class=\"et_pb_module et_d4_element et_pb_social_media_follow et_pb_social_media_follow_0 clearfix  et_pb_bg_layout_light\">\n\t\t\t\t\n\t\t\t\t\n\t\t\t\t\n\t\t\t\t\n\t\t\t\t<li\n            class='et_d4_element et_pb_social_media_follow_network_0 et_pb_social_icon et_pb_social_network_link  et-social-facebook'><a\n              href='https:\/\/www.facebook.com\/Kasvuhoone\/'\n              class='icon et_pb_with_border'\n              title='Follow on Facebook'\n               target=\"_blank\"><span\n                class='et_pb_social_media_follow_network_name'\n                aria-hidden='true'\n                >Follow<\/span><\/a><\/li><li\n            class='et_d4_element et_pb_social_media_follow_network_1 et_pb_social_icon et_pb_social_network_link  et-social-twitter'><a\n              href='#'\n              class='icon et_pb_with_border'\n              title='Follow on X'\n               target=\"_blank\"><span\n                class='et_pb_social_media_follow_network_name'\n                aria-hidden='true'\n                >Follow<\/span><\/a><\/li>\n\t\t\t<\/ul>\n\t\t\t<\/div><div class=\"et_d4_element et_pb_column_1_4 et_pb_column et_pb_column_2  et_pb_css_mix_blend_mode et-last-child et_block_column\">\n\t\t\t\t\n\t\t\t\t\n\t\t\t\t\n\t\t\t\t\n\t\t\t\t<div class=\"et_pb_module et_d4_element et_pb_blog_0  et_pb_css_mix_blend_mode et_pb_blog_grid_wrapper et_pb_bg_layout_light\">\n\t\t\t\t\t<div class=\"et_pb_blog_grid clearfix \">\n\t\t\t\t\t\n\t\t\t\t\t\n\t\t\t\t\t\n\t\t\t\t\t\n\t\t\t\t\t<div class=\"et_pb_ajax_pagination_container\">\n\t\t\t\t\t\t<div class=\"et_pb_salvattore_content\" data-columns>\n\t\t\t<article id=\"post-238990\" class=\"et_pb_post clearfix et_pb_blog_item_0_0 post-238990 post type-post status-publish format-standard has-post-thumbnail hentry category-avaleht category-blogi category-kuldsed-kasvuhooned\">\n\n\t\t\t\t<div class=\"et_pb_image_container\"><a href=\"https:\/\/vitavia.ee\/test\/2023\/01\/16\/tuulise-rodu-monus-pelgupaik\/\" class=\"entry-featured-image-url\"><img loading=\"lazy\" decoding=\"async\" src=\"https:\/\/vitavia.ee\/test\/wp-content\/uploads\/2023\/01\/Rodukasvuhoone-Piccolo-400x250.jpg\" alt=\"Tuulise r\u00f5du m\u00f5nus pelgupaik!\" class=\"\" srcset=\"https:\/\/vitavia.ee\/test\/wp-content\/uploads\/2023\/01\/Rodukasvuhoone-Piccolo-scaled.jpg 479w, https:\/\/vitavia.ee\/test\/wp-content\/uploads\/2023\/01\/Rodukasvuhoone-Piccolo-400x250.jpg 480w \" sizes=\"(max-width:479px) 479px, 100vw \"  width=\"400\" height=\"250\" \/><\/a><\/div>\n\t\t\t\t\t\t\t\t\t\t\t\t\t\t<h2 class=\"entry-title\">\n\t\t\t\t\t\t\t\t\t\t\t\t\t<a href=\"https:\/\/vitavia.ee\/test\/2023\/01\/16\/tuulise-rodu-monus-pelgupaik\/\">Tuulise r\u00f5du m\u00f5nus pelgupaik!<\/a>\n\t\t\t\t\t\t\t\t\t\t\t<\/h2>\n\t\t\t\t\n\t\t\t\t\t<div class=\"post-content\"><div class=\"post-content-inner\"><p>J\u00e4rjekordne positiivne tagasiside \u00fchelt rahulolevalt kasvuhoone omanikult.<\/p>\n<\/div><\/div>\t\t\t\n\t\t\t<\/article>\n\t\t\t\t<\/div>\n\t\t\t\t\t<\/div>\n\t\t\t\t\t<\/div> \n\t\t\t\t<\/div>\n\t\t\t<\/div>\n\t\t\t\t\n\t\t\t\t\n\t\t\t\t\n\t\t\t\t\n\t\t\t<\/div><div class=\"et_d4_element et_pb_row et_pb_row_2  et_pb_css_mix_blend_mode et_block_row\">\n\t\t\t\t<div class=\"et_d4_element et_pb_column_1_3 et_pb_column et_pb_column_3  et_pb_css_mix_blend_mode et_block_column\">\n\t\t\t\t\n\t\t\t\t\n\t\t\t\t\n\t\t\t\t\n\t\t\t\t<div class=\"et_pb_module et_d4_element et_pb_blog_1  et_pb_css_mix_blend_mode et_pb_blog_grid_wrapper et_pb_bg_layout_light\">\n\t\t\t\t\t<div class=\"et_pb_blog_grid clearfix \">\n\t\t\t\t\t\n\t\t\t\t\t\n\t\t\t\t\t\n\t\t\t\t\t\n\t\t\t\t\t<div class=\"et_pb_ajax_pagination_container\">\n\t\t\t\t\t\t<div class=\"et_pb_salvattore_content\" data-columns>\n\t\t\t<article id=\"post-10623\" class=\"et_pb_post clearfix et_pb_blog_item_1_0 post-10623 post type-post status-publish format-standard has-post-thumbnail hentry category-kuldsed-kasvuhooned\">\n\n\t\t\t\t<div class=\"et_pb_image_container\"><a href=\"https:\/\/vitavia.ee\/test\/2020\/10\/04\/minu-aia-esimene-kasvuhoone\/\" class=\"entry-featured-image-url\"><img loading=\"lazy\" decoding=\"async\" src=\"https:\/\/vitavia.ee\/test\/wp-content\/uploads\/2020\/10\/Seinakasvuhoone-Ida-3300-400x250.jpg\" alt=\"Minu aia esimene kasvuhoone\" class=\"\" srcset=\"https:\/\/vitavia.ee\/test\/wp-content\/uploads\/2020\/10\/Seinakasvuhoone-Ida-3300-scaled.jpg 479w, https:\/\/vitavia.ee\/test\/wp-content\/uploads\/2020\/10\/Seinakasvuhoone-Ida-3300-400x250.jpg 480w \" sizes=\"(max-width:479px) 479px, 100vw \"  width=\"400\" height=\"250\" \/><\/a><\/div>\n\t\t\t\t\t\t\t\t\t\t\t\t\t\t<h2 class=\"entry-title\">\n\t\t\t\t\t\t\t\t\t\t\t\t\t<a href=\"https:\/\/vitavia.ee\/test\/2020\/10\/04\/minu-aia-esimene-kasvuhoone\/\">Minu aia esimene kasvuhoone<\/a>\n\t\t\t\t\t\t\t\t\t\t\t<\/h2>\n\t\t\t\t\n\t\t\t\t\t<div class=\"post-content\"><div class=\"post-content-inner\"><p>Iseenesest ei ole vahet kuna kasvuhoone osta. S\u00fcgisel ei ole ehk m\u00f5tet kasvuhoonet veel \u00fcles panna ning tuleks kuskil hoiustada. K\u00fcll aga on hea s\u00fcgisel valada vundament, siis j\u00f5uab see enne kevadet veel paika vajuda. Ja kevadel saab aga kohe  kasvuhoone \u00fcles panna.<\/p>\n<\/div><\/div>\t\t\t\n\t\t\t<\/article>\n\t\t\t\t<\/div>\n\t\t\t\t\t<\/div>\n\t\t\t\t\t<\/div> \n\t\t\t\t<\/div>\n\t\t\t<\/div><div class=\"et_d4_element et_pb_column_1_3 et_pb_column et_pb_column_4  et_pb_css_mix_blend_mode et_block_column\">\n\t\t\t\t\n\t\t\t\t\n\t\t\t\t\n\t\t\t\t\n\t\t\t\t<div class=\"et_pb_module et_d4_element et_pb_blog_2  et_pb_css_mix_blend_mode et_pb_blog_grid_wrapper et_pb_bg_layout_light\">\n\t\t\t\t\t<div class=\"et_pb_blog_grid clearfix \">\n\t\t\t\t\t\n\t\t\t\t\t\n\t\t\t\t\t\n\t\t\t\t\t\n\t\t\t\t\t<div class=\"et_pb_ajax_pagination_container\">\n\t\t\t\t\t\t<div class=\"et_pb_salvattore_content\" data-columns>\n\t\t\t<article id=\"post-9199\" class=\"et_pb_post clearfix et_pb_blog_item_2_0 post-9199 post type-post status-publish format-standard has-post-thumbnail hentry category-jaga-oma-kasvuhoone-lugu tag-kasvuhoone tag-kasvuhooned tag-vitavia\">\n\n\t\t\t\t<div class=\"et_pb_image_container\"><a href=\"https:\/\/vitavia.ee\/test\/2020\/08\/06\/jaga-oma-kasvuhoone-lugu\/\" class=\"entry-featured-image-url\"><img loading=\"lazy\" decoding=\"async\" src=\"https:\/\/vitavia.ee\/test\/wp-content\/uploads\/2020\/08\/Kasvuhoone-Vitavia-Saturn-6-400x250.jpg\" alt=\"Jaga oma kasvuhoone lugu\" class=\"\" srcset=\"https:\/\/vitavia.ee\/test\/wp-content\/uploads\/2020\/08\/Kasvuhoone-Vitavia-Saturn-6.jpg 479w, https:\/\/vitavia.ee\/test\/wp-content\/uploads\/2020\/08\/Kasvuhoone-Vitavia-Saturn-6-400x250.jpg 480w \" sizes=\"(max-width:479px) 479px, 100vw \"  width=\"400\" height=\"250\" \/><\/a><\/div>\n\t\t\t\t\t\t\t\t\t\t\t\t\t\t<h2 class=\"entry-title\">\n\t\t\t\t\t\t\t\t\t\t\t\t\t<a href=\"https:\/\/vitavia.ee\/test\/2020\/08\/06\/jaga-oma-kasvuhoone-lugu\/\">Jaga oma kasvuhoone lugu<\/a>\n\t\t\t\t\t\t\t\t\t\t\t<\/h2>\n\t\t\t\t\n\t\t\t\t\t<div class=\"post-content\"><div class=\"post-content-inner\"><p>ja saa kingituseks kastmiss\u00fcsteemiga<wbr> <a href=\"https:\/\/vitavia.ee\/test\/kasvuhoone\/toode\/kastmissusteemiga-lillepott-basic-s\/\">\u201cNUTI\u201d taimepott<\/a><\/p>\n<\/div><\/div>\t\t\t\n\t\t\t<\/article>\n\t\t\t\t<\/div>\n\t\t\t\t\t<\/div>\n\t\t\t\t\t<\/div> \n\t\t\t\t<\/div>\n\t\t\t<\/div><div class=\"et_d4_element et_pb_column_1_3 et_pb_column et_pb_column_5  et_pb_css_mix_blend_mode et-last-child et_block_column\">\n\t\t\t\t\n\t\t\t\t\n\t\t\t\t\n\t\t\t\t\n\t\t\t\t<div class=\"et_pb_module et_d4_element et_pb_blog_3  et_pb_css_mix_blend_mode et_pb_blog_grid_wrapper et_pb_bg_layout_light\">\n\t\t\t\t\t<div class=\"et_pb_blog_grid clearfix \">\n\t\t\t\t\t\n\t\t\t\t\t\n\t\t\t\t\t\n\t\t\t\t\t\n\t\t\t\t\t<div class=\"et_pb_ajax_pagination_container\">\n\t\t\t\t\t\t<div class=\"et_pb_salvattore_content\" data-columns>\n\t\t\t<article id=\"post-10644\" class=\"et_pb_post clearfix et_pb_blog_item_3_0 post-10644 post type-post status-publish format-standard has-post-thumbnail hentry category-toiduretsepdid tag-eelroog tag-grillvorst tag-hommikusook tag-pasta tag-peperoncino tag-tsilli tag-tsillikreem tag-tsillipasta\">\n\n\t\t\t\t<div class=\"et_pb_image_container\"><a href=\"https:\/\/vitavia.ee\/test\/2020\/10\/29\/calabria-tsillikreem\/\" class=\"entry-featured-image-url\"><img loading=\"lazy\" decoding=\"async\" src=\"https:\/\/vitavia.ee\/test\/wp-content\/uploads\/2020\/10\/calabria_tsillikreem_1-400x250.jpg\" alt=\"Calabria t\u0161illikreem\" class=\"\" srcset=\"https:\/\/vitavia.ee\/test\/wp-content\/uploads\/2020\/10\/calabria_tsillikreem_1.jpg 479w, https:\/\/vitavia.ee\/test\/wp-content\/uploads\/2020\/10\/calabria_tsillikreem_1-400x250.jpg 480w \" sizes=\"(max-width:479px) 479px, 100vw \"  width=\"400\" height=\"250\" \/><\/a><\/div>\n\t\t\t\t\t\t\t\t\t\t\t\t\t\t<h2 class=\"entry-title\">\n\t\t\t\t\t\t\t\t\t\t\t\t\t<a href=\"https:\/\/vitavia.ee\/test\/2020\/10\/29\/calabria-tsillikreem\/\">Calabria t\u0161illikreem<\/a>\n\t\t\t\t\t\t\t\t\t\t\t<\/h2>\n\t\t\t\t\n\t\t\t\t\t<div class=\"post-content\"><div class=\"post-content-inner\"><p>T\u0161illipipra s\u00f6\u00f6mine on tervisele kasulik ja pikendab eluiga, sest see v\u00e4hendab s\u00fcdameataki ja insuldi p\u00f5hjustatud...<\/p>\n<\/div><\/div>\t\t\t\n\t\t\t<\/article>\n\t\t\t\t<\/div>\n\t\t\t\t\t<\/div>\n\t\t\t\t\t<\/div> \n\t\t\t\t<\/div>\n\t\t\t<\/div>\n\t\t\t\t\n\t\t\t\t\n\t\t\t\t\n\t\t\t\t\n\t\t\t<\/div>\n\t\t\t\t\n\t\t\t\t\n\t\t\t<\/div>\n","protected":false},"excerpt":{"rendered":"","protected":false},"author":1,"featured_media":0,"parent":0,"menu_order":0,"comment_status":"closed","ping_status":"closed","template":"","meta":{"inline_featured_image":false,"_et_pb_use_builder":"on","_et_pb_old_content":"","_et_gb_content_width":"","footnotes":""},"class_list":["post-10432","page","type-page","status-publish","hentry"],"yoast_head":"<!-- This site is optimized with the Yoast SEO plugin v26.7 - https:\/\/yoast.com\/wordpress\/plugins\/seo\/ -->\n<title>Kasvuhoone paigalduse p\u00e4ringu vorm - Vitavia<\/title>\n<meta name=\"description\" content=\"Vitavia kasvuhoone transpordi p\u00e4ringu vorm kauba kohaletoimetamiseks. Kirjuta toote nimi, vastuv\u00f5tja telefoni nr, aadress ja kui vaja siis ka seletus.\" \/>\n<meta name=\"robots\" content=\"index, follow, max-snippet:-1, max-image-preview:large, max-video-preview:-1\" \/>\n<link rel=\"canonical\" href=\"https:\/\/vitavia.ee\/test\/kasvuhoone-paigalduse-paringu-vorm\/\" \/>\n<meta property=\"og:locale\" content=\"et_EE\" \/>\n<meta property=\"og:type\" content=\"article\" \/>\n<meta property=\"og:title\" content=\"Kasvuhoone paigalduse p\u00e4ringu vorm - Vitavia\" \/>\n<meta property=\"og:description\" content=\"Vitavia kasvuhoone transpordi p\u00e4ringu vorm kauba kohaletoimetamiseks. Kirjuta toote nimi, vastuv\u00f5tja telefoni nr, aadress ja kui vaja siis ka seletus.\" \/>\n<meta property=\"og:url\" content=\"https:\/\/vitavia.ee\/test\/kasvuhoone-paigalduse-paringu-vorm\/\" \/>\n<meta property=\"og:site_name\" content=\"Vitavia\" \/>\n<meta property=\"article:publisher\" content=\"https:\/\/www.facebook.com\/Kasvuhoone\/\" \/>\n<meta property=\"article:modified_time\" content=\"2023-11-01T16:39:51+00:00\" \/>\n<meta name=\"twitter:card\" content=\"summary_large_image\" \/>\n<meta name=\"twitter:label1\" content=\"Est. reading time\" \/>\n\t<meta name=\"twitter:data1\" content=\"10 minutit\" \/>\n<script type=\"application\/ld+json\" class=\"yoast-schema-graph\">{\"@context\":\"https:\/\/schema.org\",\"@graph\":[{\"@type\":\"WebPage\",\"@id\":\"https:\/\/vitavia.ee\/test\/kasvuhoone-paigalduse-paringu-vorm\/\",\"url\":\"https:\/\/vitavia.ee\/test\/kasvuhoone-paigalduse-paringu-vorm\/\",\"name\":\"Kasvuhoone paigalduse p\u00e4ringu vorm - Vitavia\",\"isPartOf\":{\"@id\":\"https:\/\/vitavia.ee\/test\/#website\"},\"datePublished\":\"2020-09-07T02:20:26+00:00\",\"dateModified\":\"2023-11-01T16:39:51+00:00\",\"description\":\"Vitavia kasvuhoone transpordi p\u00e4ringu vorm kauba kohaletoimetamiseks. Kirjuta toote nimi, vastuv\u00f5tja telefoni nr, aadress ja kui vaja siis ka seletus.\",\"breadcrumb\":{\"@id\":\"https:\/\/vitavia.ee\/test\/kasvuhoone-paigalduse-paringu-vorm\/#breadcrumb\"},\"inLanguage\":\"et\",\"potentialAction\":[{\"@type\":\"ReadAction\",\"target\":[\"https:\/\/vitavia.ee\/test\/kasvuhoone-paigalduse-paringu-vorm\/\"]}]},{\"@type\":\"BreadcrumbList\",\"@id\":\"https:\/\/vitavia.ee\/test\/kasvuhoone-paigalduse-paringu-vorm\/#breadcrumb\",\"itemListElement\":[{\"@type\":\"ListItem\",\"position\":1,\"name\":\"Home\",\"item\":\"https:\/\/vitavia.ee\/test\/\"},{\"@type\":\"ListItem\",\"position\":2,\"name\":\"Kasvuhoone paigalduse p\u00e4ringu vorm\"}]},{\"@type\":\"WebSite\",\"@id\":\"https:\/\/vitavia.ee\/test\/#website\",\"url\":\"https:\/\/vitavia.ee\/test\/\",\"name\":\"Vitavia\",\"description\":\"Kasvuhooned\",\"potentialAction\":[{\"@type\":\"SearchAction\",\"target\":{\"@type\":\"EntryPoint\",\"urlTemplate\":\"https:\/\/vitavia.ee\/test\/?s={search_term_string}\"},\"query-input\":{\"@type\":\"PropertyValueSpecification\",\"valueRequired\":true,\"valueName\":\"search_term_string\"}}],\"inLanguage\":\"et\"}]}<\/script>\n<!-- \/ Yoast SEO plugin. -->","yoast_head_json":{"title":"Kasvuhoone paigalduse p\u00e4ringu vorm - Vitavia","description":"Vitavia kasvuhoone transpordi p\u00e4ringu vorm kauba kohaletoimetamiseks. Kirjuta toote nimi, vastuv\u00f5tja telefoni nr, aadress ja kui vaja siis ka seletus.","robots":{"index":"index","follow":"follow","max-snippet":"max-snippet:-1","max-image-preview":"max-image-preview:large","max-video-preview":"max-video-preview:-1"},"canonical":"https:\/\/vitavia.ee\/test\/kasvuhoone-paigalduse-paringu-vorm\/","og_locale":"et_EE","og_type":"article","og_title":"Kasvuhoone paigalduse p\u00e4ringu vorm - Vitavia","og_description":"Vitavia kasvuhoone transpordi p\u00e4ringu vorm kauba kohaletoimetamiseks. Kirjuta toote nimi, vastuv\u00f5tja telefoni nr, aadress ja kui vaja siis ka seletus.","og_url":"https:\/\/vitavia.ee\/test\/kasvuhoone-paigalduse-paringu-vorm\/","og_site_name":"Vitavia","article_publisher":"https:\/\/www.facebook.com\/Kasvuhoone\/","article_modified_time":"2023-11-01T16:39:51+00:00","twitter_card":"summary_large_image","twitter_misc":{"Est. reading time":"10 minutit"},"schema":{"@context":"https:\/\/schema.org","@graph":[{"@type":"WebPage","@id":"https:\/\/vitavia.ee\/test\/kasvuhoone-paigalduse-paringu-vorm\/","url":"https:\/\/vitavia.ee\/test\/kasvuhoone-paigalduse-paringu-vorm\/","name":"Kasvuhoone paigalduse p\u00e4ringu vorm - Vitavia","isPartOf":{"@id":"https:\/\/vitavia.ee\/test\/#website"},"datePublished":"2020-09-07T02:20:26+00:00","dateModified":"2023-11-01T16:39:51+00:00","description":"Vitavia kasvuhoone transpordi p\u00e4ringu vorm kauba kohaletoimetamiseks. Kirjuta toote nimi, vastuv\u00f5tja telefoni nr, aadress ja kui vaja siis ka seletus.","breadcrumb":{"@id":"https:\/\/vitavia.ee\/test\/kasvuhoone-paigalduse-paringu-vorm\/#breadcrumb"},"inLanguage":"et","potentialAction":[{"@type":"ReadAction","target":["https:\/\/vitavia.ee\/test\/kasvuhoone-paigalduse-paringu-vorm\/"]}]},{"@type":"BreadcrumbList","@id":"https:\/\/vitavia.ee\/test\/kasvuhoone-paigalduse-paringu-vorm\/#breadcrumb","itemListElement":[{"@type":"ListItem","position":1,"name":"Home","item":"https:\/\/vitavia.ee\/test\/"},{"@type":"ListItem","position":2,"name":"Kasvuhoone paigalduse p\u00e4ringu vorm"}]},{"@type":"WebSite","@id":"https:\/\/vitavia.ee\/test\/#website","url":"https:\/\/vitavia.ee\/test\/","name":"Vitavia","description":"Kasvuhooned","potentialAction":[{"@type":"SearchAction","target":{"@type":"EntryPoint","urlTemplate":"https:\/\/vitavia.ee\/test\/?s={search_term_string}"},"query-input":{"@type":"PropertyValueSpecification","valueRequired":true,"valueName":"search_term_string"}}],"inLanguage":"et"}]}},"_links":{"self":[{"href":"https:\/\/vitavia.ee\/test\/wp-json\/wp\/v2\/pages\/10432","targetHints":{"allow":["GET"]}}],"collection":[{"href":"https:\/\/vitavia.ee\/test\/wp-json\/wp\/v2\/pages"}],"about":[{"href":"https:\/\/vitavia.ee\/test\/wp-json\/wp\/v2\/types\/page"}],"author":[{"embeddable":true,"href":"https:\/\/vitavia.ee\/test\/wp-json\/wp\/v2\/users\/1"}],"replies":[{"embeddable":true,"href":"https:\/\/vitavia.ee\/test\/wp-json\/wp\/v2\/comments?post=10432"}],"version-history":[{"count":8,"href":"https:\/\/vitavia.ee\/test\/wp-json\/wp\/v2\/pages\/10432\/revisions"}],"predecessor-version":[{"id":246164,"href":"https:\/\/vitavia.ee\/test\/wp-json\/wp\/v2\/pages\/10432\/revisions\/246164"}],"wp:attachment":[{"href":"https:\/\/vitavia.ee\/test\/wp-json\/wp\/v2\/media?parent=10432"}],"curies":[{"name":"wp","href":"https:\/\/api.w.org\/{rel}","templated":true}]}}