{"id":238375,"date":"2022-04-15T07:09:13","date_gmt":"2022-04-15T04:09:13","guid":{"rendered":"https:\/\/vitavia.ee\/test\/?post_type=product&#038;p=238375"},"modified":"2025-12-09T20:23:47","modified_gmt":"2025-12-09T18:23:47","slug":"kasvuhoone-vitavia-sirius-klaasid","status":"publish","type":"product","link":"https:\/\/vitavia.ee\/test\/toode\/kasvuhoone-klaasid\/kasvuhoone-vitavia-sirius-klaasid\/","title":{"rendered":"Kasvuhoone Vitavia Sirius klaasid"},"content":{"rendered":"<div class=\"et_pb_section_0 et_pb_section et_section_regular et_block_section\">\n<div class=\"et_pb_row_0 et_pb_row et_pb_gutters3 et_block_row\">\n<div class=\"et_pb_column_0 et_pb_column et_pb_column_4_4 et-last-child et_block_column et_pb_css_mix_blend_mode_passthrough\">\n<div class=\"et_pb_wc_cart_notice_0 et_pb_wc_cart_notice et_pb_fields_layout_default et_pb_module\"><div class=\"et_pb_module_inner\">\n\t<div class=\"woocommerce-message\" role=\"alert\">\n\t\t&ldquo;Product Name&rdquo; has been added to cart.\t<\/div>\n<\/div><\/div>\n<\/div>\n<\/div>\n\n<div class=\"et_pb_row_1 et_pb_row et_pb_gutters3 et_block_row\">\n<div class=\"et_pb_column_1 et_pb_column et_pb_column_1_2 et_block_column et_pb_css_mix_blend_mode_passthrough\">\n<div class=\"et_pb_wc_images_0 et_pb_wc_images et_pb_module\"><div class=\"et_pb_module_inner\"><\/div><\/div>\n<\/div>\n\n<div class=\"et_pb_column_2 et_pb_column et_pb_column_1_2 et-last-child et_block_column et_pb_css_mix_blend_mode_passthrough\">\n<div class=\"et_pb_wc_title_0 et_pb_wc_title et_pb_bg_layout_light et_pb_module\"><div class=\"et_pb_module_inner\">\n\t\t<h1>Kasvuhoone Vitavia Sirius klaasid<\/h1><\/div><\/div>\n\n\n\n<div class=\"et_pb_text_0 et_pb_text et_pb_bg_layout_light et_pb_module et_block_module\"><div class=\"et_pb_text_inner\"><ol>\n<li>Valige jooniselt v\u00e4lja klaasi(de) asukoht, milliseid te soovite, ja m\u00e4rkige \u00e4ra selle asukoha kogus ruudus.<\/li>\n<li>Vajutage &#8220;Vormista tellimus&#8221; tellimus lisati ostukorvi.<\/li>\n<li>Minge ostukorvi ja l\u00f5petage tellimus.<\/li>\n<\/ol>\n<\/div><\/div>\n\n<div class=\"et_pb_text_1 et_pb_text et_pb_bg_layout_light et_pb_module et_block_module\"><div class=\"et_pb_text_inner\"><p><strong>NB!<\/strong> Tasuma kohe ei pea. Vastavalt olukorrale saadame teile arve.<\/p>\n<\/div><\/div>\n\n\n\n\n\n\n<\/div>\n<\/div>\n<\/div>","protected":false},"excerpt":{"rendered":"","protected":false},"featured_media":5985,"template":"","meta":{"inline_featured_image":false},"product_brand":[],"product_cat":[294],"product_tag":[],"class_list":{"0":"post-238375","1":"product","2":"type-product","3":"status-publish","4":"has-post-thumbnail","6":"product_cat-kasvuhoone-klaasid","8":"first","9":"instock","10":"shipping-taxable","11":"purchasable","12":"product-type-simple"},"yoast_head":"<!-- This site is optimized with the Yoast SEO plugin v26.7 - https:\/\/yoast.com\/wordpress\/plugins\/seo\/ -->\n<title>Kasvuhoone Vitavia Sirius klaasid - Vitavia<\/title>\n<meta name=\"robots\" content=\"index, follow, max-snippet:-1, max-image-preview:large, max-video-preview:-1\" \/>\n<link rel=\"canonical\" href=\"https:\/\/vitavia.ee\/test\/toode\/kasvuhoone-klaasid\/kasvuhoone-vitavia-sirius-klaasid\/\" \/>\n<meta property=\"og:locale\" content=\"et_EE\" \/>\n<meta property=\"og:type\" content=\"article\" \/>\n<meta property=\"og:title\" content=\"Kasvuhoone Vitavia Sirius klaasid - Vitavia\" \/>\n<meta property=\"og:url\" content=\"https:\/\/vitavia.ee\/test\/toode\/kasvuhoone-klaasid\/kasvuhoone-vitavia-sirius-klaasid\/\" \/>\n<meta property=\"og:site_name\" content=\"Vitavia\" \/>\n<meta property=\"article:publisher\" content=\"https:\/\/www.facebook.com\/Kasvuhoone\/\" \/>\n<meta property=\"article:modified_time\" content=\"2025-12-09T18:23:47+00:00\" \/>\n<meta property=\"og:image\" content=\"https:\/\/vitavia.ee\/test\/wp-content\/uploads\/2018\/02\/kasvuhoone_sirius_10_1816x1128_low.jpg\" \/>\n\t<meta property=\"og:image:width\" content=\"1816\" \/>\n\t<meta property=\"og:image:height\" content=\"1128\" \/>\n\t<meta property=\"og:image:type\" content=\"image\/jpeg\" \/>\n<meta name=\"twitter:card\" content=\"summary_large_image\" \/>\n<script type=\"application\/ld+json\" class=\"yoast-schema-graph\">{\"@context\":\"https:\/\/schema.org\",\"@graph\":[{\"@type\":\"WebPage\",\"@id\":\"https:\/\/vitavia.ee\/test\/toode\/kasvuhoone-klaasid\/kasvuhoone-vitavia-sirius-klaasid\/\",\"url\":\"https:\/\/vitavia.ee\/test\/toode\/kasvuhoone-klaasid\/kasvuhoone-vitavia-sirius-klaasid\/\",\"name\":\"Kasvuhoone Vitavia Sirius klaasid - Vitavia\",\"isPartOf\":{\"@id\":\"https:\/\/vitavia.ee\/test\/#website\"},\"primaryImageOfPage\":{\"@id\":\"https:\/\/vitavia.ee\/test\/toode\/kasvuhoone-klaasid\/kasvuhoone-vitavia-sirius-klaasid\/#primaryimage\"},\"image\":{\"@id\":\"https:\/\/vitavia.ee\/test\/toode\/kasvuhoone-klaasid\/kasvuhoone-vitavia-sirius-klaasid\/#primaryimage\"},\"thumbnailUrl\":\"https:\/\/vitavia.ee\/test\/wp-content\/uploads\/2018\/02\/kasvuhoone_sirius_10_1816x1128_low.jpg\",\"datePublished\":\"2022-04-15T04:09:13+00:00\",\"dateModified\":\"2025-12-09T18:23:47+00:00\",\"breadcrumb\":{\"@id\":\"https:\/\/vitavia.ee\/test\/toode\/kasvuhoone-klaasid\/kasvuhoone-vitavia-sirius-klaasid\/#breadcrumb\"},\"inLanguage\":\"et\",\"potentialAction\":[{\"@type\":\"ReadAction\",\"target\":[\"https:\/\/vitavia.ee\/test\/toode\/kasvuhoone-klaasid\/kasvuhoone-vitavia-sirius-klaasid\/\"]}]},{\"@type\":\"ImageObject\",\"inLanguage\":\"et\",\"@id\":\"https:\/\/vitavia.ee\/test\/toode\/kasvuhoone-klaasid\/kasvuhoone-vitavia-sirius-klaasid\/#primaryimage\",\"url\":\"https:\/\/vitavia.ee\/test\/wp-content\/uploads\/2018\/02\/kasvuhoone_sirius_10_1816x1128_low.jpg\",\"contentUrl\":\"https:\/\/vitavia.ee\/test\/wp-content\/uploads\/2018\/02\/kasvuhoone_sirius_10_1816x1128_low.jpg\",\"width\":1816,\"height\":1128,\"caption\":\"Kasvuhoone\"},{\"@type\":\"BreadcrumbList\",\"@id\":\"https:\/\/vitavia.ee\/test\/toode\/kasvuhoone-klaasid\/kasvuhoone-vitavia-sirius-klaasid\/#breadcrumb\",\"itemListElement\":[{\"@type\":\"ListItem\",\"position\":1,\"name\":\"Home\",\"item\":\"https:\/\/vitavia.ee\/test\/\"},{\"@type\":\"ListItem\",\"position\":2,\"name\":\"Retseptid\",\"item\":\"https:\/\/vitavia.ee\/test\/retseptid\/\"},{\"@type\":\"ListItem\",\"position\":3,\"name\":\"Kasvuhoone Vitavia Sirius klaasid\"}]},{\"@type\":\"WebSite\",\"@id\":\"https:\/\/vitavia.ee\/test\/#website\",\"url\":\"https:\/\/vitavia.ee\/test\/\",\"name\":\"Vitavia\",\"description\":\"Kasvuhooned\",\"potentialAction\":[{\"@type\":\"SearchAction\",\"target\":{\"@type\":\"EntryPoint\",\"urlTemplate\":\"https:\/\/vitavia.ee\/test\/?s={search_term_string}\"},\"query-input\":{\"@type\":\"PropertyValueSpecification\",\"valueRequired\":true,\"valueName\":\"search_term_string\"}}],\"inLanguage\":\"et\"}]}<\/script>\n<!-- \/ Yoast SEO plugin. -->","yoast_head_json":{"title":"Kasvuhoone Vitavia Sirius klaasid - Vitavia","robots":{"index":"index","follow":"follow","max-snippet":"max-snippet:-1","max-image-preview":"max-image-preview:large","max-video-preview":"max-video-preview:-1"},"canonical":"https:\/\/vitavia.ee\/test\/toode\/kasvuhoone-klaasid\/kasvuhoone-vitavia-sirius-klaasid\/","og_locale":"et_EE","og_type":"article","og_title":"Kasvuhoone Vitavia Sirius klaasid - Vitavia","og_url":"https:\/\/vitavia.ee\/test\/toode\/kasvuhoone-klaasid\/kasvuhoone-vitavia-sirius-klaasid\/","og_site_name":"Vitavia","article_publisher":"https:\/\/www.facebook.com\/Kasvuhoone\/","article_modified_time":"2025-12-09T18:23:47+00:00","og_image":[{"width":1816,"height":1128,"url":"https:\/\/vitavia.ee\/test\/wp-content\/uploads\/2018\/02\/kasvuhoone_sirius_10_1816x1128_low.jpg","type":"image\/jpeg"}],"twitter_card":"summary_large_image","schema":{"@context":"https:\/\/schema.org","@graph":[{"@type":"WebPage","@id":"https:\/\/vitavia.ee\/test\/toode\/kasvuhoone-klaasid\/kasvuhoone-vitavia-sirius-klaasid\/","url":"https:\/\/vitavia.ee\/test\/toode\/kasvuhoone-klaasid\/kasvuhoone-vitavia-sirius-klaasid\/","name":"Kasvuhoone Vitavia Sirius klaasid - Vitavia","isPartOf":{"@id":"https:\/\/vitavia.ee\/test\/#website"},"primaryImageOfPage":{"@id":"https:\/\/vitavia.ee\/test\/toode\/kasvuhoone-klaasid\/kasvuhoone-vitavia-sirius-klaasid\/#primaryimage"},"image":{"@id":"https:\/\/vitavia.ee\/test\/toode\/kasvuhoone-klaasid\/kasvuhoone-vitavia-sirius-klaasid\/#primaryimage"},"thumbnailUrl":"https:\/\/vitavia.ee\/test\/wp-content\/uploads\/2018\/02\/kasvuhoone_sirius_10_1816x1128_low.jpg","datePublished":"2022-04-15T04:09:13+00:00","dateModified":"2025-12-09T18:23:47+00:00","breadcrumb":{"@id":"https:\/\/vitavia.ee\/test\/toode\/kasvuhoone-klaasid\/kasvuhoone-vitavia-sirius-klaasid\/#breadcrumb"},"inLanguage":"et","potentialAction":[{"@type":"ReadAction","target":["https:\/\/vitavia.ee\/test\/toode\/kasvuhoone-klaasid\/kasvuhoone-vitavia-sirius-klaasid\/"]}]},{"@type":"ImageObject","inLanguage":"et","@id":"https:\/\/vitavia.ee\/test\/toode\/kasvuhoone-klaasid\/kasvuhoone-vitavia-sirius-klaasid\/#primaryimage","url":"https:\/\/vitavia.ee\/test\/wp-content\/uploads\/2018\/02\/kasvuhoone_sirius_10_1816x1128_low.jpg","contentUrl":"https:\/\/vitavia.ee\/test\/wp-content\/uploads\/2018\/02\/kasvuhoone_sirius_10_1816x1128_low.jpg","width":1816,"height":1128,"caption":"Kasvuhoone"},{"@type":"BreadcrumbList","@id":"https:\/\/vitavia.ee\/test\/toode\/kasvuhoone-klaasid\/kasvuhoone-vitavia-sirius-klaasid\/#breadcrumb","itemListElement":[{"@type":"ListItem","position":1,"name":"Home","item":"https:\/\/vitavia.ee\/test\/"},{"@type":"ListItem","position":2,"name":"Retseptid","item":"https:\/\/vitavia.ee\/test\/retseptid\/"},{"@type":"ListItem","position":3,"name":"Kasvuhoone Vitavia Sirius klaasid"}]},{"@type":"WebSite","@id":"https:\/\/vitavia.ee\/test\/#website","url":"https:\/\/vitavia.ee\/test\/","name":"Vitavia","description":"Kasvuhooned","potentialAction":[{"@type":"SearchAction","target":{"@type":"EntryPoint","urlTemplate":"https:\/\/vitavia.ee\/test\/?s={search_term_string}"},"query-input":{"@type":"PropertyValueSpecification","valueRequired":true,"valueName":"search_term_string"}}],"inLanguage":"et"}]}},"_links":{"self":[{"href":"https:\/\/vitavia.ee\/test\/wp-json\/wp\/v2\/product\/238375","targetHints":{"allow":["GET"]}}],"collection":[{"href":"https:\/\/vitavia.ee\/test\/wp-json\/wp\/v2\/product"}],"about":[{"href":"https:\/\/vitavia.ee\/test\/wp-json\/wp\/v2\/types\/product"}],"wp:featuredmedia":[{"embeddable":true,"href":"https:\/\/vitavia.ee\/test\/wp-json\/wp\/v2\/media\/5985"}],"wp:attachment":[{"href":"https:\/\/vitavia.ee\/test\/wp-json\/wp\/v2\/media?parent=238375"}],"wp:term":[{"taxonomy":"product_brand","embeddable":true,"href":"https:\/\/vitavia.ee\/test\/wp-json\/wp\/v2\/product_brand?post=238375"},{"taxonomy":"product_cat","embeddable":true,"href":"https:\/\/vitavia.ee\/test\/wp-json\/wp\/v2\/product_cat?post=238375"},{"taxonomy":"product_tag","embeddable":true,"href":"https:\/\/vitavia.ee\/test\/wp-json\/wp\/v2\/product_tag?post=238375"}],"curies":[{"name":"wp","href":"https:\/\/api.w.org\/{rel}","templated":true}]}}